{"id":12538,"date":"2021-07-30T12:38:49","date_gmt":"2021-07-30T10:38:49","guid":{"rendered":"https:\/\/maxolen.ee\/autokeemia\/Ei-luokiteltu\/95-perfect-pearl-autovaha-lakinsuoja-tiivistysaine-kestovaha-suojaava-vaha\/"},"modified":"2024-02-13T14:14:53","modified_gmt":"2024-02-13T12:14:53","slug":"autovaha-lakinsuoja-tiivistysaine-kestovaha-suojaava-vaha-95-perfect-pearl","status":"publish","type":"product","link":"https:\/\/maxolen.ee\/fi\/autokeemia\/poleerimisvahendid-ja-kaitsevahad-fi\/kaitsevahad-fi\/autovaha-lakinsuoja-tiivistysaine-kestovaha-suojaava-vaha-95-perfect-pearl\/","title":{"rendered":"95 Perfect Pearl autovaha lakkasuoja sealant kestovaha suojavaha"},"content":{"rendered":"<p>Autovaha lakkasuoja sealant kestovaha suojavaha antaa lakalle kiilt\u00e4v\u00e4n lasimaisen pinnan. Hermeettinen kerros yhdistyy lujasti lakkapintaan ja sulkee sen huokoset luoden pitk\u00e4kestoisen suojan. Uuden teflon-teknologian (PTFE) sealant kest\u00e4\u00e4 happosadetta ja UV-s\u00e4teily\u00e4, antaa lakalle helmi\u00e4isvaikutelman, suojaa lakkapintaa tiesaasteilta, suolalta ja kuumuudelta. Huipputekninen puhdistava ja kiiltoa antava vaikutus. Erityisen nopea ja helppo k\u00e4sitell\u00e4, lyhyt kuivumisaika. Suojatut pinnat eiv\u00e4t j\u00e4\u00e4 rasvaisen tahmeiksi uudelle lialle. Sis\u00e4lt\u00e4\u00e4 silikonia, peitt\u00e4\u00e4 mikronaarmut. PolishMax- <a href=\"https:\/\/maxolen.ee\/toimetaja\/wp-content\/uploads\/2021\/07\/PolishSystem_PolishMax_PM1-PM5_Maxolen_poleerimissusteem_koigele.png\">kiillotusj\u00e4rjestelm\u00e4ss\u00e4<\/a> (PM4).<\/p>\n<h4 style=\"color: black;\">K\u00e4ytt\u00f6<\/h4>\n<p>Levit\u00e4 autovahasealant lakkapinnalle pehme\u00e4ll\u00e4 vaahtomuovityynyll\u00e4 tai k\u00e4sin orbitaalisella tai eksentrisell\u00e4 kiillotuskoneella. Lyhyen kuivumisajan j\u00e4lkeen poista sealantin j\u00e4\u00e4m\u00e4t mikrokuituliinalla tai koneella. Pysyy pinnassa jopa puoli vuotta, kun autoa huolletaan Maxolen WashMax-liotus- ja pesuaineilla.<\/p>\n<h4 style=\"color: black;\">Koostumus<\/h4>\n<p>Fysikaaliset ja kemialliset tiedot sek\u00e4 m\u00e4\u00e4r\u00e4ykset ja ainesosat l\u00f6ytyv\u00e4t turvallisuustietosivulta. S\u00e4ilyvyys alkuper\u00e4isess\u00e4 pakkauksessa: v\u00e4h. 1 vuosi Optimaalinen s\u00e4ilytysl\u00e4mp\u00f6tila 5\u201330 \u00b0C Ei sis\u00e4ll\u00e4 fosfaatteja, AOX:\u00e4\u00e4, aromiaineita, nitraatteja, raskasmetalleja, alkyylifenolietoksylaatteja. Sis\u00e4lt\u00e4\u00e4 silikonia.<\/p>\n<h4 style=\"color: black;\">Tuote on sinulle oikea, jos haluat<\/h4>\n<ul>\n<li>suojata lakkaa UV-s\u00e4teilylt\u00e4, l\u00e4mm\u00f6lt\u00e4, suolalta, maantielialta ja naarmuilta<\/li>\n<li>t\u00e4ydellisen kiilt\u00e4v\u00e4n ja pitk\u00e4kestoisen suojan kaikille lakka- ja kromipinnoille<\/li>\n<li>huipputeknisen puhdistavan ja kiiltoa antavan vaikutuksen<\/li>\n<li>helposti k\u00e4sitelt\u00e4v\u00e4n sealantin pienell\u00e4 materiaalinkulutuksella<\/li>\n<li>helposti ja k\u00e4tev\u00e4sti k\u00e4sitelt\u00e4v\u00e4n sealantin, joka antaa lakalle lasimaisen pinnan ja helmi\u00e4isvaikutelman<\/li>\n<li>listoista helposti irrotettavan sealantin<\/li>\n<li>koko kauden ajan kest\u00e4v\u00e4n varman suojan ja pysyv\u00e4n kiillon<\/li>\n<li>t\u00e4ydellisen sveitsil\u00e4isen lakkasuojahelmen!<\/li>\n<\/ul>\n","protected":false},"excerpt":{"rendered":"<p>Antaa ajoneuvon lakkapinnalle ja kromiosille pitk\u00e4aikaisen suojan ja kiillon helmi\u00e4isvaikutelmalla. Suojaa happosateelta, UV:lt\u00e4, maantiesaasteelta, suolalta, kemikaaleilta sek\u00e4 kuumuudelta ja pit\u00e4\u00e4 ajoneuvon ulkon\u00e4\u00f6n uudenveroisena. Huipputekninen puhdistava ja kiiltoa antava vaikutus. Helppo ja nopea k\u00e4ytt\u00f6. T\u00e4ydellinen sveitsil\u00e4inen lakkasuojahelmi!<\/p>\n","protected":false},"featured_media":11711,"template":"","meta":{"_acf_changed":false},"product_brand":[],"product_cat":[1675,1672,1677,1676,1671,1673,1674],"product_tag":[1678,1679,1680,1681,1682,1683,1684,1685],"class_list":{"0":"post-12538","1":"product","2":"type-product","3":"status-publish","4":"has-post-thumbnail","6":"product_cat-paadi-gelcoat-kaitsevahad-fi","7":"product_cat-kaitsevahad-fi","8":"product_cat-mootorratta-jalgratta-vahatamine-fi","9":"product_cat-mootorratta-mototehnika-puhastusvahendid-fi","10":"product_cat-poleerimisvahendid-ja-kaitsevahad-fi","11":"product_cat-poleerimissusteem-fi","12":"product_cat-paadi-hooldus-puhastusvahendid-fi","13":"product_tag-auto-vahatamine-fi","14":"product_tag-autovaha-fi","15":"product_tag-hermeetik-fi","16":"product_tag-kaitsevaha-fi","17":"product_tag-nanovaha-fi","18":"product_tag-pusivaha-fi","19":"product_tag-silant-fi","20":"product_tag-vaha-fi","22":"first","23":"instock","24":"sale","25":"taxable","26":"shipping-taxable","27":"purchasable","28":"product-type-variable"},"acf":[],"yoast_head":"<!-- This site is optimized with the Yoast SEO Premium plugin v27.2 (Yoast SEO v27.2) - https:\/\/yoast.com\/product\/yoast-seo-premium-wordpress\/ -->\n<title>95 Perfect Pearl autovaha lakkasuoja sealant kestovaha suojavaha<\/title>\n<meta name=\"description\" content=\"Autovaha lakkasuoja sealant kestovaha suojavaha antaa ajoneuvolle pitk\u00e4aikaisen suojan ja kiilt\u00e4v\u00e4n lasimaisen pinnan. Nro 1 vihre\u00e4t ammattikemikaalit Sveitsist\u00e4.\" \/>\n<meta name=\"robots\" content=\"index, follow, max-snippet:-1, max-image-preview:large, max-video-preview:-1\" \/>\n<link rel=\"canonical\" href=\"https:\/\/maxolen.ee\/fi\/autokeemia\/poleerimisvahendid-ja-kaitsevahad-fi\/kaitsevahad-fi\/autovaha-lakinsuoja-tiivistysaine-kestovaha-suojaava-vaha-95-perfect-pearl\/\" \/>\n<meta property=\"og:locale\" content=\"fi_FI\" \/>\n<meta property=\"og:type\" content=\"article\" \/>\n<meta property=\"og:title\" content=\"95 Perfect Pearl autovaha lakkasuoja sealant kestovaha suojavaha\" \/>\n<meta property=\"og:description\" content=\"Autovaha lakkasuoja sealant kestovaha suojavaha antaa ajoneuvolle pitk\u00e4aikaisen suojan ja kiilt\u00e4v\u00e4n lasimaisen pinnan. Nro 1 vihre\u00e4t ammattikemikaalit Sveitsist\u00e4.\" \/>\n<meta property=\"og:url\" content=\"https:\/\/maxolen.ee\/fi\/autokeemia\/poleerimisvahendid-ja-kaitsevahad-fi\/kaitsevahad-fi\/autovaha-lakinsuoja-tiivistysaine-kestovaha-suojaava-vaha-95-perfect-pearl\/\" \/>\n<meta property=\"og:site_name\" content=\"Maxolen\" \/>\n<meta property=\"article:publisher\" content=\"https:\/\/www.facebook.com\/MaxolenNord\/\" \/>\n<meta property=\"article:modified_time\" content=\"2024-02-13T12:14:53+00:00\" \/>\n<meta property=\"og:image\" content=\"https:\/\/maxolen.ee\/wp-content\/uploads\/2021\/07\/Vaha_silant_pusivaha_kaitsevaha_95_Perfect_pearl.png\" \/>\n\t<meta property=\"og:image:width\" content=\"1000\" \/>\n\t<meta property=\"og:image:height\" content=\"1167\" \/>\n\t<meta property=\"og:image:type\" content=\"image\/png\" \/>\n<meta name=\"twitter:card\" content=\"summary_large_image\" \/>\n<meta name=\"twitter:label1\" content=\"Saatavuus\" \/>\n\t<meta name=\"twitter:data1\" content=\"Varastossa\" \/>\n<script type=\"application\/ld+json\" class=\"yoast-schema-graph\">{\"@context\":\"https:\/\/schema.org\",\"@graph\":[{\"@type\":\"WebPage\",\"@id\":\"https:\/\/maxolen.ee\/fi\/autokeemia\/poleerimisvahendid-ja-kaitsevahad-fi\/kaitsevahad-fi\/autovaha-lakinsuoja-tiivistysaine-kestovaha-suojaava-vaha-95-perfect-pearl\/\",\"url\":\"https:\/\/maxolen.ee\/fi\/autokeemia\/poleerimisvahendid-ja-kaitsevahad-fi\/kaitsevahad-fi\/autovaha-lakinsuoja-tiivistysaine-kestovaha-suojaava-vaha-95-perfect-pearl\/\",\"name\":\"95 Perfect Pearl autovaha lakkasuoja sealant kestovaha suojavaha\",\"isPartOf\":{\"@id\":\"https:\/\/maxolen.ee\/fi\/#website\"},\"primaryImageOfPage\":{\"@id\":\"https:\/\/maxolen.ee\/fi\/autokeemia\/poleerimisvahendid-ja-kaitsevahad-fi\/kaitsevahad-fi\/autovaha-lakinsuoja-tiivistysaine-kestovaha-suojaava-vaha-95-perfect-pearl\/#primaryimage\"},\"image\":{\"@id\":\"https:\/\/maxolen.ee\/fi\/autokeemia\/poleerimisvahendid-ja-kaitsevahad-fi\/kaitsevahad-fi\/autovaha-lakinsuoja-tiivistysaine-kestovaha-suojaava-vaha-95-perfect-pearl\/#primaryimage\"},\"thumbnailUrl\":\"https:\/\/maxolen.ee\/wp-content\/uploads\/2021\/07\/Vaha_silant_pusivaha_kaitsevaha_95_Perfect_pearl.png\",\"datePublished\":\"2021-07-30T10:38:49+00:00\",\"dateModified\":\"2024-02-13T12:14:53+00:00\",\"description\":\"Autovaha lakkasuoja sealant kestovaha suojavaha antaa ajoneuvolle pitk\u00e4aikaisen suojan ja kiilt\u00e4v\u00e4n lasimaisen pinnan. Nro 1 vihre\u00e4t ammattikemikaalit Sveitsist\u00e4.\",\"breadcrumb\":{\"@id\":\"https:\/\/maxolen.ee\/fi\/autokeemia\/poleerimisvahendid-ja-kaitsevahad-fi\/kaitsevahad-fi\/autovaha-lakinsuoja-tiivistysaine-kestovaha-suojaava-vaha-95-perfect-pearl\/#breadcrumb\"},\"inLanguage\":\"fi\",\"potentialAction\":[{\"@type\":\"ReadAction\",\"target\":[\"https:\/\/maxolen.ee\/fi\/autokeemia\/poleerimisvahendid-ja-kaitsevahad-fi\/kaitsevahad-fi\/autovaha-lakinsuoja-tiivistysaine-kestovaha-suojaava-vaha-95-perfect-pearl\/\"]}]},{\"@type\":\"ImageObject\",\"inLanguage\":\"fi\",\"@id\":\"https:\/\/maxolen.ee\/fi\/autokeemia\/poleerimisvahendid-ja-kaitsevahad-fi\/kaitsevahad-fi\/autovaha-lakinsuoja-tiivistysaine-kestovaha-suojaava-vaha-95-perfect-pearl\/#primaryimage\",\"url\":\"https:\/\/maxolen.ee\/wp-content\/uploads\/2021\/07\/Vaha_silant_pusivaha_kaitsevaha_95_Perfect_pearl.png\",\"contentUrl\":\"https:\/\/maxolen.ee\/wp-content\/uploads\/2021\/07\/Vaha_silant_pusivaha_kaitsevaha_95_Perfect_pearl.png\",\"width\":1000,\"height\":1167},{\"@type\":\"BreadcrumbList\",\"@id\":\"https:\/\/maxolen.ee\/fi\/autokeemia\/poleerimisvahendid-ja-kaitsevahad-fi\/kaitsevahad-fi\/autovaha-lakinsuoja-tiivistysaine-kestovaha-suojaava-vaha-95-perfect-pearl\/#breadcrumb\",\"itemListElement\":[{\"@type\":\"ListItem\",\"position\":1,\"name\":\"Home\",\"item\":\"https:\/\/maxolen.ee\/fi\/\"},{\"@type\":\"ListItem\",\"position\":2,\"name\":\"Verkkokauppa\",\"item\":\"https:\/\/maxolen.ee\/autokeemia\/\"},{\"@type\":\"ListItem\",\"position\":3,\"name\":\"Poleerimine ja lakikaitse PolishMax\",\"item\":\"https:\/\/maxolen.ee\/fi\/profikeemia\/poleerimisvahendid-ja-kaitsevahad-fi\/\"},{\"@type\":\"ListItem\",\"position\":4,\"name\":\"Laki kaitse\",\"item\":\"https:\/\/maxolen.ee\/fi\/profikeemia\/poleerimisvahendid-ja-kaitsevahad-fi\/kaitsevahad-fi\/\"},{\"@type\":\"ListItem\",\"position\":5,\"name\":\"95 Perfect Pearl autovaha lakkasuoja sealant kestovaha suojavaha\"}]},{\"@type\":\"WebSite\",\"@id\":\"https:\/\/maxolen.ee\/fi\/#website\",\"url\":\"https:\/\/maxolen.ee\/fi\/\",\"name\":\"Maxolen\",\"description\":\"Premium profikeemia \u0160veitsist\",\"publisher\":{\"@id\":\"https:\/\/maxolen.ee\/fi\/#organization\"},\"potentialAction\":[{\"@type\":\"SearchAction\",\"target\":{\"@type\":\"EntryPoint\",\"urlTemplate\":\"https:\/\/maxolen.ee\/fi\/?s={search_term_string}\"},\"query-input\":{\"@type\":\"PropertyValueSpecification\",\"valueRequired\":true,\"valueName\":\"search_term_string\"}}],\"inLanguage\":\"fi\"},{\"@type\":\"Organization\",\"@id\":\"https:\/\/maxolen.ee\/fi\/#organization\",\"name\":\"Maxolen\",\"url\":\"https:\/\/maxolen.ee\/fi\/\",\"logo\":{\"@type\":\"ImageObject\",\"inLanguage\":\"fi\",\"@id\":\"https:\/\/maxolen.ee\/fi\/#\/schema\/logo\/image\/\",\"url\":\"https:\/\/maxolen.ee\/wp-content\/uploads\/2020\/01\/cropped-Maxolen_autokeemia_fav.png\",\"contentUrl\":\"https:\/\/maxolen.ee\/wp-content\/uploads\/2020\/01\/cropped-Maxolen_autokeemia_fav.png\",\"width\":512,\"height\":512,\"caption\":\"Maxolen\"},\"image\":{\"@id\":\"https:\/\/maxolen.ee\/fi\/#\/schema\/logo\/image\/\"},\"sameAs\":[\"https:\/\/www.facebook.com\/MaxolenNord\/\"]}]}<\/script>\n<meta property=\"og:availability\" content=\"instock\" \/>\n<meta property=\"product:availability\" content=\"instock\" \/>\n<meta property=\"product:retailer_item_id\" content=\"09500\" \/>\n<meta property=\"product:condition\" content=\"new\" \/>\n<!-- \/ Yoast SEO Premium plugin. -->","yoast_head_json":{"title":"95 Perfect Pearl autovaha lakkasuoja sealant kestovaha suojavaha","description":"Autovaha lakkasuoja sealant kestovaha suojavaha antaa ajoneuvolle pitk\u00e4aikaisen suojan ja kiilt\u00e4v\u00e4n lasimaisen pinnan. Nro 1 vihre\u00e4t ammattikemikaalit Sveitsist\u00e4.","robots":{"index":"index","follow":"follow","max-snippet":"max-snippet:-1","max-image-preview":"max-image-preview:large","max-video-preview":"max-video-preview:-1"},"canonical":"https:\/\/maxolen.ee\/fi\/autokeemia\/poleerimisvahendid-ja-kaitsevahad-fi\/kaitsevahad-fi\/autovaha-lakinsuoja-tiivistysaine-kestovaha-suojaava-vaha-95-perfect-pearl\/","og_locale":"fi_FI","og_type":"article","og_title":"95 Perfect Pearl autovaha lakkasuoja sealant kestovaha suojavaha","og_description":"Autovaha lakkasuoja sealant kestovaha suojavaha antaa ajoneuvolle pitk\u00e4aikaisen suojan ja kiilt\u00e4v\u00e4n lasimaisen pinnan. Nro 1 vihre\u00e4t ammattikemikaalit Sveitsist\u00e4.","og_url":"https:\/\/maxolen.ee\/fi\/autokeemia\/poleerimisvahendid-ja-kaitsevahad-fi\/kaitsevahad-fi\/autovaha-lakinsuoja-tiivistysaine-kestovaha-suojaava-vaha-95-perfect-pearl\/","og_site_name":"Maxolen","article_publisher":"https:\/\/www.facebook.com\/MaxolenNord\/","article_modified_time":"2024-02-13T12:14:53+00:00","og_image":[{"width":1000,"height":1167,"url":"https:\/\/maxolen.ee\/wp-content\/uploads\/2021\/07\/Vaha_silant_pusivaha_kaitsevaha_95_Perfect_pearl.png","type":"image\/png"}],"twitter_card":"summary_large_image","twitter_misc":{"Saatavuus":"Varastossa"},"schema":{"@context":"https:\/\/schema.org","@graph":[{"@type":"WebPage","@id":"https:\/\/maxolen.ee\/fi\/autokeemia\/poleerimisvahendid-ja-kaitsevahad-fi\/kaitsevahad-fi\/autovaha-lakinsuoja-tiivistysaine-kestovaha-suojaava-vaha-95-perfect-pearl\/","url":"https:\/\/maxolen.ee\/fi\/autokeemia\/poleerimisvahendid-ja-kaitsevahad-fi\/kaitsevahad-fi\/autovaha-lakinsuoja-tiivistysaine-kestovaha-suojaava-vaha-95-perfect-pearl\/","name":"95 Perfect Pearl autovaha lakkasuoja sealant kestovaha suojavaha","isPartOf":{"@id":"https:\/\/maxolen.ee\/fi\/#website"},"primaryImageOfPage":{"@id":"https:\/\/maxolen.ee\/fi\/autokeemia\/poleerimisvahendid-ja-kaitsevahad-fi\/kaitsevahad-fi\/autovaha-lakinsuoja-tiivistysaine-kestovaha-suojaava-vaha-95-perfect-pearl\/#primaryimage"},"image":{"@id":"https:\/\/maxolen.ee\/fi\/autokeemia\/poleerimisvahendid-ja-kaitsevahad-fi\/kaitsevahad-fi\/autovaha-lakinsuoja-tiivistysaine-kestovaha-suojaava-vaha-95-perfect-pearl\/#primaryimage"},"thumbnailUrl":"https:\/\/maxolen.ee\/wp-content\/uploads\/2021\/07\/Vaha_silant_pusivaha_kaitsevaha_95_Perfect_pearl.png","datePublished":"2021-07-30T10:38:49+00:00","dateModified":"2024-02-13T12:14:53+00:00","description":"Autovaha lakkasuoja sealant kestovaha suojavaha antaa ajoneuvolle pitk\u00e4aikaisen suojan ja kiilt\u00e4v\u00e4n lasimaisen pinnan. Nro 1 vihre\u00e4t ammattikemikaalit Sveitsist\u00e4.","breadcrumb":{"@id":"https:\/\/maxolen.ee\/fi\/autokeemia\/poleerimisvahendid-ja-kaitsevahad-fi\/kaitsevahad-fi\/autovaha-lakinsuoja-tiivistysaine-kestovaha-suojaava-vaha-95-perfect-pearl\/#breadcrumb"},"inLanguage":"fi","potentialAction":[{"@type":"ReadAction","target":["https:\/\/maxolen.ee\/fi\/autokeemia\/poleerimisvahendid-ja-kaitsevahad-fi\/kaitsevahad-fi\/autovaha-lakinsuoja-tiivistysaine-kestovaha-suojaava-vaha-95-perfect-pearl\/"]}]},{"@type":"ImageObject","inLanguage":"fi","@id":"https:\/\/maxolen.ee\/fi\/autokeemia\/poleerimisvahendid-ja-kaitsevahad-fi\/kaitsevahad-fi\/autovaha-lakinsuoja-tiivistysaine-kestovaha-suojaava-vaha-95-perfect-pearl\/#primaryimage","url":"https:\/\/maxolen.ee\/wp-content\/uploads\/2021\/07\/Vaha_silant_pusivaha_kaitsevaha_95_Perfect_pearl.png","contentUrl":"https:\/\/maxolen.ee\/wp-content\/uploads\/2021\/07\/Vaha_silant_pusivaha_kaitsevaha_95_Perfect_pearl.png","width":1000,"height":1167},{"@type":"BreadcrumbList","@id":"https:\/\/maxolen.ee\/fi\/autokeemia\/poleerimisvahendid-ja-kaitsevahad-fi\/kaitsevahad-fi\/autovaha-lakinsuoja-tiivistysaine-kestovaha-suojaava-vaha-95-perfect-pearl\/#breadcrumb","itemListElement":[{"@type":"ListItem","position":1,"name":"Home","item":"https:\/\/maxolen.ee\/fi\/"},{"@type":"ListItem","position":2,"name":"Verkkokauppa","item":"https:\/\/maxolen.ee\/autokeemia\/"},{"@type":"ListItem","position":3,"name":"Poleerimine ja lakikaitse PolishMax","item":"https:\/\/maxolen.ee\/fi\/profikeemia\/poleerimisvahendid-ja-kaitsevahad-fi\/"},{"@type":"ListItem","position":4,"name":"Laki kaitse","item":"https:\/\/maxolen.ee\/fi\/profikeemia\/poleerimisvahendid-ja-kaitsevahad-fi\/kaitsevahad-fi\/"},{"@type":"ListItem","position":5,"name":"95 Perfect Pearl autovaha lakkasuoja sealant kestovaha suojavaha"}]},{"@type":"WebSite","@id":"https:\/\/maxolen.ee\/fi\/#website","url":"https:\/\/maxolen.ee\/fi\/","name":"Maxolen","description":"Premium profikeemia \u0160veitsist","publisher":{"@id":"https:\/\/maxolen.ee\/fi\/#organization"},"potentialAction":[{"@type":"SearchAction","target":{"@type":"EntryPoint","urlTemplate":"https:\/\/maxolen.ee\/fi\/?s={search_term_string}"},"query-input":{"@type":"PropertyValueSpecification","valueRequired":true,"valueName":"search_term_string"}}],"inLanguage":"fi"},{"@type":"Organization","@id":"https:\/\/maxolen.ee\/fi\/#organization","name":"Maxolen","url":"https:\/\/maxolen.ee\/fi\/","logo":{"@type":"ImageObject","inLanguage":"fi","@id":"https:\/\/maxolen.ee\/fi\/#\/schema\/logo\/image\/","url":"https:\/\/maxolen.ee\/wp-content\/uploads\/2020\/01\/cropped-Maxolen_autokeemia_fav.png","contentUrl":"https:\/\/maxolen.ee\/wp-content\/uploads\/2020\/01\/cropped-Maxolen_autokeemia_fav.png","width":512,"height":512,"caption":"Maxolen"},"image":{"@id":"https:\/\/maxolen.ee\/fi\/#\/schema\/logo\/image\/"},"sameAs":["https:\/\/www.facebook.com\/MaxolenNord\/"]}]},"og_availability":"instock","product_availability":"instock","product_retailer_item_id":"09500","product_condition":"new"},"_links":{"self":[{"href":"https:\/\/maxolen.ee\/fi\/wp-json\/wp\/v2\/product\/12538","targetHints":{"allow":["GET"]}}],"collection":[{"href":"https:\/\/maxolen.ee\/fi\/wp-json\/wp\/v2\/product"}],"about":[{"href":"https:\/\/maxolen.ee\/fi\/wp-json\/wp\/v2\/types\/product"}],"wp:featuredmedia":[{"embeddable":true,"href":"https:\/\/maxolen.ee\/fi\/wp-json\/wp\/v2\/media\/11711"}],"wp:attachment":[{"href":"https:\/\/maxolen.ee\/fi\/wp-json\/wp\/v2\/media?parent=12538"}],"wp:term":[{"taxonomy":"product_brand","embeddable":true,"href":"https:\/\/maxolen.ee\/fi\/wp-json\/wp\/v2\/product_brand?post=12538"},{"taxonomy":"product_cat","embeddable":true,"href":"https:\/\/maxolen.ee\/fi\/wp-json\/wp\/v2\/product_cat?post=12538"},{"taxonomy":"product_tag","embeddable":true,"href":"https:\/\/maxolen.ee\/fi\/wp-json\/wp\/v2\/product_tag?post=12538"}],"curies":[{"name":"wp","href":"https:\/\/api.w.org\/{rel}","templated":true}]}}