{"id":12660,"date":"2022-09-21T08:13:13","date_gmt":"2022-09-21T06:13:13","guid":{"rendered":"https:\/\/maxolen.ee\/autokeemia\/Ei-luokiteltu\/57eu-botox-flash-care-matkustamon-pikahuolto-nahanhoitoaine-muovinhoitoaine-osien-suoja-aine\/"},"modified":"2025-01-23T16:36:37","modified_gmt":"2025-01-23T14:36:37","slug":"57eu-botox-flash-care-matkustamon-pikahuolto-nahanhoitoaine-muovinhoitoaine-osien-suoja-aine","status":"publish","type":"product","link":"https:\/\/maxolen.ee\/fi\/autokeemia\/caremax-huolto-matkustamolle-ja-korille\/nahan-hoito-ja-suojaus-fi\/57eu-botox-flash-care-matkustamon-pikahuolto-nahanhoitoaine-muovinhoitoaine-osien-suoja-aine\/","title":{"rendered":"57EU Botox Flash Care matkustamon pikahuolto nahanhoitoaine muovinhoitoaine osien suoja-aine"},"content":{"rendered":"<p>Matkustamon pikahuolto nahanhoitoaine muovinhoitoaine osien suoja-aine. Salamannopea kunnostus, hell\u00e4varainen puhdistus ja huolto kaikille nahkaosille, vinyylille, kumille ja muoville ajoneuvon matkustamossa ja koristelistoille. High-Tech Botox Flash Care -hoito sis\u00e4lt\u00e4\u00e4 nahkaa kiinteytt\u00e4vi\u00e4, ravitsevia ja nahan s\u00e4vy\u00e4 vahvistavia komponentteja, mik\u00e4 takaa nahkaverhoilulle optimaalisen joustavuuden sek\u00e4 raikkaan kiillon ja ehk\u00e4isee nahan halkeilua ja ik\u00e4\u00e4ntymist\u00e4. <\/p>\n<p>J\u00e4tt\u00e4\u00e4 ajoneuvon matkustamoon ylellisen hyvinvoinnin aromin. Soveltuu nahkapenkkien, verhoilun, muoviosien, kumiosien, koristelistojen, kattotelineiden, tavaratilan muoviosien jne. yleiseen huoltamiseen ja suojaamiseen. Kuivuu ja tarttuu pintaan nopeasti. Nopean silloituksen ansiosta se soveltuu erityisesti rei&#8217;itetyst\u00e4 nahasta valmistettuihin urheiluistuimiin, joissa on vaativat saumat, sek\u00e4 huipputason autotalleihin. Neutraali ja haihtumaton, silikoniton koostumus. <\/p>\n<h4 style=\"color: black;\">K\u00e4ytt\u00f6<\/h4>\n<p>Levit\u00e4 tasaisesti koko osalle yhdenmukaisin, kattavin ja py\u00f6rivin liikkein applikaattorilla tai mikrokuituliinalla. Pinnalle levitett\u00e4v\u00e4 m\u00e4\u00e4r\u00e4 tulee valita tarpeen ja materiaalin kunnon mukaan. Jos annostelet tuotetta liikaa, kiillota pinta puhtaalla mikrokuituliinalla.<\/p>\n<h4 style=\"color: black;\">Koostumus<\/h4>\n<p>Fysikaaliset ja kemialliset tiedot sek\u00e4 m\u00e4\u00e4r\u00e4ykset ja ainesosat l\u00f6ytyv\u00e4t turvallisuustietosivulta. S\u00e4ilyvyys alkuper\u00e4isess\u00e4 pakkauksessa: v\u00e4h. 1 vuosi. Optimaalinen s\u00e4ilytysl\u00e4mp\u00f6tila 5\u201330 \u00b0C. Ei sis\u00e4ll\u00e4 fosfaatteja, AOX:\u00e4\u00e4, ksylolia, toluolia, nitraatteja, raskasmetalleja, alkyylifenolietoksylaatteja.<\/p>\n<h4 style=\"color: black;\">Tuote on sinulle oikea, jos haluat<\/h4>\n<ul>\n<li>hoitaa ja suojata nopeasti nahasta, muovista tai vinyylist\u00e4 valmistettuja penkkej\u00e4, sisustusta, tiivisteit\u00e4 ja koristelistoja<\/li>\n<li>hell\u00e4varaisen puhdistuksen ja nahkaosia kosteuttavan huollon sek\u00e4 suojan halkeilua ja ik\u00e4\u00e4ntymist\u00e4 vastaan<\/li>\n<li>nopean kuivumisen ja hyv\u00e4n silloituksen, joka sopii erityisesti rei&#8217;itetyille nahkapenkeille<\/li>\n<li>virkist\u00e4\u00e4 ja vahvistaa osien v\u00e4ris\u00e4vyj\u00e4<\/li>\n<li>Neutraalin, haihtumattoman ja silikonittoman koostumuksen<\/li>\n<li>ylellisen hyvinvointituoksun matkustamoon<\/li>\n<li>Huipputeknisen virkist\u00e4v\u00e4n ja kiinteytt\u00e4v\u00e4n botox-k\u00e4sittelyn nahkaverhoilun pitk\u00e4ik\u00e4isyyden takaamiseksi<\/li>\n<\/ul>\n","protected":false},"excerpt":{"rendered":"<p>Salamannopea kunnostus ja huolto kaikille matkustamon ja korin nahkaosille, vinyylille, tiivisteille ja muoville. Voimistaa v\u00e4ris\u00e4vyj\u00e4 ja antaa osille uuden ja raikkaan kiillon. Sopii erityisesti rei&#8217;itetyille nahkapenkeille, joissa on vaativat tikkaukset. Silikoniton. Ylellinen sveitsil\u00e4isen hyvinvoinnin tuoksu. Nahkaa kiinteytt\u00e4v\u00e4 huipputekninen koostumus!  <\/p>\n","protected":false},"featured_media":12316,"template":"","meta":{"_acf_changed":false},"product_brand":[],"product_cat":[1704,1705,1707,1676,1708,1710,1706,1709,1711,1674],"product_tag":[1724,1715,1713,1712,1722,1720,1725,1716,1723,1721,1719,1714,1717,1718],"class_list":{"0":"post-12660","1":"product","2":"type-product","3":"status-publish","4":"has-post-thumbnail","6":"product_cat-caremax-huolto-matkustamolle-ja-korille","7":"product_cat-elintarviketeollisuus-ja-majoitus-gafomax","8":"product_cat-matkustamon-huolto-ja-suojaus","9":"product_cat-mootorratta-mototehnika-puhastusvahendid-fi","10":"product_cat-nahan-hoito-ja-suojaus-fi","11":"product_cat-nahan-hoito-ja-suojaus-fi-2","12":"product_cat-nahan-hoito-ja-suojaus","13":"product_cat-ohjaamon-huolto-ja-suojaus","14":"product_cat-pinnan-huolto-ja-suojaus","15":"product_cat-paadi-hooldus-puhastusvahendid-fi","16":"product_tag-auton-koristelistojen-huolto","17":"product_tag-koristelistojen-hoitoaine","18":"product_tag-kuminhoitoaine","19":"product_tag-muovinhoitoaine","20":"product_tag-nahan-detox","21":"product_tag-nahan-hellavarainen-puhdistus","22":"product_tag-nahan-pikahoitoaine","23":"product_tag-nahanhoitoaine","24":"product_tag-nahansuojausaine","25":"product_tag-nahkaemulsio","26":"product_tag-nahkavoide","27":"product_tag-tiivisteiden-hoitoaine","28":"product_tag-tiivistesuoja","29":"product_tag-vinyylinhoitoaine","31":"first","32":"instock","33":"sale","34":"taxable","35":"shipping-taxable","36":"purchasable","37":"product-type-variable"},"acf":[],"yoast_head":"<!-- This site is optimized with the Yoast SEO Premium plugin v27.2 (Yoast SEO v27.2) - https:\/\/yoast.com\/product\/yoast-seo-premium-wordpress\/ -->\n<title>57EU Botox Flash Care matkustamon pikahuolto nahanhoitoaine muovinhoitoaine osien suoja-aine<\/title>\n<meta name=\"description\" content=\"Matkustamon pikahuolto nahanhoitoaine muovinhoitoaine osien suoja-aine. Voimistaa s\u00e4vyj\u00e4 ja antaa matkustamolle uuden ja raikkaan kiillon. Parasta sveitsil\u00e4ist\u00e4 laatua.\" \/>\n<meta name=\"robots\" content=\"index, follow, max-snippet:-1, max-image-preview:large, max-video-preview:-1\" \/>\n<link rel=\"canonical\" href=\"https:\/\/maxolen.ee\/fi\/autokeemia\/caremax-huolto-matkustamolle-ja-korille\/nahan-hoito-ja-suojaus-fi\/57eu-botox-flash-care-matkustamon-pikahuolto-nahanhoitoaine-muovinhoitoaine-osien-suoja-aine\/\" \/>\n<meta property=\"og:locale\" content=\"fi_FI\" \/>\n<meta property=\"og:type\" content=\"article\" \/>\n<meta property=\"og:title\" content=\"57EU Botox Flash Care matkustamon pikahuolto nahanhoitoaine muovinhoitoaine osien suoja-aine\" \/>\n<meta property=\"og:description\" content=\"Matkustamon pikahuolto nahanhoitoaine muovinhoitoaine osien suoja-aine. Voimistaa s\u00e4vyj\u00e4 ja antaa matkustamolle uuden ja raikkaan kiillon. Parasta sveitsil\u00e4ist\u00e4 laatua.\" \/>\n<meta property=\"og:url\" content=\"https:\/\/maxolen.ee\/fi\/autokeemia\/caremax-huolto-matkustamolle-ja-korille\/nahan-hoito-ja-suojaus-fi\/57eu-botox-flash-care-matkustamon-pikahuolto-nahanhoitoaine-muovinhoitoaine-osien-suoja-aine\/\" \/>\n<meta property=\"og:site_name\" content=\"Maxolen\" \/>\n<meta property=\"article:publisher\" content=\"https:\/\/www.facebook.com\/MaxolenNord\/\" \/>\n<meta property=\"article:modified_time\" content=\"2025-01-23T14:36:37+00:00\" \/>\n<meta property=\"og:image\" content=\"https:\/\/maxolen.ee\/wp-content\/uploads\/2022\/09\/Nahakaitsevahend_nahahooldusvahend_plastikukaitsevahend_plastikuhooldusvahend_vinuulikaitsevahend_vinuulihooldusvahend_57EU_Botox_Flash_Care.png\" \/>\n\t<meta property=\"og:image:width\" content=\"1000\" \/>\n\t<meta property=\"og:image:height\" content=\"1167\" \/>\n\t<meta property=\"og:image:type\" content=\"image\/png\" \/>\n<meta name=\"twitter:card\" content=\"summary_large_image\" \/>\n<meta name=\"twitter:label1\" content=\"Saatavuus\" \/>\n\t<meta name=\"twitter:data1\" content=\"Varastossa\" \/>\n<script type=\"application\/ld+json\" class=\"yoast-schema-graph\">{\"@context\":\"https:\/\/schema.org\",\"@graph\":[{\"@type\":\"WebPage\",\"@id\":\"https:\/\/maxolen.ee\/fi\/autokeemia\/caremax-huolto-matkustamolle-ja-korille\/nahan-hoito-ja-suojaus-fi\/57eu-botox-flash-care-matkustamon-pikahuolto-nahanhoitoaine-muovinhoitoaine-osien-suoja-aine\/\",\"url\":\"https:\/\/maxolen.ee\/fi\/autokeemia\/caremax-huolto-matkustamolle-ja-korille\/nahan-hoito-ja-suojaus-fi\/57eu-botox-flash-care-matkustamon-pikahuolto-nahanhoitoaine-muovinhoitoaine-osien-suoja-aine\/\",\"name\":\"57EU Botox Flash Care matkustamon pikahuolto nahanhoitoaine muovinhoitoaine osien suoja-aine\",\"isPartOf\":{\"@id\":\"https:\/\/maxolen.ee\/fi\/#website\"},\"primaryImageOfPage\":{\"@id\":\"https:\/\/maxolen.ee\/fi\/autokeemia\/caremax-huolto-matkustamolle-ja-korille\/nahan-hoito-ja-suojaus-fi\/57eu-botox-flash-care-matkustamon-pikahuolto-nahanhoitoaine-muovinhoitoaine-osien-suoja-aine\/#primaryimage\"},\"image\":{\"@id\":\"https:\/\/maxolen.ee\/fi\/autokeemia\/caremax-huolto-matkustamolle-ja-korille\/nahan-hoito-ja-suojaus-fi\/57eu-botox-flash-care-matkustamon-pikahuolto-nahanhoitoaine-muovinhoitoaine-osien-suoja-aine\/#primaryimage\"},\"thumbnailUrl\":\"https:\/\/maxolen.ee\/wp-content\/uploads\/2022\/09\/Nahakaitsevahend_nahahooldusvahend_plastikukaitsevahend_plastikuhooldusvahend_vinuulikaitsevahend_vinuulihooldusvahend_57EU_Botox_Flash_Care.png\",\"datePublished\":\"2022-09-21T06:13:13+00:00\",\"dateModified\":\"2025-01-23T14:36:37+00:00\",\"description\":\"Matkustamon pikahuolto nahanhoitoaine muovinhoitoaine osien suoja-aine. Voimistaa s\u00e4vyj\u00e4 ja antaa matkustamolle uuden ja raikkaan kiillon. Parasta sveitsil\u00e4ist\u00e4 laatua.\",\"breadcrumb\":{\"@id\":\"https:\/\/maxolen.ee\/fi\/autokeemia\/caremax-huolto-matkustamolle-ja-korille\/nahan-hoito-ja-suojaus-fi\/57eu-botox-flash-care-matkustamon-pikahuolto-nahanhoitoaine-muovinhoitoaine-osien-suoja-aine\/#breadcrumb\"},\"inLanguage\":\"fi\",\"potentialAction\":[{\"@type\":\"ReadAction\",\"target\":[\"https:\/\/maxolen.ee\/fi\/autokeemia\/caremax-huolto-matkustamolle-ja-korille\/nahan-hoito-ja-suojaus-fi\/57eu-botox-flash-care-matkustamon-pikahuolto-nahanhoitoaine-muovinhoitoaine-osien-suoja-aine\/\"]}]},{\"@type\":\"ImageObject\",\"inLanguage\":\"fi\",\"@id\":\"https:\/\/maxolen.ee\/fi\/autokeemia\/caremax-huolto-matkustamolle-ja-korille\/nahan-hoito-ja-suojaus-fi\/57eu-botox-flash-care-matkustamon-pikahuolto-nahanhoitoaine-muovinhoitoaine-osien-suoja-aine\/#primaryimage\",\"url\":\"https:\/\/maxolen.ee\/wp-content\/uploads\/2022\/09\/Nahakaitsevahend_nahahooldusvahend_plastikukaitsevahend_plastikuhooldusvahend_vinuulikaitsevahend_vinuulihooldusvahend_57EU_Botox_Flash_Care.png\",\"contentUrl\":\"https:\/\/maxolen.ee\/wp-content\/uploads\/2022\/09\/Nahakaitsevahend_nahahooldusvahend_plastikukaitsevahend_plastikuhooldusvahend_vinuulikaitsevahend_vinuulihooldusvahend_57EU_Botox_Flash_Care.png\",\"width\":1000,\"height\":1167},{\"@type\":\"BreadcrumbList\",\"@id\":\"https:\/\/maxolen.ee\/fi\/autokeemia\/caremax-huolto-matkustamolle-ja-korille\/nahan-hoito-ja-suojaus-fi\/57eu-botox-flash-care-matkustamon-pikahuolto-nahanhoitoaine-muovinhoitoaine-osien-suoja-aine\/#breadcrumb\",\"itemListElement\":[{\"@type\":\"ListItem\",\"position\":1,\"name\":\"Home\",\"item\":\"https:\/\/maxolen.ee\/fi\/\"},{\"@type\":\"ListItem\",\"position\":2,\"name\":\"Verkkokauppa\",\"item\":\"https:\/\/maxolen.ee\/autokeemia\/\"},{\"@type\":\"ListItem\",\"position\":3,\"name\":\"CareMax-huolto matkustamolle ja korille\",\"item\":\"https:\/\/maxolen.ee\/fi\/profikeemia\/caremax-huolto-matkustamolle-ja-korille\/\"},{\"@type\":\"ListItem\",\"position\":4,\"name\":\"Nahan hoito ja suojaus\",\"item\":\"https:\/\/maxolen.ee\/fi\/profikeemia\/caremax-huolto-matkustamolle-ja-korille\/nahan-hoito-ja-suojaus-fi\/\"},{\"@type\":\"ListItem\",\"position\":5,\"name\":\"false\"}]},{\"@type\":\"WebSite\",\"@id\":\"https:\/\/maxolen.ee\/fi\/#website\",\"url\":\"https:\/\/maxolen.ee\/fi\/\",\"name\":\"Maxolen\",\"description\":\"Premium profikeemia \u0160veitsist\",\"publisher\":{\"@id\":\"https:\/\/maxolen.ee\/fi\/#organization\"},\"potentialAction\":[{\"@type\":\"SearchAction\",\"target\":{\"@type\":\"EntryPoint\",\"urlTemplate\":\"https:\/\/maxolen.ee\/fi\/?s={search_term_string}\"},\"query-input\":{\"@type\":\"PropertyValueSpecification\",\"valueRequired\":true,\"valueName\":\"search_term_string\"}}],\"inLanguage\":\"fi\"},{\"@type\":\"Organization\",\"@id\":\"https:\/\/maxolen.ee\/fi\/#organization\",\"name\":\"Maxolen\",\"url\":\"https:\/\/maxolen.ee\/fi\/\",\"logo\":{\"@type\":\"ImageObject\",\"inLanguage\":\"fi\",\"@id\":\"https:\/\/maxolen.ee\/fi\/#\/schema\/logo\/image\/\",\"url\":\"https:\/\/maxolen.ee\/wp-content\/uploads\/2020\/01\/cropped-Maxolen_autokeemia_fav.png\",\"contentUrl\":\"https:\/\/maxolen.ee\/wp-content\/uploads\/2020\/01\/cropped-Maxolen_autokeemia_fav.png\",\"width\":512,\"height\":512,\"caption\":\"Maxolen\"},\"image\":{\"@id\":\"https:\/\/maxolen.ee\/fi\/#\/schema\/logo\/image\/\"},\"sameAs\":[\"https:\/\/www.facebook.com\/MaxolenNord\/\"]}]}<\/script>\n<meta property=\"og:availability\" content=\"instock\" \/>\n<meta property=\"product:availability\" content=\"instock\" \/>\n<meta property=\"product:condition\" content=\"new\" \/>\n<!-- \/ Yoast SEO Premium plugin. -->","yoast_head_json":{"title":"57EU Botox Flash Care matkustamon pikahuolto nahanhoitoaine muovinhoitoaine osien suoja-aine","description":"Matkustamon pikahuolto nahanhoitoaine muovinhoitoaine osien suoja-aine. Voimistaa s\u00e4vyj\u00e4 ja antaa matkustamolle uuden ja raikkaan kiillon. Parasta sveitsil\u00e4ist\u00e4 laatua.","robots":{"index":"index","follow":"follow","max-snippet":"max-snippet:-1","max-image-preview":"max-image-preview:large","max-video-preview":"max-video-preview:-1"},"canonical":"https:\/\/maxolen.ee\/fi\/autokeemia\/caremax-huolto-matkustamolle-ja-korille\/nahan-hoito-ja-suojaus-fi\/57eu-botox-flash-care-matkustamon-pikahuolto-nahanhoitoaine-muovinhoitoaine-osien-suoja-aine\/","og_locale":"fi_FI","og_type":"article","og_title":"57EU Botox Flash Care matkustamon pikahuolto nahanhoitoaine muovinhoitoaine osien suoja-aine","og_description":"Matkustamon pikahuolto nahanhoitoaine muovinhoitoaine osien suoja-aine. Voimistaa s\u00e4vyj\u00e4 ja antaa matkustamolle uuden ja raikkaan kiillon. Parasta sveitsil\u00e4ist\u00e4 laatua.","og_url":"https:\/\/maxolen.ee\/fi\/autokeemia\/caremax-huolto-matkustamolle-ja-korille\/nahan-hoito-ja-suojaus-fi\/57eu-botox-flash-care-matkustamon-pikahuolto-nahanhoitoaine-muovinhoitoaine-osien-suoja-aine\/","og_site_name":"Maxolen","article_publisher":"https:\/\/www.facebook.com\/MaxolenNord\/","article_modified_time":"2025-01-23T14:36:37+00:00","og_image":[{"width":1000,"height":1167,"url":"https:\/\/maxolen.ee\/wp-content\/uploads\/2022\/09\/Nahakaitsevahend_nahahooldusvahend_plastikukaitsevahend_plastikuhooldusvahend_vinuulikaitsevahend_vinuulihooldusvahend_57EU_Botox_Flash_Care.png","type":"image\/png"}],"twitter_card":"summary_large_image","twitter_misc":{"Saatavuus":"Varastossa"},"schema":{"@context":"https:\/\/schema.org","@graph":[{"@type":"WebPage","@id":"https:\/\/maxolen.ee\/fi\/autokeemia\/caremax-huolto-matkustamolle-ja-korille\/nahan-hoito-ja-suojaus-fi\/57eu-botox-flash-care-matkustamon-pikahuolto-nahanhoitoaine-muovinhoitoaine-osien-suoja-aine\/","url":"https:\/\/maxolen.ee\/fi\/autokeemia\/caremax-huolto-matkustamolle-ja-korille\/nahan-hoito-ja-suojaus-fi\/57eu-botox-flash-care-matkustamon-pikahuolto-nahanhoitoaine-muovinhoitoaine-osien-suoja-aine\/","name":"57EU Botox Flash Care matkustamon pikahuolto nahanhoitoaine muovinhoitoaine osien suoja-aine","isPartOf":{"@id":"https:\/\/maxolen.ee\/fi\/#website"},"primaryImageOfPage":{"@id":"https:\/\/maxolen.ee\/fi\/autokeemia\/caremax-huolto-matkustamolle-ja-korille\/nahan-hoito-ja-suojaus-fi\/57eu-botox-flash-care-matkustamon-pikahuolto-nahanhoitoaine-muovinhoitoaine-osien-suoja-aine\/#primaryimage"},"image":{"@id":"https:\/\/maxolen.ee\/fi\/autokeemia\/caremax-huolto-matkustamolle-ja-korille\/nahan-hoito-ja-suojaus-fi\/57eu-botox-flash-care-matkustamon-pikahuolto-nahanhoitoaine-muovinhoitoaine-osien-suoja-aine\/#primaryimage"},"thumbnailUrl":"https:\/\/maxolen.ee\/wp-content\/uploads\/2022\/09\/Nahakaitsevahend_nahahooldusvahend_plastikukaitsevahend_plastikuhooldusvahend_vinuulikaitsevahend_vinuulihooldusvahend_57EU_Botox_Flash_Care.png","datePublished":"2022-09-21T06:13:13+00:00","dateModified":"2025-01-23T14:36:37+00:00","description":"Matkustamon pikahuolto nahanhoitoaine muovinhoitoaine osien suoja-aine. Voimistaa s\u00e4vyj\u00e4 ja antaa matkustamolle uuden ja raikkaan kiillon. Parasta sveitsil\u00e4ist\u00e4 laatua.","breadcrumb":{"@id":"https:\/\/maxolen.ee\/fi\/autokeemia\/caremax-huolto-matkustamolle-ja-korille\/nahan-hoito-ja-suojaus-fi\/57eu-botox-flash-care-matkustamon-pikahuolto-nahanhoitoaine-muovinhoitoaine-osien-suoja-aine\/#breadcrumb"},"inLanguage":"fi","potentialAction":[{"@type":"ReadAction","target":["https:\/\/maxolen.ee\/fi\/autokeemia\/caremax-huolto-matkustamolle-ja-korille\/nahan-hoito-ja-suojaus-fi\/57eu-botox-flash-care-matkustamon-pikahuolto-nahanhoitoaine-muovinhoitoaine-osien-suoja-aine\/"]}]},{"@type":"ImageObject","inLanguage":"fi","@id":"https:\/\/maxolen.ee\/fi\/autokeemia\/caremax-huolto-matkustamolle-ja-korille\/nahan-hoito-ja-suojaus-fi\/57eu-botox-flash-care-matkustamon-pikahuolto-nahanhoitoaine-muovinhoitoaine-osien-suoja-aine\/#primaryimage","url":"https:\/\/maxolen.ee\/wp-content\/uploads\/2022\/09\/Nahakaitsevahend_nahahooldusvahend_plastikukaitsevahend_plastikuhooldusvahend_vinuulikaitsevahend_vinuulihooldusvahend_57EU_Botox_Flash_Care.png","contentUrl":"https:\/\/maxolen.ee\/wp-content\/uploads\/2022\/09\/Nahakaitsevahend_nahahooldusvahend_plastikukaitsevahend_plastikuhooldusvahend_vinuulikaitsevahend_vinuulihooldusvahend_57EU_Botox_Flash_Care.png","width":1000,"height":1167},{"@type":"BreadcrumbList","@id":"https:\/\/maxolen.ee\/fi\/autokeemia\/caremax-huolto-matkustamolle-ja-korille\/nahan-hoito-ja-suojaus-fi\/57eu-botox-flash-care-matkustamon-pikahuolto-nahanhoitoaine-muovinhoitoaine-osien-suoja-aine\/#breadcrumb","itemListElement":[{"@type":"ListItem","position":1,"name":"Home","item":"https:\/\/maxolen.ee\/fi\/"},{"@type":"ListItem","position":2,"name":"Verkkokauppa","item":"https:\/\/maxolen.ee\/autokeemia\/"},{"@type":"ListItem","position":3,"name":"CareMax-huolto matkustamolle ja korille","item":"https:\/\/maxolen.ee\/fi\/profikeemia\/caremax-huolto-matkustamolle-ja-korille\/"},{"@type":"ListItem","position":4,"name":"Nahan hoito ja suojaus","item":"https:\/\/maxolen.ee\/fi\/profikeemia\/caremax-huolto-matkustamolle-ja-korille\/nahan-hoito-ja-suojaus-fi\/"},{"@type":"ListItem","position":5,"name":"false"}]},{"@type":"WebSite","@id":"https:\/\/maxolen.ee\/fi\/#website","url":"https:\/\/maxolen.ee\/fi\/","name":"Maxolen","description":"Premium profikeemia \u0160veitsist","publisher":{"@id":"https:\/\/maxolen.ee\/fi\/#organization"},"potentialAction":[{"@type":"SearchAction","target":{"@type":"EntryPoint","urlTemplate":"https:\/\/maxolen.ee\/fi\/?s={search_term_string}"},"query-input":{"@type":"PropertyValueSpecification","valueRequired":true,"valueName":"search_term_string"}}],"inLanguage":"fi"},{"@type":"Organization","@id":"https:\/\/maxolen.ee\/fi\/#organization","name":"Maxolen","url":"https:\/\/maxolen.ee\/fi\/","logo":{"@type":"ImageObject","inLanguage":"fi","@id":"https:\/\/maxolen.ee\/fi\/#\/schema\/logo\/image\/","url":"https:\/\/maxolen.ee\/wp-content\/uploads\/2020\/01\/cropped-Maxolen_autokeemia_fav.png","contentUrl":"https:\/\/maxolen.ee\/wp-content\/uploads\/2020\/01\/cropped-Maxolen_autokeemia_fav.png","width":512,"height":512,"caption":"Maxolen"},"image":{"@id":"https:\/\/maxolen.ee\/fi\/#\/schema\/logo\/image\/"},"sameAs":["https:\/\/www.facebook.com\/MaxolenNord\/"]}]},"og_availability":"instock","product_availability":"instock","product_condition":"new"},"_links":{"self":[{"href":"https:\/\/maxolen.ee\/fi\/wp-json\/wp\/v2\/product\/12660","targetHints":{"allow":["GET"]}}],"collection":[{"href":"https:\/\/maxolen.ee\/fi\/wp-json\/wp\/v2\/product"}],"about":[{"href":"https:\/\/maxolen.ee\/fi\/wp-json\/wp\/v2\/types\/product"}],"wp:featuredmedia":[{"embeddable":true,"href":"https:\/\/maxolen.ee\/fi\/wp-json\/wp\/v2\/media\/12316"}],"wp:attachment":[{"href":"https:\/\/maxolen.ee\/fi\/wp-json\/wp\/v2\/media?parent=12660"}],"wp:term":[{"taxonomy":"product_brand","embeddable":true,"href":"https:\/\/maxolen.ee\/fi\/wp-json\/wp\/v2\/product_brand?post=12660"},{"taxonomy":"product_cat","embeddable":true,"href":"https:\/\/maxolen.ee\/fi\/wp-json\/wp\/v2\/product_cat?post=12660"},{"taxonomy":"product_tag","embeddable":true,"href":"https:\/\/maxolen.ee\/fi\/wp-json\/wp\/v2\/product_tag?post=12660"}],"curies":[{"name":"wp","href":"https:\/\/api.w.org\/{rel}","templated":true}]}}