{"id":12666,"date":"2022-08-08T14:37:01","date_gmt":"2022-08-08T14:37:01","guid":{"rendered":"https:\/\/maxolen.ee\/autokeemia\/Ei-luokiteltu\/44-odourkiller-ilmanraikastin-hajuntappaja-hajunpoistaja-tilatuoksu\/"},"modified":"2022-08-08T14:37:01","modified_gmt":"2022-08-08T12:37:01","slug":"44-odourkiller-ilmanraikastin-hajuntappaja-hajunpoistaja-tilatuoksu","status":"publish","type":"product","link":"https:\/\/maxolen.ee\/fi\/autokeemia\/caremax-huolto-matkustamolle-ja-korille\/hajunpoisto\/44-odourkiller-ilmanraikastin-hajuntappaja-hajunpoistaja-tilatuoksu\/","title":{"rendered":"44 Odourkiller ilmanraikastin hajuntappaja hajunpoistaja tilatuoksu"},"content":{"rendered":"<p>Ilmanraikastin hajuntappaja hajunpoistaja tilatuoksu ep\u00e4miellytt\u00e4v\u00e4n hajun poistamiseen. Neutraloi pahat hajut sekunneissa, j\u00e4tt\u00e4\u00e4 miellytt\u00e4v\u00e4n raikkaan tuoksun. Antibakteerinen vaikutus. K\u00e4yt\u00e4 savun, kosteuden ja el\u00e4inten hajubakteerien poistamiseen auton matkustamosta ja sis\u00e4tiloista.<\/p>\n<h4 style=\"color: black;\">K\u00e4ytt\u00f6<\/h4>\n<p>Suihkuta ilmaan n. 3\u20135 pumpullista. Hajubakteerien poistamiseksi verhoilusta ja matoista lis\u00e4\u00e4 pieni m\u00e4\u00e4r\u00e4 ainetta huuhteluveteen hajun l\u00e4hteen eliminoimiseksi. Mahdollistaa taloudellisen k\u00e4yt\u00f6n.<\/p>\n<h4 style=\"color: black;\">Koostumus<\/h4>\n<p>Fysikaaliset ja kemialliset tiedot sek\u00e4 m\u00e4\u00e4r\u00e4ykset ja ainesosat l\u00f6ytyv\u00e4t turvallisuustietosivulta. S\u00e4ilyvyys alkuper\u00e4isess\u00e4 pakkauksessa: v\u00e4h. 1 vuosi Optimaalinen s\u00e4ilytysl\u00e4mp\u00f6tila 10\u201330 \u00b0C. Ei sis\u00e4ll\u00e4 fosfaatteja, AOX:\u00e4\u00e4, nitraatteja, raskasmetalleja, alkyylifenolietoksylaatteja, biologisesti helposti hajoava.<\/p>\n<h4 style=\"color: black;\">Tuote on sinulle oikea, jos haluat<\/h4>\n<ul>\n<li>palauttaa raikkaan tuoksun ja h\u00e4vitt\u00e4\u00e4 pahan hajun l\u00e4hteen<\/li>\n<li>neutraloida pahat hajut sekunneissa<\/li>\n<li>riittoisan hajunpoistajan matalalla ainekulutuksella<\/li>\n<\/ul>\n","protected":false},"excerpt":{"rendered":"<p>Hajunpoistaja ep\u00e4miellytt\u00e4vien hajujen poistamiseksi auton matkustamosta, vesikulkuneuvoista ja sis\u00e4tiloista. K\u00e4yt\u00e4 savun, kosteuden, el\u00e4inten hajubakteerien poistamiseen. Poistaa pahan hajun l\u00e4hteen. Parasta sveitsil\u00e4ist\u00e4 laatua.<\/p>\n","protected":false},"featured_media":14191,"template":"","meta":{"_acf_changed":false},"product_brand":[],"product_cat":[1704,1705,1768,1769,1770,1674],"product_tag":[1774,1772,1775,1782,1781,1780,1773,1771,1777,1776,1779,1778],"class_list":{"0":"post-12666","1":"product","2":"type-product","3":"status-publish","4":"has-post-thumbnail","6":"product_cat-caremax-huolto-matkustamolle-ja-korille","7":"product_cat-elintarviketeollisuus-ja-majoitus-gafomax","8":"product_cat-hajunpoisto","9":"product_cat-hajunpoisto-fi","10":"product_cat-tuoksutus","11":"product_cat-paadi-hooldus-puhastusvahendid-fi","12":"product_tag-auton-hajuvesi","13":"product_tag-autonraikastin","14":"product_tag-autotuoksu","15":"product_tag-hajunpoistaja","16":"product_tag-hajuntappaja","17":"product_tag-ilmanraikastin","18":"product_tag-matkustamon-hajuvesi","19":"product_tag-matkustamoraikastin","20":"product_tag-matkustamotuoksu","21":"product_tag-sisatilatuoksu","22":"product_tag-sveitsilainen-laatutuoksu","23":"product_tag-tilatuoksu","25":"first","26":"instock","27":"taxable","28":"shipping-taxable","29":"purchasable","30":"product-type-variable"},"acf":[],"yoast_head":"<!-- This site is optimized with the Yoast SEO Premium plugin v27.5 (Yoast SEO v27.5) - https:\/\/yoast.com\/product\/yoast-seo-premium-wordpress\/ -->\n<title>44 Odourkiller ilmanraikastin hajuntappaja hajunpoistaja tilatuoksu<\/title>\n<meta name=\"description\" content=\"Ilmanraikastin hajuntappaja hajunpoistaja ep\u00e4miellytt\u00e4vien hajujen poistamiseen matkustamosta, vesikulkuneuvoista, tiloista. Paras korkea laatu\" \/>\n<meta name=\"robots\" content=\"index, follow, max-snippet:-1, max-image-preview:large, max-video-preview:-1\" \/>\n<link rel=\"canonical\" href=\"https:\/\/maxolen.ee\/fi\/autokeemia\/caremax-huolto-matkustamolle-ja-korille\/hajunpoisto\/44-odourkiller-ilmanraikastin-hajuntappaja-hajunpoistaja-tilatuoksu\/\" \/>\n<meta property=\"og:locale\" content=\"fi_FI\" \/>\n<meta property=\"og:type\" content=\"article\" \/>\n<meta property=\"og:title\" content=\"44 Odourkiller ilmanraikastin hajuntappaja hajunpoistaja tilatuoksu\" \/>\n<meta property=\"og:description\" content=\"Ilmanraikastin hajuntappaja hajunpoistaja ep\u00e4miellytt\u00e4vien hajujen poistamiseen matkustamosta, vesikulkuneuvoista, tiloista. Paras korkea laatu\" \/>\n<meta property=\"og:url\" content=\"https:\/\/maxolen.ee\/fi\/autokeemia\/caremax-huolto-matkustamolle-ja-korille\/hajunpoisto\/44-odourkiller-ilmanraikastin-hajuntappaja-hajunpoistaja-tilatuoksu\/\" \/>\n<meta property=\"og:site_name\" content=\"Maxolen\" \/>\n<meta property=\"article:publisher\" content=\"https:\/\/www.facebook.com\/MaxolenNord\/\" \/>\n<meta property=\"og:image\" content=\"https:\/\/maxolen.ee\/wp-content\/uploads\/2022\/08\/Ohuvarskendaja_haisutapja_interjooriparfuum_salongilohn_lohnaeemladaja_autolohnastaja_ruumilohnastaja_44_Odourkiller.png\" \/>\n\t<meta property=\"og:image:width\" content=\"1000\" \/>\n\t<meta property=\"og:image:height\" content=\"1167\" \/>\n\t<meta property=\"og:image:type\" content=\"image\/png\" \/>\n<meta name=\"twitter:card\" content=\"summary_large_image\" \/>\n<meta name=\"twitter:label1\" content=\"Saatavuus\" \/>\n\t<meta name=\"twitter:data1\" content=\"Varastossa\" \/>\n<script type=\"application\/ld+json\" class=\"yoast-schema-graph\">{\"@context\":\"https:\\\/\\\/schema.org\",\"@graph\":[{\"@type\":\"WebPage\",\"@id\":\"https:\\\/\\\/maxolen.ee\\\/fi\\\/autokeemia\\\/caremax-huolto-matkustamolle-ja-korille\\\/hajunpoisto\\\/44-odourkiller-ilmanraikastin-hajuntappaja-hajunpoistaja-tilatuoksu\\\/\",\"url\":\"https:\\\/\\\/maxolen.ee\\\/fi\\\/autokeemia\\\/caremax-huolto-matkustamolle-ja-korille\\\/hajunpoisto\\\/44-odourkiller-ilmanraikastin-hajuntappaja-hajunpoistaja-tilatuoksu\\\/\",\"name\":\"44 Odourkiller ilmanraikastin hajuntappaja hajunpoistaja tilatuoksu\",\"isPartOf\":{\"@id\":\"https:\\\/\\\/maxolen.ee\\\/fi\\\/#website\"},\"primaryImageOfPage\":{\"@id\":\"https:\\\/\\\/maxolen.ee\\\/fi\\\/autokeemia\\\/caremax-huolto-matkustamolle-ja-korille\\\/hajunpoisto\\\/44-odourkiller-ilmanraikastin-hajuntappaja-hajunpoistaja-tilatuoksu\\\/#primaryimage\"},\"image\":{\"@id\":\"https:\\\/\\\/maxolen.ee\\\/fi\\\/autokeemia\\\/caremax-huolto-matkustamolle-ja-korille\\\/hajunpoisto\\\/44-odourkiller-ilmanraikastin-hajuntappaja-hajunpoistaja-tilatuoksu\\\/#primaryimage\"},\"thumbnailUrl\":\"https:\\\/\\\/maxolen.ee\\\/wp-content\\\/uploads\\\/2022\\\/08\\\/Lohnastaja-ruumilohn-lohnaeemaldaja-salongiparfuum-autoparfuum-ruumiaroom-Maxolen-parim-sveitsi-kvaliteet.png\",\"datePublished\":\"2022-08-08T14:37:01+00:00\",\"description\":\"Ilmanraikastin hajuntappaja hajunpoistaja ep\u00e4miellytt\u00e4vien hajujen poistamiseen matkustamosta, vesikulkuneuvoista, tiloista. Paras korkea laatu\",\"breadcrumb\":{\"@id\":\"https:\\\/\\\/maxolen.ee\\\/fi\\\/autokeemia\\\/caremax-huolto-matkustamolle-ja-korille\\\/hajunpoisto\\\/44-odourkiller-ilmanraikastin-hajuntappaja-hajunpoistaja-tilatuoksu\\\/#breadcrumb\"},\"inLanguage\":\"fi\",\"potentialAction\":[{\"@type\":\"ReadAction\",\"target\":[\"https:\\\/\\\/maxolen.ee\\\/fi\\\/autokeemia\\\/caremax-huolto-matkustamolle-ja-korille\\\/hajunpoisto\\\/44-odourkiller-ilmanraikastin-hajuntappaja-hajunpoistaja-tilatuoksu\\\/\"]}]},{\"@type\":\"ImageObject\",\"inLanguage\":\"fi\",\"@id\":\"https:\\\/\\\/maxolen.ee\\\/fi\\\/autokeemia\\\/caremax-huolto-matkustamolle-ja-korille\\\/hajunpoisto\\\/44-odourkiller-ilmanraikastin-hajuntappaja-hajunpoistaja-tilatuoksu\\\/#primaryimage\",\"url\":\"https:\\\/\\\/maxolen.ee\\\/wp-content\\\/uploads\\\/2022\\\/08\\\/Lohnastaja-ruumilohn-lohnaeemaldaja-salongiparfuum-autoparfuum-ruumiaroom-Maxolen-parim-sveitsi-kvaliteet.png\",\"contentUrl\":\"https:\\\/\\\/maxolen.ee\\\/wp-content\\\/uploads\\\/2022\\\/08\\\/Lohnastaja-ruumilohn-lohnaeemaldaja-salongiparfuum-autoparfuum-ruumiaroom-Maxolen-parim-sveitsi-kvaliteet.png\",\"width\":1000,\"height\":1167},{\"@type\":\"BreadcrumbList\",\"@id\":\"https:\\\/\\\/maxolen.ee\\\/fi\\\/autokeemia\\\/caremax-huolto-matkustamolle-ja-korille\\\/hajunpoisto\\\/44-odourkiller-ilmanraikastin-hajuntappaja-hajunpoistaja-tilatuoksu\\\/#breadcrumb\",\"itemListElement\":[{\"@type\":\"ListItem\",\"position\":1,\"name\":\"Home\",\"item\":\"https:\\\/\\\/maxolen.ee\\\/fi\\\/\"},{\"@type\":\"ListItem\",\"position\":2,\"name\":\"Verkkokauppa\",\"item\":\"https:\\\/\\\/maxolen.ee\\\/autokeemia\\\/\"},{\"@type\":\"ListItem\",\"position\":3,\"name\":\"44 Odourkiller ilmanraikastin hajuntappaja hajunpoistaja tilatuoksu\"}]},{\"@type\":\"WebSite\",\"@id\":\"https:\\\/\\\/maxolen.ee\\\/fi\\\/#website\",\"url\":\"https:\\\/\\\/maxolen.ee\\\/fi\\\/\",\"name\":\"Maxolen\",\"description\":\"Premium profikeemia \u0160veitsist\",\"publisher\":{\"@id\":\"https:\\\/\\\/maxolen.ee\\\/fi\\\/#organization\"},\"potentialAction\":[{\"@type\":\"SearchAction\",\"target\":{\"@type\":\"EntryPoint\",\"urlTemplate\":\"https:\\\/\\\/maxolen.ee\\\/fi\\\/?s={search_term_string}\"},\"query-input\":{\"@type\":\"PropertyValueSpecification\",\"valueRequired\":true,\"valueName\":\"search_term_string\"}}],\"inLanguage\":\"fi\"},{\"@type\":\"Organization\",\"@id\":\"https:\\\/\\\/maxolen.ee\\\/fi\\\/#organization\",\"name\":\"Maxolen\",\"url\":\"https:\\\/\\\/maxolen.ee\\\/fi\\\/\",\"logo\":{\"@type\":\"ImageObject\",\"inLanguage\":\"fi\",\"@id\":\"https:\\\/\\\/maxolen.ee\\\/fi\\\/#\\\/schema\\\/logo\\\/image\\\/\",\"url\":\"https:\\\/\\\/maxolen.ee\\\/wp-content\\\/uploads\\\/2020\\\/01\\\/cropped-Maxolen_autokeemia_fav.png\",\"contentUrl\":\"https:\\\/\\\/maxolen.ee\\\/wp-content\\\/uploads\\\/2020\\\/01\\\/cropped-Maxolen_autokeemia_fav.png\",\"width\":512,\"height\":512,\"caption\":\"Maxolen\"},\"image\":{\"@id\":\"https:\\\/\\\/maxolen.ee\\\/fi\\\/#\\\/schema\\\/logo\\\/image\\\/\"},\"sameAs\":[\"https:\\\/\\\/www.facebook.com\\\/MaxolenNord\\\/\"]}]}<\/script>\n<meta property=\"og:availability\" content=\"instock\" \/>\n<meta property=\"product:availability\" content=\"instock\" \/>\n<meta property=\"product:condition\" content=\"new\" \/>\n<!-- \/ Yoast SEO Premium plugin. -->","yoast_head_json":{"title":"44 Odourkiller ilmanraikastin hajuntappaja hajunpoistaja tilatuoksu","description":"Ilmanraikastin hajuntappaja hajunpoistaja ep\u00e4miellytt\u00e4vien hajujen poistamiseen matkustamosta, vesikulkuneuvoista, tiloista. Paras korkea laatu","robots":{"index":"index","follow":"follow","max-snippet":"max-snippet:-1","max-image-preview":"max-image-preview:large","max-video-preview":"max-video-preview:-1"},"canonical":"https:\/\/maxolen.ee\/fi\/autokeemia\/caremax-huolto-matkustamolle-ja-korille\/hajunpoisto\/44-odourkiller-ilmanraikastin-hajuntappaja-hajunpoistaja-tilatuoksu\/","og_locale":"fi_FI","og_type":"article","og_title":"44 Odourkiller ilmanraikastin hajuntappaja hajunpoistaja tilatuoksu","og_description":"Ilmanraikastin hajuntappaja hajunpoistaja ep\u00e4miellytt\u00e4vien hajujen poistamiseen matkustamosta, vesikulkuneuvoista, tiloista. Paras korkea laatu","og_url":"https:\/\/maxolen.ee\/fi\/autokeemia\/caremax-huolto-matkustamolle-ja-korille\/hajunpoisto\/44-odourkiller-ilmanraikastin-hajuntappaja-hajunpoistaja-tilatuoksu\/","og_site_name":"Maxolen","article_publisher":"https:\/\/www.facebook.com\/MaxolenNord\/","og_image":[{"width":1000,"height":1167,"url":"https:\/\/maxolen.ee\/wp-content\/uploads\/2022\/08\/Ohuvarskendaja_haisutapja_interjooriparfuum_salongilohn_lohnaeemladaja_autolohnastaja_ruumilohnastaja_44_Odourkiller.png","type":"image\/png"}],"twitter_card":"summary_large_image","twitter_misc":{"Saatavuus":"Varastossa"},"schema":{"@context":"https:\/\/schema.org","@graph":[{"@type":"WebPage","@id":"https:\/\/maxolen.ee\/fi\/autokeemia\/caremax-huolto-matkustamolle-ja-korille\/hajunpoisto\/44-odourkiller-ilmanraikastin-hajuntappaja-hajunpoistaja-tilatuoksu\/","url":"https:\/\/maxolen.ee\/fi\/autokeemia\/caremax-huolto-matkustamolle-ja-korille\/hajunpoisto\/44-odourkiller-ilmanraikastin-hajuntappaja-hajunpoistaja-tilatuoksu\/","name":"44 Odourkiller ilmanraikastin hajuntappaja hajunpoistaja tilatuoksu","isPartOf":{"@id":"https:\/\/maxolen.ee\/fi\/#website"},"primaryImageOfPage":{"@id":"https:\/\/maxolen.ee\/fi\/autokeemia\/caremax-huolto-matkustamolle-ja-korille\/hajunpoisto\/44-odourkiller-ilmanraikastin-hajuntappaja-hajunpoistaja-tilatuoksu\/#primaryimage"},"image":{"@id":"https:\/\/maxolen.ee\/fi\/autokeemia\/caremax-huolto-matkustamolle-ja-korille\/hajunpoisto\/44-odourkiller-ilmanraikastin-hajuntappaja-hajunpoistaja-tilatuoksu\/#primaryimage"},"thumbnailUrl":"https:\/\/maxolen.ee\/wp-content\/uploads\/2022\/08\/Lohnastaja-ruumilohn-lohnaeemaldaja-salongiparfuum-autoparfuum-ruumiaroom-Maxolen-parim-sveitsi-kvaliteet.png","datePublished":"2022-08-08T14:37:01+00:00","description":"Ilmanraikastin hajuntappaja hajunpoistaja ep\u00e4miellytt\u00e4vien hajujen poistamiseen matkustamosta, vesikulkuneuvoista, tiloista. Paras korkea laatu","breadcrumb":{"@id":"https:\/\/maxolen.ee\/fi\/autokeemia\/caremax-huolto-matkustamolle-ja-korille\/hajunpoisto\/44-odourkiller-ilmanraikastin-hajuntappaja-hajunpoistaja-tilatuoksu\/#breadcrumb"},"inLanguage":"fi","potentialAction":[{"@type":"ReadAction","target":["https:\/\/maxolen.ee\/fi\/autokeemia\/caremax-huolto-matkustamolle-ja-korille\/hajunpoisto\/44-odourkiller-ilmanraikastin-hajuntappaja-hajunpoistaja-tilatuoksu\/"]}]},{"@type":"ImageObject","inLanguage":"fi","@id":"https:\/\/maxolen.ee\/fi\/autokeemia\/caremax-huolto-matkustamolle-ja-korille\/hajunpoisto\/44-odourkiller-ilmanraikastin-hajuntappaja-hajunpoistaja-tilatuoksu\/#primaryimage","url":"https:\/\/maxolen.ee\/wp-content\/uploads\/2022\/08\/Lohnastaja-ruumilohn-lohnaeemaldaja-salongiparfuum-autoparfuum-ruumiaroom-Maxolen-parim-sveitsi-kvaliteet.png","contentUrl":"https:\/\/maxolen.ee\/wp-content\/uploads\/2022\/08\/Lohnastaja-ruumilohn-lohnaeemaldaja-salongiparfuum-autoparfuum-ruumiaroom-Maxolen-parim-sveitsi-kvaliteet.png","width":1000,"height":1167},{"@type":"BreadcrumbList","@id":"https:\/\/maxolen.ee\/fi\/autokeemia\/caremax-huolto-matkustamolle-ja-korille\/hajunpoisto\/44-odourkiller-ilmanraikastin-hajuntappaja-hajunpoistaja-tilatuoksu\/#breadcrumb","itemListElement":[{"@type":"ListItem","position":1,"name":"Home","item":"https:\/\/maxolen.ee\/fi\/"},{"@type":"ListItem","position":2,"name":"Verkkokauppa","item":"https:\/\/maxolen.ee\/autokeemia\/"},{"@type":"ListItem","position":3,"name":"44 Odourkiller ilmanraikastin hajuntappaja hajunpoistaja tilatuoksu"}]},{"@type":"WebSite","@id":"https:\/\/maxolen.ee\/fi\/#website","url":"https:\/\/maxolen.ee\/fi\/","name":"Maxolen","description":"Premium profikeemia \u0160veitsist","publisher":{"@id":"https:\/\/maxolen.ee\/fi\/#organization"},"potentialAction":[{"@type":"SearchAction","target":{"@type":"EntryPoint","urlTemplate":"https:\/\/maxolen.ee\/fi\/?s={search_term_string}"},"query-input":{"@type":"PropertyValueSpecification","valueRequired":true,"valueName":"search_term_string"}}],"inLanguage":"fi"},{"@type":"Organization","@id":"https:\/\/maxolen.ee\/fi\/#organization","name":"Maxolen","url":"https:\/\/maxolen.ee\/fi\/","logo":{"@type":"ImageObject","inLanguage":"fi","@id":"https:\/\/maxolen.ee\/fi\/#\/schema\/logo\/image\/","url":"https:\/\/maxolen.ee\/wp-content\/uploads\/2020\/01\/cropped-Maxolen_autokeemia_fav.png","contentUrl":"https:\/\/maxolen.ee\/wp-content\/uploads\/2020\/01\/cropped-Maxolen_autokeemia_fav.png","width":512,"height":512,"caption":"Maxolen"},"image":{"@id":"https:\/\/maxolen.ee\/fi\/#\/schema\/logo\/image\/"},"sameAs":["https:\/\/www.facebook.com\/MaxolenNord\/"]}]},"og_availability":"instock","product_availability":"instock","product_condition":"new"},"_links":{"self":[{"href":"https:\/\/maxolen.ee\/fi\/wp-json\/wp\/v2\/product\/12666","targetHints":{"allow":["GET"]}}],"collection":[{"href":"https:\/\/maxolen.ee\/fi\/wp-json\/wp\/v2\/product"}],"about":[{"href":"https:\/\/maxolen.ee\/fi\/wp-json\/wp\/v2\/types\/product"}],"wp:featuredmedia":[{"embeddable":true,"href":"https:\/\/maxolen.ee\/fi\/wp-json\/wp\/v2\/media\/14191"}],"wp:attachment":[{"href":"https:\/\/maxolen.ee\/fi\/wp-json\/wp\/v2\/media?parent=12666"}],"wp:term":[{"taxonomy":"product_brand","embeddable":true,"href":"https:\/\/maxolen.ee\/fi\/wp-json\/wp\/v2\/product_brand?post=12666"},{"taxonomy":"product_cat","embeddable":true,"href":"https:\/\/maxolen.ee\/fi\/wp-json\/wp\/v2\/product_cat?post=12666"},{"taxonomy":"product_tag","embeddable":true,"href":"https:\/\/maxolen.ee\/fi\/wp-json\/wp\/v2\/product_tag?post=12666"}],"curies":[{"name":"wp","href":"https:\/\/api.w.org\/{rel}","templated":true}]}}