{"id":12677,"date":"2022-07-01T10:46:10","date_gmt":"2022-07-01T10:46:10","guid":{"rendered":"https:\/\/maxolen.ee\/autokeemia\/Ei-luokiteltu\/32x-saubermen-oko-vihrea-puhdistustiiviste-keittiosta-autoon-ja-autotalliin\/"},"modified":"2022-07-01T10:46:10","modified_gmt":"2022-07-01T08:46:10","slug":"32x-saubermen-oko-vihrea-puhdistustiiviste-keittiosta-autoon-ja-autotalliin","status":"publish","type":"product","link":"https:\/\/maxolen.ee\/fi\/autokeemia\/caremax-huolto-matkustamolle-ja-korille\/matkustamon-pesu\/32x-saubermen-oko-vihrea-puhdistustiiviste-keittiosta-autoon-ja-autotalliin\/","title":{"rendered":"32X Saubermen \u00d6KO vihre\u00e4 puhdistustiiviste keitti\u00f6st\u00e4 autoon ja autotalliin"},"content":{"rendered":"<p>Vihre\u00e4 \u00d6KO-puhdistustiiviste keitti\u00f6st\u00e4 autoon ja autotalliin, voimakas likaa ja rasvaa liuottava vaikutus. Saubermen Eco 32X on ymp\u00e4rist\u00f6yst\u00e4v\u00e4llinen mutta tehokas yleispuhdistusaine, joka toimitetaan loppuk\u00e4ytt\u00e4j\u00e4lle tiivisteen\u00e4 ja voidaan laimentaa runsaalla vedell\u00e4. Koostumukseltaan riittoisan ja tuoksultaan tarttuvan miellytt\u00e4v\u00e4 ja raikas vihre\u00e4 yleispuhdistustiiviste puhdistaa kaiken keitti\u00f6st\u00e4 autoon ja autotalliin. Yleisesti k\u00e4ytett\u00e4v\u00e4 pinttyneimm\u00e4n lian ja tahrojen poistamiseen kaikilta pinnoilta: kankaat, nahka, muovi, alumiini, moottorit, alusta, vanteet, autotallin lattiat ja sisustus, veneet, pressut jne. Soveltuu k\u00e4ytett\u00e4v\u00e4ksi elintarvikealalla, ajoneuvoissa ja teollisuudessa kaikkien yleisimpien materiaalien puhdistamiseen p\u00e4ivitt\u00e4isest\u00e4 liasta ja tahroista. <\/p>\n<h4 style=\"color: black;\">K\u00e4ytt\u00f6<\/h4>\n<p>Laimennussuhteet: tuote: vesi. 1:1 voimakas likaantuminen, 1:3 kangas ja matkustamo, 1:6 hy\u00f6nteisten poisto, 1:6 nahka tai keinonahka, 1:10 shampookone\/matonpuhdistusaine. Yleens\u00e4 laimennetaan vedell\u00e4 suhteessa 1:10\u20131:20 likaisuusasteesta riippuen. T\u00e4rke\u00e4\u00e4: \u00c4l\u00e4 k\u00e4yt\u00e4 kuumille maalatuille pinnoille tai suorassa auringonvalossa. \u00c4l\u00e4 anna j\u00e4\u00e4m\u00e4n kuivua maalipinnalle. Huuhtele v\u00e4litt\u00f6m\u00e4sti riitt\u00e4v\u00e4ll\u00e4 vesim\u00e4\u00e4r\u00e4ll\u00e4. Ennen k\u00e4ytt\u00f6\u00e4 Saubermen Eco 32X -tiiviste on laimennettava vedell\u00e4 likaisuusasteesta riippuen. Kun olet k\u00e4ytt\u00e4nyt Saubermen Eco 32X:\u00e4\u00e4 nahalla tai tekonahalla, pinnat on suojattava Maxolen <a href=\"https:\/\/maxolen.ee\/toimetaja\/autokeemia\/salongipuhastusvahendid\/naha-hooldusvahendid\/nahakreem-nahahooldusvahend-nahakaitselosjoon-nahaornpuhastus\/\">Leather Cream 40:ll\u00e4<\/a> tai Maxolen <a href=\"https:\/\/maxolen.ee\/toimetaja\/autokeemia\/salongipuhastusvahendid\/naha-hooldusvahendid\/nahabalsam-nahahooldusvahend-nahakaitsevaha-tahkevaha-kovavaha-40b-leather-balm\/\">Leather Balm 40B:ll\u00e4<\/a>. <\/p>\n<h4 style=\"color: black;\">Koostumus<\/h4>\n<p>Fysikaaliset ja kemialliset tiedot sek\u00e4 m\u00e4\u00e4r\u00e4ykset ja ainesosat l\u00f6ytyv\u00e4t turvallisuustietosivulta. S\u00e4ilyvyys alkuper\u00e4isess\u00e4 pakkauksessa: v\u00e4h. 1 vuosi. Optimaalinen s\u00e4ilytysl\u00e4mp\u00f6tila 5\u201330 \u00b0C. Ei sis\u00e4ll\u00e4 fosfaatteja, AOX:\u00e4\u00e4, ksylolia, toluolia, nitraatteja, raskasmetalleja, alkyylifenolietoksylaatteja. VOC-vapaa (Sveitsi). VOC 30,0 g\/l. pH 12,7 (20 \u00b0C:ssa). Helposti biohajoava.<\/p>\n<h4 style=\"color: black;\">Tuote on sinulle oikea, jos haluat<\/h4>\n<ul>\n<li>voimakkaan likaa ja rasvaa liuottavan vaikutuksen<\/li>\n<li>alhaisen aineenkulutuksen ja korkean pitoisuuden<\/li>\n<li>ymp\u00e4rist\u00f6yst\u00e4v\u00e4llisi\u00e4 ainesosia<\/li>\n<li>yleispuhdistustiivisteen moniin erilaisiin t\u00f6ihin ja erilaisille materiaaleille<\/li>\n<li>vieh\u00e4tt\u00e4v\u00e4n raikkaan tuoksun<\/li>\n<li>vihre\u00e4\u00e4 sveitsil\u00e4ist\u00e4 laatua ja riittoisan koostumuksen<\/li>\n<\/ul>\n","protected":false},"excerpt":{"rendered":"<p>Vihre\u00e4 superpuhdistusaine nahkapenkkien, tekstiiliverhoilun ja kaikkien muiden matkustamomateriaalien ja auton korin puhdistamiseen. Yleispuhdistusaine puhdistaa kaikki yleisimm\u00e4t materiaalit keitti\u00f6ss\u00e4, ajoneuvossa, kotitaloudessa ja autotallissa. Erityisen vieh\u00e4tt\u00e4v\u00e4 sveitsil\u00e4inen laatutuoksu. Vedell\u00e4 laimennettava tiiviste. Todellinen vihre\u00e4 puhdistusihme!  <\/p>\n","protected":false},"featured_media":14213,"template":"","meta":{"_acf_changed":false},"product_brand":[],"product_cat":[1704,1705,1790,1797,1792,1676,1791,1796,1793,1795,1799,1794,1674,1798],"product_tag":[1810,1812,1802,1800,1805,1808,1809,1806,1803,1804,1811,1801,1807],"class_list":{"0":"post-12677","1":"product","2":"type-product","3":"status-publish","4":"has-post-thumbnail","6":"product_cat-caremax-huolto-matkustamolle-ja-korille","7":"product_cat-elintarviketeollisuus-ja-majoitus-gafomax","8":"product_cat-esiliotus","9":"product_cat-lattianpesu","10":"product_cat-matkustamon-pesu","11":"product_cat-mootorratta-mototehnika-puhastusvahendid-fi","12":"product_cat-nahan-ja-muovin-puhdistus","13":"product_cat-nahan-puhdistus-fi","14":"product_cat-nahan-puhdistus","15":"product_cat-ohjaamon-pesu","16":"product_cat-sohvan-pesu-ja-tahranpoisto","17":"product_cat-tiikkikannen-puhdistus","18":"product_cat-paadi-hooldus-puhastusvahendid-fi","19":"product_cat-yleissiivous-keittion-siivous","20":"product_tag-ekopuhdistusaine","21":"product_tag-keittionpuhdistusaine","22":"product_tag-kemiallinen-puhdistus","23":"product_tag-matkustamon-puhdistusaine","24":"product_tag-nahanpuhdistusaine","25":"product_tag-pikapuhdistaja","26":"product_tag-pikapuhdistusaine","27":"product_tag-tahranpoistaja","28":"product_tag-tahranpoistoaine","29":"product_tag-tekstiilinpuhdistusaine","30":"product_tag-vihrea-puhdistusaine","31":"product_tag-yleispuhdistusaine","32":"product_tag-yleispuhdistusaine-fi","34":"first","35":"instock","36":"sale","37":"featured","38":"taxable","39":"shipping-taxable","40":"purchasable","41":"product-type-variable","42":"has-default-attributes"},"acf":[],"yoast_head":"<!-- This site is optimized with the Yoast SEO Premium plugin v27.2 (Yoast SEO v27.2) - https:\/\/yoast.com\/product\/yoast-seo-premium-wordpress\/ -->\n<title>32X Saubermen \u00d6KO vihre\u00e4 puhdistustiiviste keitti\u00f6st\u00e4 autoon ja autotalliin<\/title>\n<meta name=\"description\" content=\"Vihre\u00e4 puhdistustiiviste keitti\u00f6st\u00e4 autoon ja autotalliin. Sopii parhaiten nahkapenkkien, tekstiiliverhoilun, ajoneuvon korin ja tilojen puhdistamiseen. Valmistettu Sveitsiss\u00e4.\" \/>\n<meta name=\"robots\" content=\"index, follow, max-snippet:-1, max-image-preview:large, max-video-preview:-1\" \/>\n<link rel=\"canonical\" href=\"https:\/\/maxolen.ee\/fi\/autokeemia\/caremax-huolto-matkustamolle-ja-korille\/matkustamon-pesu\/32x-saubermen-oko-vihrea-puhdistustiiviste-keittiosta-autoon-ja-autotalliin\/\" \/>\n<meta property=\"og:locale\" content=\"fi_FI\" \/>\n<meta property=\"og:type\" content=\"article\" \/>\n<meta property=\"og:title\" content=\"32X Saubermen \u00d6KO vihre\u00e4 puhdistustiiviste keitti\u00f6st\u00e4 autoon ja autotalliin\" \/>\n<meta property=\"og:description\" content=\"Vihre\u00e4 puhdistustiiviste keitti\u00f6st\u00e4 autoon ja autotalliin. Sopii parhaiten nahkapenkkien, tekstiiliverhoilun, ajoneuvon korin ja tilojen puhdistamiseen. Valmistettu Sveitsiss\u00e4.\" \/>\n<meta property=\"og:url\" content=\"https:\/\/maxolen.ee\/fi\/autokeemia\/caremax-huolto-matkustamolle-ja-korille\/matkustamon-pesu\/32x-saubermen-oko-vihrea-puhdistustiiviste-keittiosta-autoon-ja-autotalliin\/\" \/>\n<meta property=\"og:site_name\" content=\"Maxolen\" \/>\n<meta property=\"article:publisher\" content=\"https:\/\/www.facebook.com\/MaxolenNord\/\" \/>\n<meta property=\"og:image\" content=\"https:\/\/maxolen.ee\/wp-content\/uploads\/2022\/07\/Oko_koogi_auto_ja_tookoja_roheline_puhastuskontsentraat_universaalpuhastusvahend_32X_Saubermen.png\" \/>\n\t<meta property=\"og:image:width\" content=\"1000\" \/>\n\t<meta property=\"og:image:height\" content=\"1167\" \/>\n\t<meta property=\"og:image:type\" content=\"image\/png\" \/>\n<meta name=\"twitter:card\" content=\"summary_large_image\" \/>\n<meta name=\"twitter:label1\" content=\"Saatavuus\" \/>\n\t<meta name=\"twitter:data1\" content=\"Varastossa\" \/>\n<script type=\"application\/ld+json\" class=\"yoast-schema-graph\">{\"@context\":\"https:\/\/schema.org\",\"@graph\":[{\"@type\":\"WebPage\",\"@id\":\"https:\/\/maxolen.ee\/fi\/autokeemia\/caremax-huolto-matkustamolle-ja-korille\/matkustamon-pesu\/32x-saubermen-oko-vihrea-puhdistustiiviste-keittiosta-autoon-ja-autotalliin\/\",\"url\":\"https:\/\/maxolen.ee\/fi\/autokeemia\/caremax-huolto-matkustamolle-ja-korille\/matkustamon-pesu\/32x-saubermen-oko-vihrea-puhdistustiiviste-keittiosta-autoon-ja-autotalliin\/\",\"name\":\"32X Saubermen \u00d6KO vihre\u00e4 puhdistustiiviste keitti\u00f6st\u00e4 autoon ja autotalliin\",\"isPartOf\":{\"@id\":\"https:\/\/maxolen.ee\/fi\/#website\"},\"primaryImageOfPage\":{\"@id\":\"https:\/\/maxolen.ee\/fi\/autokeemia\/caremax-huolto-matkustamolle-ja-korille\/matkustamon-pesu\/32x-saubermen-oko-vihrea-puhdistustiiviste-keittiosta-autoon-ja-autotalliin\/#primaryimage\"},\"image\":{\"@id\":\"https:\/\/maxolen.ee\/fi\/autokeemia\/caremax-huolto-matkustamolle-ja-korille\/matkustamon-pesu\/32x-saubermen-oko-vihrea-puhdistustiiviste-keittiosta-autoon-ja-autotalliin\/#primaryimage\"},\"thumbnailUrl\":\"https:\/\/maxolen.ee\/wp-content\/uploads\/2022\/07\/Vaibapesuvahend-nahapuhastusvahend-polstripuhastusvahend-plastikupuhastusvahend-puidupuhastusvahend-autopuhastusvahend-32X-Saubermen-Maxolen-parimad-puhastusvahendid-Sveitsist.png\",\"datePublished\":\"2022-07-01T10:46:10+00:00\",\"description\":\"Vihre\u00e4 puhdistustiiviste keitti\u00f6st\u00e4 autoon ja autotalliin. Sopii parhaiten nahkapenkkien, tekstiiliverhoilun, ajoneuvon korin ja tilojen puhdistamiseen. Valmistettu Sveitsiss\u00e4.\",\"breadcrumb\":{\"@id\":\"https:\/\/maxolen.ee\/fi\/autokeemia\/caremax-huolto-matkustamolle-ja-korille\/matkustamon-pesu\/32x-saubermen-oko-vihrea-puhdistustiiviste-keittiosta-autoon-ja-autotalliin\/#breadcrumb\"},\"inLanguage\":\"fi\",\"potentialAction\":[{\"@type\":\"ReadAction\",\"target\":[\"https:\/\/maxolen.ee\/fi\/autokeemia\/caremax-huolto-matkustamolle-ja-korille\/matkustamon-pesu\/32x-saubermen-oko-vihrea-puhdistustiiviste-keittiosta-autoon-ja-autotalliin\/\"]}]},{\"@type\":\"ImageObject\",\"inLanguage\":\"fi\",\"@id\":\"https:\/\/maxolen.ee\/fi\/autokeemia\/caremax-huolto-matkustamolle-ja-korille\/matkustamon-pesu\/32x-saubermen-oko-vihrea-puhdistustiiviste-keittiosta-autoon-ja-autotalliin\/#primaryimage\",\"url\":\"https:\/\/maxolen.ee\/wp-content\/uploads\/2022\/07\/Vaibapesuvahend-nahapuhastusvahend-polstripuhastusvahend-plastikupuhastusvahend-puidupuhastusvahend-autopuhastusvahend-32X-Saubermen-Maxolen-parimad-puhastusvahendid-Sveitsist.png\",\"contentUrl\":\"https:\/\/maxolen.ee\/wp-content\/uploads\/2022\/07\/Vaibapesuvahend-nahapuhastusvahend-polstripuhastusvahend-plastikupuhastusvahend-puidupuhastusvahend-autopuhastusvahend-32X-Saubermen-Maxolen-parimad-puhastusvahendid-Sveitsist.png\",\"width\":1000,\"height\":1167},{\"@type\":\"BreadcrumbList\",\"@id\":\"https:\/\/maxolen.ee\/fi\/autokeemia\/caremax-huolto-matkustamolle-ja-korille\/matkustamon-pesu\/32x-saubermen-oko-vihrea-puhdistustiiviste-keittiosta-autoon-ja-autotalliin\/#breadcrumb\",\"itemListElement\":[{\"@type\":\"ListItem\",\"position\":1,\"name\":\"Home\",\"item\":\"https:\/\/maxolen.ee\/fi\/\"},{\"@type\":\"ListItem\",\"position\":2,\"name\":\"Verkkokauppa\",\"item\":\"https:\/\/maxolen.ee\/autokeemia\/\"},{\"@type\":\"ListItem\",\"position\":3,\"name\":\"32X Saubermen \u00d6KO vihre\u00e4 puhdistustiiviste keitti\u00f6st\u00e4 autoon ja autotalliin\"}]},{\"@type\":\"WebSite\",\"@id\":\"https:\/\/maxolen.ee\/fi\/#website\",\"url\":\"https:\/\/maxolen.ee\/fi\/\",\"name\":\"Maxolen\",\"description\":\"Premium profikeemia \u0160veitsist\",\"publisher\":{\"@id\":\"https:\/\/maxolen.ee\/fi\/#organization\"},\"potentialAction\":[{\"@type\":\"SearchAction\",\"target\":{\"@type\":\"EntryPoint\",\"urlTemplate\":\"https:\/\/maxolen.ee\/fi\/?s={search_term_string}\"},\"query-input\":{\"@type\":\"PropertyValueSpecification\",\"valueRequired\":true,\"valueName\":\"search_term_string\"}}],\"inLanguage\":\"fi\"},{\"@type\":\"Organization\",\"@id\":\"https:\/\/maxolen.ee\/fi\/#organization\",\"name\":\"Maxolen\",\"url\":\"https:\/\/maxolen.ee\/fi\/\",\"logo\":{\"@type\":\"ImageObject\",\"inLanguage\":\"fi\",\"@id\":\"https:\/\/maxolen.ee\/fi\/#\/schema\/logo\/image\/\",\"url\":\"https:\/\/maxolen.ee\/wp-content\/uploads\/2020\/01\/cropped-Maxolen_autokeemia_fav.png\",\"contentUrl\":\"https:\/\/maxolen.ee\/wp-content\/uploads\/2020\/01\/cropped-Maxolen_autokeemia_fav.png\",\"width\":512,\"height\":512,\"caption\":\"Maxolen\"},\"image\":{\"@id\":\"https:\/\/maxolen.ee\/fi\/#\/schema\/logo\/image\/\"},\"sameAs\":[\"https:\/\/www.facebook.com\/MaxolenNord\/\"]}]}<\/script>\n<meta property=\"og:availability\" content=\"instock\" \/>\n<meta property=\"product:availability\" content=\"instock\" \/>\n<meta property=\"product:condition\" content=\"new\" \/>\n<!-- \/ Yoast SEO Premium plugin. -->","yoast_head_json":{"title":"32X Saubermen \u00d6KO vihre\u00e4 puhdistustiiviste keitti\u00f6st\u00e4 autoon ja autotalliin","description":"Vihre\u00e4 puhdistustiiviste keitti\u00f6st\u00e4 autoon ja autotalliin. Sopii parhaiten nahkapenkkien, tekstiiliverhoilun, ajoneuvon korin ja tilojen puhdistamiseen. Valmistettu Sveitsiss\u00e4.","robots":{"index":"index","follow":"follow","max-snippet":"max-snippet:-1","max-image-preview":"max-image-preview:large","max-video-preview":"max-video-preview:-1"},"canonical":"https:\/\/maxolen.ee\/fi\/autokeemia\/caremax-huolto-matkustamolle-ja-korille\/matkustamon-pesu\/32x-saubermen-oko-vihrea-puhdistustiiviste-keittiosta-autoon-ja-autotalliin\/","og_locale":"fi_FI","og_type":"article","og_title":"32X Saubermen \u00d6KO vihre\u00e4 puhdistustiiviste keitti\u00f6st\u00e4 autoon ja autotalliin","og_description":"Vihre\u00e4 puhdistustiiviste keitti\u00f6st\u00e4 autoon ja autotalliin. Sopii parhaiten nahkapenkkien, tekstiiliverhoilun, ajoneuvon korin ja tilojen puhdistamiseen. Valmistettu Sveitsiss\u00e4.","og_url":"https:\/\/maxolen.ee\/fi\/autokeemia\/caremax-huolto-matkustamolle-ja-korille\/matkustamon-pesu\/32x-saubermen-oko-vihrea-puhdistustiiviste-keittiosta-autoon-ja-autotalliin\/","og_site_name":"Maxolen","article_publisher":"https:\/\/www.facebook.com\/MaxolenNord\/","og_image":[{"width":1000,"height":1167,"url":"https:\/\/maxolen.ee\/wp-content\/uploads\/2022\/07\/Oko_koogi_auto_ja_tookoja_roheline_puhastuskontsentraat_universaalpuhastusvahend_32X_Saubermen.png","type":"image\/png"}],"twitter_card":"summary_large_image","twitter_misc":{"Saatavuus":"Varastossa"},"schema":{"@context":"https:\/\/schema.org","@graph":[{"@type":"WebPage","@id":"https:\/\/maxolen.ee\/fi\/autokeemia\/caremax-huolto-matkustamolle-ja-korille\/matkustamon-pesu\/32x-saubermen-oko-vihrea-puhdistustiiviste-keittiosta-autoon-ja-autotalliin\/","url":"https:\/\/maxolen.ee\/fi\/autokeemia\/caremax-huolto-matkustamolle-ja-korille\/matkustamon-pesu\/32x-saubermen-oko-vihrea-puhdistustiiviste-keittiosta-autoon-ja-autotalliin\/","name":"32X Saubermen \u00d6KO vihre\u00e4 puhdistustiiviste keitti\u00f6st\u00e4 autoon ja autotalliin","isPartOf":{"@id":"https:\/\/maxolen.ee\/fi\/#website"},"primaryImageOfPage":{"@id":"https:\/\/maxolen.ee\/fi\/autokeemia\/caremax-huolto-matkustamolle-ja-korille\/matkustamon-pesu\/32x-saubermen-oko-vihrea-puhdistustiiviste-keittiosta-autoon-ja-autotalliin\/#primaryimage"},"image":{"@id":"https:\/\/maxolen.ee\/fi\/autokeemia\/caremax-huolto-matkustamolle-ja-korille\/matkustamon-pesu\/32x-saubermen-oko-vihrea-puhdistustiiviste-keittiosta-autoon-ja-autotalliin\/#primaryimage"},"thumbnailUrl":"https:\/\/maxolen.ee\/wp-content\/uploads\/2022\/07\/Vaibapesuvahend-nahapuhastusvahend-polstripuhastusvahend-plastikupuhastusvahend-puidupuhastusvahend-autopuhastusvahend-32X-Saubermen-Maxolen-parimad-puhastusvahendid-Sveitsist.png","datePublished":"2022-07-01T10:46:10+00:00","description":"Vihre\u00e4 puhdistustiiviste keitti\u00f6st\u00e4 autoon ja autotalliin. Sopii parhaiten nahkapenkkien, tekstiiliverhoilun, ajoneuvon korin ja tilojen puhdistamiseen. Valmistettu Sveitsiss\u00e4.","breadcrumb":{"@id":"https:\/\/maxolen.ee\/fi\/autokeemia\/caremax-huolto-matkustamolle-ja-korille\/matkustamon-pesu\/32x-saubermen-oko-vihrea-puhdistustiiviste-keittiosta-autoon-ja-autotalliin\/#breadcrumb"},"inLanguage":"fi","potentialAction":[{"@type":"ReadAction","target":["https:\/\/maxolen.ee\/fi\/autokeemia\/caremax-huolto-matkustamolle-ja-korille\/matkustamon-pesu\/32x-saubermen-oko-vihrea-puhdistustiiviste-keittiosta-autoon-ja-autotalliin\/"]}]},{"@type":"ImageObject","inLanguage":"fi","@id":"https:\/\/maxolen.ee\/fi\/autokeemia\/caremax-huolto-matkustamolle-ja-korille\/matkustamon-pesu\/32x-saubermen-oko-vihrea-puhdistustiiviste-keittiosta-autoon-ja-autotalliin\/#primaryimage","url":"https:\/\/maxolen.ee\/wp-content\/uploads\/2022\/07\/Vaibapesuvahend-nahapuhastusvahend-polstripuhastusvahend-plastikupuhastusvahend-puidupuhastusvahend-autopuhastusvahend-32X-Saubermen-Maxolen-parimad-puhastusvahendid-Sveitsist.png","contentUrl":"https:\/\/maxolen.ee\/wp-content\/uploads\/2022\/07\/Vaibapesuvahend-nahapuhastusvahend-polstripuhastusvahend-plastikupuhastusvahend-puidupuhastusvahend-autopuhastusvahend-32X-Saubermen-Maxolen-parimad-puhastusvahendid-Sveitsist.png","width":1000,"height":1167},{"@type":"BreadcrumbList","@id":"https:\/\/maxolen.ee\/fi\/autokeemia\/caremax-huolto-matkustamolle-ja-korille\/matkustamon-pesu\/32x-saubermen-oko-vihrea-puhdistustiiviste-keittiosta-autoon-ja-autotalliin\/#breadcrumb","itemListElement":[{"@type":"ListItem","position":1,"name":"Home","item":"https:\/\/maxolen.ee\/fi\/"},{"@type":"ListItem","position":2,"name":"Verkkokauppa","item":"https:\/\/maxolen.ee\/autokeemia\/"},{"@type":"ListItem","position":3,"name":"32X Saubermen \u00d6KO vihre\u00e4 puhdistustiiviste keitti\u00f6st\u00e4 autoon ja autotalliin"}]},{"@type":"WebSite","@id":"https:\/\/maxolen.ee\/fi\/#website","url":"https:\/\/maxolen.ee\/fi\/","name":"Maxolen","description":"Premium profikeemia \u0160veitsist","publisher":{"@id":"https:\/\/maxolen.ee\/fi\/#organization"},"potentialAction":[{"@type":"SearchAction","target":{"@type":"EntryPoint","urlTemplate":"https:\/\/maxolen.ee\/fi\/?s={search_term_string}"},"query-input":{"@type":"PropertyValueSpecification","valueRequired":true,"valueName":"search_term_string"}}],"inLanguage":"fi"},{"@type":"Organization","@id":"https:\/\/maxolen.ee\/fi\/#organization","name":"Maxolen","url":"https:\/\/maxolen.ee\/fi\/","logo":{"@type":"ImageObject","inLanguage":"fi","@id":"https:\/\/maxolen.ee\/fi\/#\/schema\/logo\/image\/","url":"https:\/\/maxolen.ee\/wp-content\/uploads\/2020\/01\/cropped-Maxolen_autokeemia_fav.png","contentUrl":"https:\/\/maxolen.ee\/wp-content\/uploads\/2020\/01\/cropped-Maxolen_autokeemia_fav.png","width":512,"height":512,"caption":"Maxolen"},"image":{"@id":"https:\/\/maxolen.ee\/fi\/#\/schema\/logo\/image\/"},"sameAs":["https:\/\/www.facebook.com\/MaxolenNord\/"]}]},"og_availability":"instock","product_availability":"instock","product_condition":"new"},"_links":{"self":[{"href":"https:\/\/maxolen.ee\/fi\/wp-json\/wp\/v2\/product\/12677","targetHints":{"allow":["GET"]}}],"collection":[{"href":"https:\/\/maxolen.ee\/fi\/wp-json\/wp\/v2\/product"}],"about":[{"href":"https:\/\/maxolen.ee\/fi\/wp-json\/wp\/v2\/types\/product"}],"wp:featuredmedia":[{"embeddable":true,"href":"https:\/\/maxolen.ee\/fi\/wp-json\/wp\/v2\/media\/14213"}],"wp:attachment":[{"href":"https:\/\/maxolen.ee\/fi\/wp-json\/wp\/v2\/media?parent=12677"}],"wp:term":[{"taxonomy":"product_brand","embeddable":true,"href":"https:\/\/maxolen.ee\/fi\/wp-json\/wp\/v2\/product_brand?post=12677"},{"taxonomy":"product_cat","embeddable":true,"href":"https:\/\/maxolen.ee\/fi\/wp-json\/wp\/v2\/product_cat?post=12677"},{"taxonomy":"product_tag","embeddable":true,"href":"https:\/\/maxolen.ee\/fi\/wp-json\/wp\/v2\/product_tag?post=12677"}],"curies":[{"name":"wp","href":"https:\/\/api.w.org\/{rel}","templated":true}]}}