{"id":12684,"date":"2022-06-28T08:28:33","date_gmt":"2022-06-28T08:28:33","guid":{"rendered":"https:\/\/maxolen.ee\/autokeemia\/Ei-luokiteltu\/13-car-shampoo-autoshampoo-autonpesushampoo-kasinpesushampoo-autonpesugeeli\/"},"modified":"2022-06-28T08:28:33","modified_gmt":"2022-06-28T06:28:33","slug":"13-car-shampoo-autoshampoo-autonpesushampoo-kasinpesushampoo-autonpesugeeli","status":"publish","type":"product","link":"https:\/\/maxolen.ee\/fi\/autokeemia\/liotus-ja-ulkopesu-washmax\/shampoopesu\/13-car-shampoo-autoshampoo-autonpesushampoo-kasinpesushampoo-autonpesugeeli\/","title":{"rendered":"13 Car Shampoo autoshampoo autonpesushampoo k\u00e4sinpesushampoo autonpesugeeli"},"content":{"rendered":"<p>Autoshampoolla autonpesushampoolla k\u00e4sinpesushampoolla autonpesugeelill\u00e4 on suuri puhdistusteho ja lis\u00e4ttyjen ainesosien ansiosta se ravitsee lakkakerrosta ja s\u00e4\u00e4st\u00e4\u00e4 vahakerrosta ja palauttaa kauniin kiillon pitk\u00e4ksi ajaksi. Ainesosat imeytyv\u00e4t nopeasti. Erityisen liukas pesugeeli mahdollistaa naarmuttamattoman ja perusteellisen pesuvaiheen ilman tahraiseksi kuivumista. Eritt\u00e4in tiivistetty 1:200, voimakkaasti vaahtoava ja pH-neutraali shampoogeeli on hell\u00e4varainen k\u00e4sien iholle ja siin\u00e4 on raikas tuoksu, joka tekee ty\u00f6st\u00e4 miellytt\u00e4v\u00e4\u00e4. Ei j\u00e4t\u00e4 pintoja laikukkaaksi, rasvaiseksi tai raidalliseksi. Antaa kauniin kiillon lakkapinnalle. Helposti biohajoava.<\/p>\n<h4 style=\"color: black;\">K\u00e4ytt\u00f6<\/h4>\n<p>Shampootiiviste laimennetaan vedell\u00e4 1:200. Levit\u00e4 sienell\u00e4. Aloita pesu yl\u00e4osista ja siirry alasp\u00e4in. Vanteiden pesemiseen on k\u00e4tev\u00e4mpi k\u00e4ytt\u00e4\u00e4 pehme\u00e4\u00e4 varrellista harjaa. Huuhtele huolellisesti vedell\u00e4 ja kuivaa pinta kuivaimella tai tekonahkaisella tai nahkaisella kuivausliinalla.<\/p>\n<h4 style=\"color: black;\">Koostumus<\/h4>\n<p>Fysikaaliset ja kemialliset tiedot sek\u00e4 m\u00e4\u00e4r\u00e4ykset ja ainesosat l\u00f6ytyv\u00e4t turvallisuustietosivulta. S\u00e4ilyvyys alkuper\u00e4isess\u00e4 pakkauksessa: v\u00e4h. 1 vuosi. Optimaalinen s\u00e4ilytysl\u00e4mp\u00f6tila 5\u201330 \u00b0C. VOC-vapaa (Sveitsi). Ei sis\u00e4ll\u00e4 fosfaatteja, AOX:\u00e4\u00e4, nitraatteja, raskasmetalleja, alkyylifenolietoksylaatteja, biologisesti helposti hajoava.<\/p>\n<h4 style=\"color: black;\">Tuote on sinulle oikea, jos haluat<\/h4>\n<ul>\n<li>puhtaat pinnat helposti hyv\u00e4n puhdistuskyvyn ansiosta<\/li>\n<li>naarmuttamattoman k\u00e4sittelyn ja lakkaa ravitsevia ainesosia<\/li>\n<li>s\u00e4\u00e4st\u00e4\u00e4 vahakerrosta ja lakkapintaa<\/li>\n<li>matalan ainekulutuksen ja voimakkaan tiivisteen<\/li>\n<li>voimakkaan vaahdon ja miellytt\u00e4v\u00e4n tuoksun<\/li>\n<li>s\u00e4\u00e4st\u00e4\u00e4 k\u00e4sien ihoa neutraalin pH-tason ja haihtumattomien ainesosien ansiosta<\/li>\n<li>korkealaatuisen tahrattoman lopputuloksen<\/li>\n<\/ul>\n","protected":false},"excerpt":{"rendered":"<p>Puhdistuskyvylt\u00e4\u00e4n voimakas autopesushampoo, joka sis\u00e4lt\u00e4\u00e4 lakkaa ravitsevia ainesosia. Runsaalla vedell\u00e4 1:200 laimennettava tiiviste, jonka ainekulutus on v\u00e4h\u00e4inen. pH-neutraali, ihoyst\u00e4v\u00e4llinen ja haihtumaton koostumus. T\u00e4ydellinen kiilt\u00e4v\u00e4 pesutulos parhaalla sveitsil\u00e4isell\u00e4 laadulla.    <\/p>\n","protected":false},"featured_media":12233,"template":"","meta":{"_acf_changed":false},"product_brand":[],"product_cat":[1814,1676,1817,1815,1816,1674],"product_tag":[1823,1819,1821,1818,1825,1820,1822,1824],"class_list":{"0":"post-12684","1":"product","2":"type-product","3":"status-publish","4":"has-post-thumbnail","6":"product_cat-liotus-ja-ulkopesu-washmax","7":"product_cat-mootorratta-mototehnika-puhastusvahendid-fi","8":"product_cat-shampoopesu-fi-2","9":"product_cat-shampoopesu","10":"product_cat-shampoopesu-fi","11":"product_cat-paadi-hooldus-puhastusvahendid-fi","12":"product_tag-autonpesugeeli","13":"product_tag-autonpesushampoo","14":"product_tag-autonpuhdistusshampoo","15":"product_tag-autoshampoo","16":"product_tag-kasipesugeeli","17":"product_tag-kasipesushampoo","18":"product_tag-raidoittamaton-autoshampoo","19":"product_tag-shampoopesugeeli","21":"first","22":"instock","23":"sale","24":"featured","25":"taxable","26":"shipping-taxable","27":"purchasable","28":"product-type-variable"},"acf":[],"yoast_head":"<!-- This site is optimized with the Yoast SEO Premium plugin v27.2 (Yoast SEO v27.2) - https:\/\/yoast.com\/product\/yoast-seo-premium-wordpress\/ -->\n<title>13 Car Shampoo autoshampoo autonpesushampoo k\u00e4sinpesushampoo autonpesugeeli<\/title>\n<meta name=\"description\" content=\"Autoshampoo autonpesushampoo k\u00e4sinpesushampoo autonpesugeeli voimakas puhdistus kiillolla ja lakkaa ravitsevilla ainesosilla. Parasta sveitsil\u00e4ist\u00e4 laatua.\" \/>\n<meta name=\"robots\" content=\"index, follow, max-snippet:-1, max-image-preview:large, max-video-preview:-1\" \/>\n<link rel=\"canonical\" href=\"https:\/\/maxolen.ee\/fi\/autokeemia\/liotus-ja-ulkopesu-washmax\/shampoopesu\/13-car-shampoo-autoshampoo-autonpesushampoo-kasinpesushampoo-autonpesugeeli\/\" \/>\n<meta property=\"og:locale\" content=\"fi_FI\" \/>\n<meta property=\"og:type\" content=\"article\" \/>\n<meta property=\"og:title\" content=\"13 Car Shampoo autoshampoo autonpesushampoo k\u00e4sinpesushampoo autonpesugeeli\" \/>\n<meta property=\"og:description\" content=\"Autoshampoo autonpesushampoo k\u00e4sinpesushampoo autonpesugeeli voimakas puhdistus kiillolla ja lakkaa ravitsevilla ainesosilla. Parasta sveitsil\u00e4ist\u00e4 laatua.\" \/>\n<meta property=\"og:url\" content=\"https:\/\/maxolen.ee\/fi\/autokeemia\/liotus-ja-ulkopesu-washmax\/shampoopesu\/13-car-shampoo-autoshampoo-autonpesushampoo-kasinpesushampoo-autonpesugeeli\/\" \/>\n<meta property=\"og:site_name\" content=\"Maxolen\" \/>\n<meta property=\"article:publisher\" content=\"https:\/\/www.facebook.com\/MaxolenNord\/\" \/>\n<meta property=\"og:image\" content=\"https:\/\/maxolen.ee\/wp-content\/uploads\/2022\/06\/Autosampoon_autopesusampoon_kasipesusampoon_13_Car_Shampoo.png\" \/>\n\t<meta property=\"og:image:width\" content=\"1000\" \/>\n\t<meta property=\"og:image:height\" content=\"1167\" \/>\n\t<meta property=\"og:image:type\" content=\"image\/png\" \/>\n<meta name=\"twitter:card\" content=\"summary_large_image\" \/>\n<meta name=\"twitter:label1\" content=\"Saatavuus\" \/>\n\t<meta name=\"twitter:data1\" content=\"Varastossa\" \/>\n<script type=\"application\/ld+json\" class=\"yoast-schema-graph\">{\"@context\":\"https:\/\/schema.org\",\"@graph\":[{\"@type\":\"WebPage\",\"@id\":\"https:\/\/maxolen.ee\/fi\/autokeemia\/liotus-ja-ulkopesu-washmax\/shampoopesu\/13-car-shampoo-autoshampoo-autonpesushampoo-kasinpesushampoo-autonpesugeeli\/\",\"url\":\"https:\/\/maxolen.ee\/fi\/autokeemia\/liotus-ja-ulkopesu-washmax\/shampoopesu\/13-car-shampoo-autoshampoo-autonpesushampoo-kasinpesushampoo-autonpesugeeli\/\",\"name\":\"13 Car Shampoo autoshampoo autonpesushampoo k\u00e4sinpesushampoo autonpesugeeli\",\"isPartOf\":{\"@id\":\"https:\/\/maxolen.ee\/fi\/#website\"},\"primaryImageOfPage\":{\"@id\":\"https:\/\/maxolen.ee\/fi\/autokeemia\/liotus-ja-ulkopesu-washmax\/shampoopesu\/13-car-shampoo-autoshampoo-autonpesushampoo-kasinpesushampoo-autonpesugeeli\/#primaryimage\"},\"image\":{\"@id\":\"https:\/\/maxolen.ee\/fi\/autokeemia\/liotus-ja-ulkopesu-washmax\/shampoopesu\/13-car-shampoo-autoshampoo-autonpesushampoo-kasinpesushampoo-autonpesugeeli\/#primaryimage\"},\"thumbnailUrl\":\"https:\/\/maxolen.ee\/wp-content\/uploads\/2022\/06\/Autosampoon_autopesusampoon_kasipesusampoon_13_Car_Shampoo.png\",\"datePublished\":\"2022-06-28T08:28:33+00:00\",\"description\":\"Autoshampoo autonpesushampoo k\u00e4sinpesushampoo autonpesugeeli voimakas puhdistus kiillolla ja lakkaa ravitsevilla ainesosilla. Parasta sveitsil\u00e4ist\u00e4 laatua.\",\"breadcrumb\":{\"@id\":\"https:\/\/maxolen.ee\/fi\/autokeemia\/liotus-ja-ulkopesu-washmax\/shampoopesu\/13-car-shampoo-autoshampoo-autonpesushampoo-kasinpesushampoo-autonpesugeeli\/#breadcrumb\"},\"inLanguage\":\"fi\",\"potentialAction\":[{\"@type\":\"ReadAction\",\"target\":[\"https:\/\/maxolen.ee\/fi\/autokeemia\/liotus-ja-ulkopesu-washmax\/shampoopesu\/13-car-shampoo-autoshampoo-autonpesushampoo-kasinpesushampoo-autonpesugeeli\/\"]}]},{\"@type\":\"ImageObject\",\"inLanguage\":\"fi\",\"@id\":\"https:\/\/maxolen.ee\/fi\/autokeemia\/liotus-ja-ulkopesu-washmax\/shampoopesu\/13-car-shampoo-autoshampoo-autonpesushampoo-kasinpesushampoo-autonpesugeeli\/#primaryimage\",\"url\":\"https:\/\/maxolen.ee\/wp-content\/uploads\/2022\/06\/Autosampoon_autopesusampoon_kasipesusampoon_13_Car_Shampoo.png\",\"contentUrl\":\"https:\/\/maxolen.ee\/wp-content\/uploads\/2022\/06\/Autosampoon_autopesusampoon_kasipesusampoon_13_Car_Shampoo.png\",\"width\":1000,\"height\":1167},{\"@type\":\"BreadcrumbList\",\"@id\":\"https:\/\/maxolen.ee\/fi\/autokeemia\/liotus-ja-ulkopesu-washmax\/shampoopesu\/13-car-shampoo-autoshampoo-autonpesushampoo-kasinpesushampoo-autonpesugeeli\/#breadcrumb\",\"itemListElement\":[{\"@type\":\"ListItem\",\"position\":1,\"name\":\"Home\",\"item\":\"https:\/\/maxolen.ee\/fi\/\"},{\"@type\":\"ListItem\",\"position\":2,\"name\":\"Verkkokauppa\",\"item\":\"https:\/\/maxolen.ee\/autokeemia\/\"},{\"@type\":\"ListItem\",\"position\":3,\"name\":\"13 Car Shampoo autoshampoo autonpesushampoo k\u00e4sinpesushampoo autonpesugeeli\"}]},{\"@type\":\"WebSite\",\"@id\":\"https:\/\/maxolen.ee\/fi\/#website\",\"url\":\"https:\/\/maxolen.ee\/fi\/\",\"name\":\"Maxolen\",\"description\":\"Premium profikeemia \u0160veitsist\",\"publisher\":{\"@id\":\"https:\/\/maxolen.ee\/fi\/#organization\"},\"potentialAction\":[{\"@type\":\"SearchAction\",\"target\":{\"@type\":\"EntryPoint\",\"urlTemplate\":\"https:\/\/maxolen.ee\/fi\/?s={search_term_string}\"},\"query-input\":{\"@type\":\"PropertyValueSpecification\",\"valueRequired\":true,\"valueName\":\"search_term_string\"}}],\"inLanguage\":\"fi\"},{\"@type\":\"Organization\",\"@id\":\"https:\/\/maxolen.ee\/fi\/#organization\",\"name\":\"Maxolen\",\"url\":\"https:\/\/maxolen.ee\/fi\/\",\"logo\":{\"@type\":\"ImageObject\",\"inLanguage\":\"fi\",\"@id\":\"https:\/\/maxolen.ee\/fi\/#\/schema\/logo\/image\/\",\"url\":\"https:\/\/maxolen.ee\/wp-content\/uploads\/2020\/01\/cropped-Maxolen_autokeemia_fav.png\",\"contentUrl\":\"https:\/\/maxolen.ee\/wp-content\/uploads\/2020\/01\/cropped-Maxolen_autokeemia_fav.png\",\"width\":512,\"height\":512,\"caption\":\"Maxolen\"},\"image\":{\"@id\":\"https:\/\/maxolen.ee\/fi\/#\/schema\/logo\/image\/\"},\"sameAs\":[\"https:\/\/www.facebook.com\/MaxolenNord\/\"]}]}<\/script>\n<meta property=\"og:availability\" content=\"instock\" \/>\n<meta property=\"product:availability\" content=\"instock\" \/>\n<meta property=\"product:condition\" content=\"new\" \/>\n<!-- \/ Yoast SEO Premium plugin. -->","yoast_head_json":{"title":"13 Car Shampoo autoshampoo autonpesushampoo k\u00e4sinpesushampoo autonpesugeeli","description":"Autoshampoo autonpesushampoo k\u00e4sinpesushampoo autonpesugeeli voimakas puhdistus kiillolla ja lakkaa ravitsevilla ainesosilla. Parasta sveitsil\u00e4ist\u00e4 laatua.","robots":{"index":"index","follow":"follow","max-snippet":"max-snippet:-1","max-image-preview":"max-image-preview:large","max-video-preview":"max-video-preview:-1"},"canonical":"https:\/\/maxolen.ee\/fi\/autokeemia\/liotus-ja-ulkopesu-washmax\/shampoopesu\/13-car-shampoo-autoshampoo-autonpesushampoo-kasinpesushampoo-autonpesugeeli\/","og_locale":"fi_FI","og_type":"article","og_title":"13 Car Shampoo autoshampoo autonpesushampoo k\u00e4sinpesushampoo autonpesugeeli","og_description":"Autoshampoo autonpesushampoo k\u00e4sinpesushampoo autonpesugeeli voimakas puhdistus kiillolla ja lakkaa ravitsevilla ainesosilla. Parasta sveitsil\u00e4ist\u00e4 laatua.","og_url":"https:\/\/maxolen.ee\/fi\/autokeemia\/liotus-ja-ulkopesu-washmax\/shampoopesu\/13-car-shampoo-autoshampoo-autonpesushampoo-kasinpesushampoo-autonpesugeeli\/","og_site_name":"Maxolen","article_publisher":"https:\/\/www.facebook.com\/MaxolenNord\/","og_image":[{"width":1000,"height":1167,"url":"https:\/\/maxolen.ee\/wp-content\/uploads\/2022\/06\/Autosampoon_autopesusampoon_kasipesusampoon_13_Car_Shampoo.png","type":"image\/png"}],"twitter_card":"summary_large_image","twitter_misc":{"Saatavuus":"Varastossa"},"schema":{"@context":"https:\/\/schema.org","@graph":[{"@type":"WebPage","@id":"https:\/\/maxolen.ee\/fi\/autokeemia\/liotus-ja-ulkopesu-washmax\/shampoopesu\/13-car-shampoo-autoshampoo-autonpesushampoo-kasinpesushampoo-autonpesugeeli\/","url":"https:\/\/maxolen.ee\/fi\/autokeemia\/liotus-ja-ulkopesu-washmax\/shampoopesu\/13-car-shampoo-autoshampoo-autonpesushampoo-kasinpesushampoo-autonpesugeeli\/","name":"13 Car Shampoo autoshampoo autonpesushampoo k\u00e4sinpesushampoo autonpesugeeli","isPartOf":{"@id":"https:\/\/maxolen.ee\/fi\/#website"},"primaryImageOfPage":{"@id":"https:\/\/maxolen.ee\/fi\/autokeemia\/liotus-ja-ulkopesu-washmax\/shampoopesu\/13-car-shampoo-autoshampoo-autonpesushampoo-kasinpesushampoo-autonpesugeeli\/#primaryimage"},"image":{"@id":"https:\/\/maxolen.ee\/fi\/autokeemia\/liotus-ja-ulkopesu-washmax\/shampoopesu\/13-car-shampoo-autoshampoo-autonpesushampoo-kasinpesushampoo-autonpesugeeli\/#primaryimage"},"thumbnailUrl":"https:\/\/maxolen.ee\/wp-content\/uploads\/2022\/06\/Autosampoon_autopesusampoon_kasipesusampoon_13_Car_Shampoo.png","datePublished":"2022-06-28T08:28:33+00:00","description":"Autoshampoo autonpesushampoo k\u00e4sinpesushampoo autonpesugeeli voimakas puhdistus kiillolla ja lakkaa ravitsevilla ainesosilla. Parasta sveitsil\u00e4ist\u00e4 laatua.","breadcrumb":{"@id":"https:\/\/maxolen.ee\/fi\/autokeemia\/liotus-ja-ulkopesu-washmax\/shampoopesu\/13-car-shampoo-autoshampoo-autonpesushampoo-kasinpesushampoo-autonpesugeeli\/#breadcrumb"},"inLanguage":"fi","potentialAction":[{"@type":"ReadAction","target":["https:\/\/maxolen.ee\/fi\/autokeemia\/liotus-ja-ulkopesu-washmax\/shampoopesu\/13-car-shampoo-autoshampoo-autonpesushampoo-kasinpesushampoo-autonpesugeeli\/"]}]},{"@type":"ImageObject","inLanguage":"fi","@id":"https:\/\/maxolen.ee\/fi\/autokeemia\/liotus-ja-ulkopesu-washmax\/shampoopesu\/13-car-shampoo-autoshampoo-autonpesushampoo-kasinpesushampoo-autonpesugeeli\/#primaryimage","url":"https:\/\/maxolen.ee\/wp-content\/uploads\/2022\/06\/Autosampoon_autopesusampoon_kasipesusampoon_13_Car_Shampoo.png","contentUrl":"https:\/\/maxolen.ee\/wp-content\/uploads\/2022\/06\/Autosampoon_autopesusampoon_kasipesusampoon_13_Car_Shampoo.png","width":1000,"height":1167},{"@type":"BreadcrumbList","@id":"https:\/\/maxolen.ee\/fi\/autokeemia\/liotus-ja-ulkopesu-washmax\/shampoopesu\/13-car-shampoo-autoshampoo-autonpesushampoo-kasinpesushampoo-autonpesugeeli\/#breadcrumb","itemListElement":[{"@type":"ListItem","position":1,"name":"Home","item":"https:\/\/maxolen.ee\/fi\/"},{"@type":"ListItem","position":2,"name":"Verkkokauppa","item":"https:\/\/maxolen.ee\/autokeemia\/"},{"@type":"ListItem","position":3,"name":"13 Car Shampoo autoshampoo autonpesushampoo k\u00e4sinpesushampoo autonpesugeeli"}]},{"@type":"WebSite","@id":"https:\/\/maxolen.ee\/fi\/#website","url":"https:\/\/maxolen.ee\/fi\/","name":"Maxolen","description":"Premium profikeemia \u0160veitsist","publisher":{"@id":"https:\/\/maxolen.ee\/fi\/#organization"},"potentialAction":[{"@type":"SearchAction","target":{"@type":"EntryPoint","urlTemplate":"https:\/\/maxolen.ee\/fi\/?s={search_term_string}"},"query-input":{"@type":"PropertyValueSpecification","valueRequired":true,"valueName":"search_term_string"}}],"inLanguage":"fi"},{"@type":"Organization","@id":"https:\/\/maxolen.ee\/fi\/#organization","name":"Maxolen","url":"https:\/\/maxolen.ee\/fi\/","logo":{"@type":"ImageObject","inLanguage":"fi","@id":"https:\/\/maxolen.ee\/fi\/#\/schema\/logo\/image\/","url":"https:\/\/maxolen.ee\/wp-content\/uploads\/2020\/01\/cropped-Maxolen_autokeemia_fav.png","contentUrl":"https:\/\/maxolen.ee\/wp-content\/uploads\/2020\/01\/cropped-Maxolen_autokeemia_fav.png","width":512,"height":512,"caption":"Maxolen"},"image":{"@id":"https:\/\/maxolen.ee\/fi\/#\/schema\/logo\/image\/"},"sameAs":["https:\/\/www.facebook.com\/MaxolenNord\/"]}]},"og_availability":"instock","product_availability":"instock","product_condition":"new"},"_links":{"self":[{"href":"https:\/\/maxolen.ee\/fi\/wp-json\/wp\/v2\/product\/12684","targetHints":{"allow":["GET"]}}],"collection":[{"href":"https:\/\/maxolen.ee\/fi\/wp-json\/wp\/v2\/product"}],"about":[{"href":"https:\/\/maxolen.ee\/fi\/wp-json\/wp\/v2\/types\/product"}],"wp:featuredmedia":[{"embeddable":true,"href":"https:\/\/maxolen.ee\/fi\/wp-json\/wp\/v2\/media\/12233"}],"wp:attachment":[{"href":"https:\/\/maxolen.ee\/fi\/wp-json\/wp\/v2\/media?parent=12684"}],"wp:term":[{"taxonomy":"product_brand","embeddable":true,"href":"https:\/\/maxolen.ee\/fi\/wp-json\/wp\/v2\/product_brand?post=12684"},{"taxonomy":"product_cat","embeddable":true,"href":"https:\/\/maxolen.ee\/fi\/wp-json\/wp\/v2\/product_cat?post=12684"},{"taxonomy":"product_tag","embeddable":true,"href":"https:\/\/maxolen.ee\/fi\/wp-json\/wp\/v2\/product_tag?post=12684"}],"curies":[{"name":"wp","href":"https:\/\/api.w.org\/{rel}","templated":true}]}}