{"id":12697,"date":"2022-05-13T08:47:36","date_gmt":"2022-05-13T08:47:36","guid":{"rendered":"https:\/\/maxolen.ee\/autokeemia\/Ei-luokiteltu\/61-blue-star-muovinhoitoaine-rengaskiilto-kuminhoitoaine\/"},"modified":"2022-05-13T08:47:36","modified_gmt":"2022-05-13T06:47:36","slug":"61-blue-star-muovinhoitoaine-rengaskiilto-kuminhoitoaine","status":"publish","type":"product","link":"https:\/\/maxolen.ee\/fi\/autokeemia\/caremax-huolto-matkustamolle-ja-korille\/korin-osien-huolto\/61-blue-star-muovinhoitoaine-rengaskiilto-kuminhoitoaine\/","title":{"rendered":"61 Blue Star -muovinhoitoaine rengaskiilto kuminhoitoaine"},"content":{"rendered":"<p>Muovinhoitoaine rengaskiilto kuminhoitoaine ajoneuvon korin ja matkustamon osille huoltaa, suojaa ja uudistaa kaikki ajoneuvon vinyyli-, kumi- ja muoviosat. Moottorin ja moottoritilan suojaamiseen pesun j\u00e4lkeen, renkaiden kiillotukseen, muovilistoille ja kumitiivisteille. Listojen huoltoon ja suojaamiseen ennen lakanhuoltot\u00f6it\u00e4 ja niiden j\u00e4lkeen (kiillotus, vahaus). Kaikkien muovi-, vinyyli- ja kumiesineiden nopeaan huoltoon ja tehokkaaseen suojaamiseen auringons\u00e4teilt\u00e4 ja miinusasteilta. Palauttaa muoviesineiden ja -laitteiden kauniin uudenveroisen kontrastin ja pident\u00e4\u00e4 k\u00e4ytt\u00f6ik\u00e4\u00e4. Sis\u00e4lt\u00e4\u00e4 UV-suojan haalistumista vastaan. Palauttaa sameat pinnat uudenveroisiksi, antistaattinen, suojaa tiivisteit\u00e4 j\u00e4\u00e4tymiselt\u00e4, miellytt\u00e4v\u00e4 tuoksu, liuotinvapaa, minimaalisen kiilt\u00e4v\u00e4. Sopii my\u00f6s kojelaudalle ja oviverhoiluihin. L\u00e4mm\u00f6nkest\u00e4v\u00e4 ja elastinen. Ei tahmaa eik\u00e4 tee pinnoista rasvaisia. Riittoisa k\u00e4yt\u00f6ss\u00e4.<\/p>\n<h4 style=\"color: black;\">K\u00e4ytt\u00f6<\/h4>\n<p>Levit\u00e4 pintaan mikrokuituliinalla ja hankaa tasaisesti. Levit\u00e4 renkaisiin, kumiosiin ja vinyyliin tasaisesti ja hankaa sienell\u00e4. Moottorin pesun j\u00e4lkeen koko moottoritila voidaan suihkuttaa BlueStarilla.<\/p>\n<h4 style=\"color: black;\">Koostumus<\/h4>\n<p>Fysikaaliset ja kemialliset tiedot sek\u00e4 m\u00e4\u00e4r\u00e4ykset ja ainesosat l\u00f6ytyv\u00e4t turvallisuustietosivulta. S\u00e4ilyvyys alkuper\u00e4isess\u00e4 pakkauksessa: v\u00e4h. 1 vuosi. Optimaalinen s\u00e4ilytysl\u00e4mp\u00f6tila 5\u201330 \u00b0C. VOC-vapaa (Sveitsi). Ei sis\u00e4ll\u00e4 fosfaatteja, AOX:ia, aromiaineita, nitraatteja, raskasmetalleja, alkyylifenolietoksylaatteja. Sis\u00e4lt\u00e4\u00e4 haihtumattomia silikoneja. Helposti biohajoava.<\/p>\n<h4 style=\"color: black;\">Tuote on sinulle oikea, jos haluat<\/h4>\n<ul>\n<li>s\u00e4ilytt\u00e4\u00e4, suojata ja uudistaa kaikki ajoneuvon kumi-, vinyyli- ja muovimateriaalit<\/li>\n<li>palauttaa samentuneet ja haalistuneet pinnat taas uudenveroisiksi<\/li>\n<li>suojata kumisia ovitiivisteit\u00e4 j\u00e4\u00e4tymiselt\u00e4 talvisin<\/li>\n<li>suojata moottoritilaa ja moottoria korroosiolta<\/li>\n<li>huoltaa, kiillottaa ja suojata renkaita<\/li>\n<li>huoltaa moottoripy\u00f6r\u00e4n moottori-, muovi- ja kumiosia<\/li>\n<li>suojata kojelautaa ja verhoilua p\u00f6lyn kiinnittymiselt\u00e4<\/li>\n<li>miellytt\u00e4v\u00e4lt\u00e4 tuoksuvan ja liuotinvapaan hoitotuotteen<\/li>\n<li>huoltaa ja suojata muovi- ja vinyyliesineit\u00e4 pakkaselta<\/li>\n<li>yleisk\u00e4ytt\u00f6isen aineen moniin t\u00f6ihin ja erilaisille pinnoille<\/li>\n<li>palauttaa muovi- ja vinyyliesineiden uudenveroisen kontrastin<\/li>\n<li>riittoisan aineen, jota kuluu v\u00e4h\u00e4n<\/li>\n<li>legendaarista sveitsil\u00e4ist\u00e4 laatua ja kauniin pitk\u00e4kestoisen lopputuloksen!<\/li>\n<\/ul>\n","protected":false},"excerpt":{"rendered":"<p>Huoltaa, suojaa ja uudistaa kaikki ajoneuvon vinyyli-, kumi- ja muoviosat sis\u00e4lt\u00e4 ja ulkoa. Moottorin ja moottoritilan suojaamiseen pesun j\u00e4lkeen, renkaiden kiillotukseen, muovilistoille ja kumitiivisteille. Ik\u00e4\u00e4ntymist\u00e4 ehk\u00e4isev\u00e4 koostumus ja UV-suoja. Ei sis\u00e4ll\u00e4 liuottimia. Todellinen sveitsil\u00e4inen autonhoitolegenda!<\/p>\n","protected":false},"featured_media":14218,"template":"","meta":{"_acf_changed":false},"product_brand":[],"product_cat":[1704,1832,1707,1829,1830,1833,1676,1709,1711,1831,1674],"product_tag":[1715,1713,1784,1827,1712,1834,1826,1714,1718],"class_list":{"0":"post-12697","1":"product","2":"type-product","3":"status-publish","4":"has-post-thumbnail","6":"product_cat-caremax-huolto-matkustamolle-ja-korille","7":"product_cat-korin-osien-huolto","8":"product_cat-matkustamon-huolto-ja-suojaus","9":"product_cat-moottori-muovi-ja-rengassuoja","10":"product_cat-moottoritilan-huolto","11":"product_cat-moottoritilan-suojaus","12":"product_cat-mootorratta-mototehnika-puhastusvahendid-fi","13":"product_cat-ohjaamon-huolto-ja-suojaus","14":"product_cat-pinnan-huolto-ja-suojaus","15":"product_cat-renkaiden-huolto-ja-kiilto","16":"product_cat-paadi-hooldus-puhastusvahendid-fi","17":"product_tag-koristelistojen-hoitoaine","18":"product_tag-kuminhoitoaine","19":"product_tag-matkustamon-hoitoaine","20":"product_tag-moottorinsuoja-aine","21":"product_tag-muovinhoitoaine","22":"product_tag-pakkassuoja","23":"product_tag-rengaskiilto","24":"product_tag-tiivisteiden-hoitoaine","25":"product_tag-vinyylinhoitoaine","27":"first","28":"instock","29":"sale","30":"featured","31":"taxable","32":"shipping-taxable","33":"purchasable","34":"product-type-variable"},"acf":[],"yoast_head":"<!-- This site is optimized with the Yoast SEO Premium plugin v27.2 (Yoast SEO v27.2) - https:\/\/yoast.com\/product\/yoast-seo-premium-wordpress\/ -->\n<title>61 Blue Star -muovinhoitoaine rengaskiilto kuminhoitoaine<\/title>\n<meta name=\"description\" content=\"Muovinhoitoaine, rengaskiilto, kuminhoitoaine auton vinyyli-, kumi- ja muoviosille sek\u00e4 moottoritilan suojaamiseen. Paras tunnettu laatu.\" \/>\n<meta name=\"robots\" content=\"index, follow, max-snippet:-1, max-image-preview:large, max-video-preview:-1\" \/>\n<link rel=\"canonical\" href=\"https:\/\/maxolen.ee\/fi\/autokeemia\/caremax-huolto-matkustamolle-ja-korille\/korin-osien-huolto\/61-blue-star-muovinhoitoaine-rengaskiilto-kuminhoitoaine\/\" \/>\n<meta property=\"og:locale\" content=\"fi_FI\" \/>\n<meta property=\"og:type\" content=\"article\" \/>\n<meta property=\"og:title\" content=\"61 Blue Star -muovinhoitoaine rengaskiilto kuminhoitoaine\" \/>\n<meta property=\"og:description\" content=\"Muovinhoitoaine, rengaskiilto, kuminhoitoaine auton vinyyli-, kumi- ja muoviosille sek\u00e4 moottoritilan suojaamiseen. Paras tunnettu laatu.\" \/>\n<meta property=\"og:url\" content=\"https:\/\/maxolen.ee\/fi\/autokeemia\/caremax-huolto-matkustamolle-ja-korille\/korin-osien-huolto\/61-blue-star-muovinhoitoaine-rengaskiilto-kuminhoitoaine\/\" \/>\n<meta property=\"og:site_name\" content=\"Maxolen\" \/>\n<meta property=\"article:publisher\" content=\"https:\/\/www.facebook.com\/MaxolenNord\/\" \/>\n<meta property=\"og:image\" content=\"https:\/\/maxolen.ee\/wp-content\/uploads\/2022\/05\/Plastikuhooldusvahend_rehvilaige_salongihooldusvahend_kummihooldusvahend_61_Blue_Star.png\" \/>\n\t<meta property=\"og:image:width\" content=\"1000\" \/>\n\t<meta property=\"og:image:height\" content=\"1167\" \/>\n\t<meta property=\"og:image:type\" content=\"image\/png\" \/>\n<meta name=\"twitter:card\" content=\"summary_large_image\" \/>\n<meta name=\"twitter:label1\" content=\"Saatavuus\" \/>\n\t<meta name=\"twitter:data1\" content=\"Varastossa\" \/>\n<script type=\"application\/ld+json\" class=\"yoast-schema-graph\">{\"@context\":\"https:\/\/schema.org\",\"@graph\":[{\"@type\":\"WebPage\",\"@id\":\"https:\/\/maxolen.ee\/fi\/autokeemia\/caremax-huolto-matkustamolle-ja-korille\/korin-osien-huolto\/61-blue-star-muovinhoitoaine-rengaskiilto-kuminhoitoaine\/\",\"url\":\"https:\/\/maxolen.ee\/fi\/autokeemia\/caremax-huolto-matkustamolle-ja-korille\/korin-osien-huolto\/61-blue-star-muovinhoitoaine-rengaskiilto-kuminhoitoaine\/\",\"name\":\"61 Blue Star -muovinhoitoaine rengaskiilto kuminhoitoaine\",\"isPartOf\":{\"@id\":\"https:\/\/maxolen.ee\/fi\/#website\"},\"primaryImageOfPage\":{\"@id\":\"https:\/\/maxolen.ee\/fi\/autokeemia\/caremax-huolto-matkustamolle-ja-korille\/korin-osien-huolto\/61-blue-star-muovinhoitoaine-rengaskiilto-kuminhoitoaine\/#primaryimage\"},\"image\":{\"@id\":\"https:\/\/maxolen.ee\/fi\/autokeemia\/caremax-huolto-matkustamolle-ja-korille\/korin-osien-huolto\/61-blue-star-muovinhoitoaine-rengaskiilto-kuminhoitoaine\/#primaryimage\"},\"thumbnailUrl\":\"https:\/\/maxolen.ee\/wp-content\/uploads\/2022\/05\/Rehvi-laige-auto-plastiku-kaitse-taastus-salongihiooldus-tihendikaitse-kulmumiskaitse-61-BLue-Star-Maxolen-Sveitis-parim-plastikuhooldusvahend.png\",\"datePublished\":\"2022-05-13T08:47:36+00:00\",\"description\":\"Muovinhoitoaine, rengaskiilto, kuminhoitoaine auton vinyyli-, kumi- ja muoviosille sek\u00e4 moottoritilan suojaamiseen. Paras tunnettu laatu.\",\"breadcrumb\":{\"@id\":\"https:\/\/maxolen.ee\/fi\/autokeemia\/caremax-huolto-matkustamolle-ja-korille\/korin-osien-huolto\/61-blue-star-muovinhoitoaine-rengaskiilto-kuminhoitoaine\/#breadcrumb\"},\"inLanguage\":\"fi\",\"potentialAction\":[{\"@type\":\"ReadAction\",\"target\":[\"https:\/\/maxolen.ee\/fi\/autokeemia\/caremax-huolto-matkustamolle-ja-korille\/korin-osien-huolto\/61-blue-star-muovinhoitoaine-rengaskiilto-kuminhoitoaine\/\"]}]},{\"@type\":\"ImageObject\",\"inLanguage\":\"fi\",\"@id\":\"https:\/\/maxolen.ee\/fi\/autokeemia\/caremax-huolto-matkustamolle-ja-korille\/korin-osien-huolto\/61-blue-star-muovinhoitoaine-rengaskiilto-kuminhoitoaine\/#primaryimage\",\"url\":\"https:\/\/maxolen.ee\/wp-content\/uploads\/2022\/05\/Rehvi-laige-auto-plastiku-kaitse-taastus-salongihiooldus-tihendikaitse-kulmumiskaitse-61-BLue-Star-Maxolen-Sveitis-parim-plastikuhooldusvahend.png\",\"contentUrl\":\"https:\/\/maxolen.ee\/wp-content\/uploads\/2022\/05\/Rehvi-laige-auto-plastiku-kaitse-taastus-salongihiooldus-tihendikaitse-kulmumiskaitse-61-BLue-Star-Maxolen-Sveitis-parim-plastikuhooldusvahend.png\",\"width\":1000,\"height\":1167},{\"@type\":\"BreadcrumbList\",\"@id\":\"https:\/\/maxolen.ee\/fi\/autokeemia\/caremax-huolto-matkustamolle-ja-korille\/korin-osien-huolto\/61-blue-star-muovinhoitoaine-rengaskiilto-kuminhoitoaine\/#breadcrumb\",\"itemListElement\":[{\"@type\":\"ListItem\",\"position\":1,\"name\":\"Home\",\"item\":\"https:\/\/maxolen.ee\/fi\/\"},{\"@type\":\"ListItem\",\"position\":2,\"name\":\"Verkkokauppa\",\"item\":\"https:\/\/maxolen.ee\/autokeemia\/\"},{\"@type\":\"ListItem\",\"position\":3,\"name\":\"61 Blue Star -muovinhoitoaine rengaskiilto kuminhoitoaine\"}]},{\"@type\":\"WebSite\",\"@id\":\"https:\/\/maxolen.ee\/fi\/#website\",\"url\":\"https:\/\/maxolen.ee\/fi\/\",\"name\":\"Maxolen\",\"description\":\"Premium profikeemia \u0160veitsist\",\"publisher\":{\"@id\":\"https:\/\/maxolen.ee\/fi\/#organization\"},\"potentialAction\":[{\"@type\":\"SearchAction\",\"target\":{\"@type\":\"EntryPoint\",\"urlTemplate\":\"https:\/\/maxolen.ee\/fi\/?s={search_term_string}\"},\"query-input\":{\"@type\":\"PropertyValueSpecification\",\"valueRequired\":true,\"valueName\":\"search_term_string\"}}],\"inLanguage\":\"fi\"},{\"@type\":\"Organization\",\"@id\":\"https:\/\/maxolen.ee\/fi\/#organization\",\"name\":\"Maxolen\",\"url\":\"https:\/\/maxolen.ee\/fi\/\",\"logo\":{\"@type\":\"ImageObject\",\"inLanguage\":\"fi\",\"@id\":\"https:\/\/maxolen.ee\/fi\/#\/schema\/logo\/image\/\",\"url\":\"https:\/\/maxolen.ee\/wp-content\/uploads\/2020\/01\/cropped-Maxolen_autokeemia_fav.png\",\"contentUrl\":\"https:\/\/maxolen.ee\/wp-content\/uploads\/2020\/01\/cropped-Maxolen_autokeemia_fav.png\",\"width\":512,\"height\":512,\"caption\":\"Maxolen\"},\"image\":{\"@id\":\"https:\/\/maxolen.ee\/fi\/#\/schema\/logo\/image\/\"},\"sameAs\":[\"https:\/\/www.facebook.com\/MaxolenNord\/\"]}]}<\/script>\n<meta property=\"og:availability\" content=\"instock\" \/>\n<meta property=\"product:availability\" content=\"instock\" \/>\n<meta property=\"product:condition\" content=\"new\" \/>\n<!-- \/ Yoast SEO Premium plugin. -->","yoast_head_json":{"title":"61 Blue Star -muovinhoitoaine rengaskiilto kuminhoitoaine","description":"Muovinhoitoaine, rengaskiilto, kuminhoitoaine auton vinyyli-, kumi- ja muoviosille sek\u00e4 moottoritilan suojaamiseen. Paras tunnettu laatu.","robots":{"index":"index","follow":"follow","max-snippet":"max-snippet:-1","max-image-preview":"max-image-preview:large","max-video-preview":"max-video-preview:-1"},"canonical":"https:\/\/maxolen.ee\/fi\/autokeemia\/caremax-huolto-matkustamolle-ja-korille\/korin-osien-huolto\/61-blue-star-muovinhoitoaine-rengaskiilto-kuminhoitoaine\/","og_locale":"fi_FI","og_type":"article","og_title":"61 Blue Star -muovinhoitoaine rengaskiilto kuminhoitoaine","og_description":"Muovinhoitoaine, rengaskiilto, kuminhoitoaine auton vinyyli-, kumi- ja muoviosille sek\u00e4 moottoritilan suojaamiseen. Paras tunnettu laatu.","og_url":"https:\/\/maxolen.ee\/fi\/autokeemia\/caremax-huolto-matkustamolle-ja-korille\/korin-osien-huolto\/61-blue-star-muovinhoitoaine-rengaskiilto-kuminhoitoaine\/","og_site_name":"Maxolen","article_publisher":"https:\/\/www.facebook.com\/MaxolenNord\/","og_image":[{"width":1000,"height":1167,"url":"https:\/\/maxolen.ee\/wp-content\/uploads\/2022\/05\/Plastikuhooldusvahend_rehvilaige_salongihooldusvahend_kummihooldusvahend_61_Blue_Star.png","type":"image\/png"}],"twitter_card":"summary_large_image","twitter_misc":{"Saatavuus":"Varastossa"},"schema":{"@context":"https:\/\/schema.org","@graph":[{"@type":"WebPage","@id":"https:\/\/maxolen.ee\/fi\/autokeemia\/caremax-huolto-matkustamolle-ja-korille\/korin-osien-huolto\/61-blue-star-muovinhoitoaine-rengaskiilto-kuminhoitoaine\/","url":"https:\/\/maxolen.ee\/fi\/autokeemia\/caremax-huolto-matkustamolle-ja-korille\/korin-osien-huolto\/61-blue-star-muovinhoitoaine-rengaskiilto-kuminhoitoaine\/","name":"61 Blue Star -muovinhoitoaine rengaskiilto kuminhoitoaine","isPartOf":{"@id":"https:\/\/maxolen.ee\/fi\/#website"},"primaryImageOfPage":{"@id":"https:\/\/maxolen.ee\/fi\/autokeemia\/caremax-huolto-matkustamolle-ja-korille\/korin-osien-huolto\/61-blue-star-muovinhoitoaine-rengaskiilto-kuminhoitoaine\/#primaryimage"},"image":{"@id":"https:\/\/maxolen.ee\/fi\/autokeemia\/caremax-huolto-matkustamolle-ja-korille\/korin-osien-huolto\/61-blue-star-muovinhoitoaine-rengaskiilto-kuminhoitoaine\/#primaryimage"},"thumbnailUrl":"https:\/\/maxolen.ee\/wp-content\/uploads\/2022\/05\/Rehvi-laige-auto-plastiku-kaitse-taastus-salongihiooldus-tihendikaitse-kulmumiskaitse-61-BLue-Star-Maxolen-Sveitis-parim-plastikuhooldusvahend.png","datePublished":"2022-05-13T08:47:36+00:00","description":"Muovinhoitoaine, rengaskiilto, kuminhoitoaine auton vinyyli-, kumi- ja muoviosille sek\u00e4 moottoritilan suojaamiseen. Paras tunnettu laatu.","breadcrumb":{"@id":"https:\/\/maxolen.ee\/fi\/autokeemia\/caremax-huolto-matkustamolle-ja-korille\/korin-osien-huolto\/61-blue-star-muovinhoitoaine-rengaskiilto-kuminhoitoaine\/#breadcrumb"},"inLanguage":"fi","potentialAction":[{"@type":"ReadAction","target":["https:\/\/maxolen.ee\/fi\/autokeemia\/caremax-huolto-matkustamolle-ja-korille\/korin-osien-huolto\/61-blue-star-muovinhoitoaine-rengaskiilto-kuminhoitoaine\/"]}]},{"@type":"ImageObject","inLanguage":"fi","@id":"https:\/\/maxolen.ee\/fi\/autokeemia\/caremax-huolto-matkustamolle-ja-korille\/korin-osien-huolto\/61-blue-star-muovinhoitoaine-rengaskiilto-kuminhoitoaine\/#primaryimage","url":"https:\/\/maxolen.ee\/wp-content\/uploads\/2022\/05\/Rehvi-laige-auto-plastiku-kaitse-taastus-salongihiooldus-tihendikaitse-kulmumiskaitse-61-BLue-Star-Maxolen-Sveitis-parim-plastikuhooldusvahend.png","contentUrl":"https:\/\/maxolen.ee\/wp-content\/uploads\/2022\/05\/Rehvi-laige-auto-plastiku-kaitse-taastus-salongihiooldus-tihendikaitse-kulmumiskaitse-61-BLue-Star-Maxolen-Sveitis-parim-plastikuhooldusvahend.png","width":1000,"height":1167},{"@type":"BreadcrumbList","@id":"https:\/\/maxolen.ee\/fi\/autokeemia\/caremax-huolto-matkustamolle-ja-korille\/korin-osien-huolto\/61-blue-star-muovinhoitoaine-rengaskiilto-kuminhoitoaine\/#breadcrumb","itemListElement":[{"@type":"ListItem","position":1,"name":"Home","item":"https:\/\/maxolen.ee\/fi\/"},{"@type":"ListItem","position":2,"name":"Verkkokauppa","item":"https:\/\/maxolen.ee\/autokeemia\/"},{"@type":"ListItem","position":3,"name":"61 Blue Star -muovinhoitoaine rengaskiilto kuminhoitoaine"}]},{"@type":"WebSite","@id":"https:\/\/maxolen.ee\/fi\/#website","url":"https:\/\/maxolen.ee\/fi\/","name":"Maxolen","description":"Premium profikeemia \u0160veitsist","publisher":{"@id":"https:\/\/maxolen.ee\/fi\/#organization"},"potentialAction":[{"@type":"SearchAction","target":{"@type":"EntryPoint","urlTemplate":"https:\/\/maxolen.ee\/fi\/?s={search_term_string}"},"query-input":{"@type":"PropertyValueSpecification","valueRequired":true,"valueName":"search_term_string"}}],"inLanguage":"fi"},{"@type":"Organization","@id":"https:\/\/maxolen.ee\/fi\/#organization","name":"Maxolen","url":"https:\/\/maxolen.ee\/fi\/","logo":{"@type":"ImageObject","inLanguage":"fi","@id":"https:\/\/maxolen.ee\/fi\/#\/schema\/logo\/image\/","url":"https:\/\/maxolen.ee\/wp-content\/uploads\/2020\/01\/cropped-Maxolen_autokeemia_fav.png","contentUrl":"https:\/\/maxolen.ee\/wp-content\/uploads\/2020\/01\/cropped-Maxolen_autokeemia_fav.png","width":512,"height":512,"caption":"Maxolen"},"image":{"@id":"https:\/\/maxolen.ee\/fi\/#\/schema\/logo\/image\/"},"sameAs":["https:\/\/www.facebook.com\/MaxolenNord\/"]}]},"og_availability":"instock","product_availability":"instock","product_condition":"new"},"_links":{"self":[{"href":"https:\/\/maxolen.ee\/fi\/wp-json\/wp\/v2\/product\/12697","targetHints":{"allow":["GET"]}}],"collection":[{"href":"https:\/\/maxolen.ee\/fi\/wp-json\/wp\/v2\/product"}],"about":[{"href":"https:\/\/maxolen.ee\/fi\/wp-json\/wp\/v2\/types\/product"}],"wp:featuredmedia":[{"embeddable":true,"href":"https:\/\/maxolen.ee\/fi\/wp-json\/wp\/v2\/media\/14218"}],"wp:attachment":[{"href":"https:\/\/maxolen.ee\/fi\/wp-json\/wp\/v2\/media?parent=12697"}],"wp:term":[{"taxonomy":"product_brand","embeddable":true,"href":"https:\/\/maxolen.ee\/fi\/wp-json\/wp\/v2\/product_brand?post=12697"},{"taxonomy":"product_cat","embeddable":true,"href":"https:\/\/maxolen.ee\/fi\/wp-json\/wp\/v2\/product_cat?post=12697"},{"taxonomy":"product_tag","embeddable":true,"href":"https:\/\/maxolen.ee\/fi\/wp-json\/wp\/v2\/product_tag?post=12697"}],"curies":[{"name":"wp","href":"https:\/\/api.w.org\/{rel}","templated":true}]}}