{"id":12712,"date":"2021-06-01T08:41:56","date_gmt":"2021-06-01T08:41:56","guid":{"rendered":"https:\/\/maxolen.ee\/autokeemia\/Ei-luokiteltu\/32-saubermen-nahanpuhdistusaine-tekstiilipuhdistusaine-tahranpoistoaine\/"},"modified":"2021-06-01T08:41:56","modified_gmt":"2021-06-01T06:41:56","slug":"32-saubermen-nahanpuhdistusaine-tekstiilipuhdistusaine-tahranpoistoaine","status":"publish","type":"product","link":"https:\/\/maxolen.ee\/fi\/autokeemia\/caremax-huolto-matkustamolle-ja-korille\/matkustamon-pesu\/32-saubermen-nahanpuhdistusaine-tekstiilipuhdistusaine-tahranpoistoaine\/","title":{"rendered":"32 Saubermen nahanpuhdistusaine tekstiilipuhdistusaine tahranpoistoaine"},"content":{"rendered":"<p>Nahanpuhdistusaine, tekstiilipuhdistusaine, tahranpoistoaine kaikkien yleisimpien pintojen tehokkaaseen ja taloudelliseen puhdistukseen. Poistaa rasvan, \u00f6ljyn, suolan, hy\u00f6nteisten j\u00e4\u00e4m\u00e4t ja katulian kaikista ajoneuvon matkustamon materiaaleista, korin osista ja kotitalouden materiaaleista. Puhdistaa kangas- ja nahkapenkit, katon ja verhoilun, muovin, vinyylin, tiivisteet, avoauton katon. Moottoripy\u00f6r\u00e4n nahkaistuimet, lakkapinnat, moottorin osat, letkut ja kromiosat saavat j\u00e4lleen uuden ulkon\u00e4\u00f6n. Vesikulkuneuvojen ohjaamon, verhoilun, kansien ja ulko-osien puhdistamiseen. Hy\u00f6nteisten poistamiseen ajoneuvosta. Asuin-, toimisto-, varasto- ja tuotantotilojen seinien, kattojen, lattian, sisustuksen ja jalkineiden yleispuhdistukseen. Tekstiili- tai nahkap\u00e4\u00e4llysteisen sohvan puhdistamiseen. Ei j\u00e4t\u00e4 hajua tai kuivumisj\u00e4lki\u00e4, puhdistetut pinnat eiv\u00e4t ker\u00e4\u00e4 likaa. Vedell\u00e4 laimennettava vahva tiiviste. Eritt\u00e4in v\u00e4h\u00e4n vaahtoava.<\/p>\n<h4 style=\"color: black;\">K\u00e4ytt\u00f6<\/h4>\n<p>Laimenna vedell\u00e4 tarpeen mukaan. Suihkuta likaisille pinnoille ja anna vaikuttaa. Jos kyseess\u00e4 on pinttynyt lika, k\u00e4sittele sienell\u00e4, harjalla tai liinalla. Poista liuenneet likaj\u00e4\u00e4m\u00e4t liinalla tai tekstiilipesurilla. Normaalik\u00e4yt\u00f6ss\u00e4 laimenna vedell\u00e4 1:20. Jos puhdistat istuimia ja verhoilua vesi-imurilla, laimenna vedell\u00e4 1:10. Hy\u00f6nteisten poistamiseksi ajoneuvon korista laimenna noin 1:7. <\/p>\n<h4 style=\"color: black;\">Koostumus<\/h4>\n<p>Fysikaaliset ja kemialliset tiedot sek\u00e4 m\u00e4\u00e4r\u00e4ykset ja ainesosat l\u00f6ytyv\u00e4t turvallisuustietosivulta. S\u00e4ilyvyys alkuper\u00e4isess\u00e4 pakkauksessa: v\u00e4h. 1 vuosi. Optimaalinen s\u00e4ilytysl\u00e4mp\u00f6tila 5\u201330 \u00b0C. VOC alle 10 % Ei sis\u00e4ll\u00e4 fosfaatteja, AOX:ia, ksyloleja, toluolia, nitraatteja, raskasmetalleja, alkyylifenolietoksylaatteja. Helposti biohajoava.<\/p>\n<h4 style=\"color: black;\">Tuote on sinulle oikea, jos haluat<\/h4>\n<ul>\n<li>pikapuhdistusaineen, joka vaikuttaa nopeasti ja tehokkaasti, mutta riittoisasti<\/li>\n<li>yleisaineen monien pintojen puhdistamiseen erilaisesta liasta<\/li>\n<li>puhdistusaineen, jonka tuoksu haihtuu nopeasti ja joka vaahtoaa eritt\u00e4in v\u00e4h\u00e4n<\/li>\n<li>matalan ainekulutuksen ja korkean pitoisuuden<\/li>\n<li>aineen, jolla pest\u00e4 kiillotustarvikkeita<\/li>\n<li>turvallisen aineen, jolla voi puhdistaa kaikki osat niin ajoneuvon sis\u00e4lt\u00e4 ett\u00e4 ulkopuolelta vahingoittamatta pintoja<\/li>\n<li>Euroopassa 60 vuotta mainetta ker\u00e4nneen aineen, joka ei j\u00e4t\u00e4 sinua koskaan pulaan<\/li>\n<li>Legendaarista sveitsil\u00e4ist\u00e4 laatua!<\/li>\n<\/ul>\n","protected":false},"excerpt":{"rendered":"<p>Legendaarinen superpuhdistusaine nahkapenkkien, tekstiiliverhoilun ja kaikkien muiden matkustamon materiaalien ja ajoneuvon korin puhdistukseen. Yleispuhdistusainetiiviste puhdistaa kaikki yleisimm\u00e4t materiaalit ja tahrat ajoneuvossa ja koko kotitalouden sisustuksen. Runsaalla vedell\u00e4 laimennettava. Todellinen sveitsil\u00e4inen puhdistusihme!<\/p>\n","protected":false},"featured_media":14183,"template":"","meta":{"_acf_changed":false},"product_brand":[],"product_cat":[1704,1705,1790,1792,1676,1791,1796,1793,1795,1799,1794,1674],"product_tag":[1802,1800,1805,1808,1809,1806,1803,1804,1801,1807],"class_list":{"0":"post-12712","1":"product","2":"type-product","3":"status-publish","4":"has-post-thumbnail","6":"product_cat-caremax-huolto-matkustamolle-ja-korille","7":"product_cat-elintarviketeollisuus-ja-majoitus-gafomax","8":"product_cat-esiliotus","9":"product_cat-matkustamon-pesu","10":"product_cat-mootorratta-mototehnika-puhastusvahendid-fi","11":"product_cat-nahan-ja-muovin-puhdistus","12":"product_cat-nahan-puhdistus-fi","13":"product_cat-nahan-puhdistus","14":"product_cat-ohjaamon-pesu","15":"product_cat-sohvan-pesu-ja-tahranpoisto","16":"product_cat-tiikkikannen-puhdistus","17":"product_cat-paadi-hooldus-puhastusvahendid-fi","18":"product_tag-kemiallinen-puhdistus","19":"product_tag-matkustamon-puhdistusaine","20":"product_tag-nahanpuhdistusaine","21":"product_tag-pikapuhdistaja","22":"product_tag-pikapuhdistusaine","23":"product_tag-tahranpoistaja","24":"product_tag-tahranpoistoaine","25":"product_tag-tekstiilinpuhdistusaine","26":"product_tag-yleispuhdistusaine","27":"product_tag-yleispuhdistusaine-fi","29":"first","30":"instock","31":"sale","32":"featured","33":"taxable","34":"shipping-taxable","35":"purchasable","36":"product-type-variable","37":"has-default-attributes"},"acf":[],"yoast_head":"<!-- This site is optimized with the Yoast SEO Premium plugin v27.2 (Yoast SEO v27.2) - https:\/\/yoast.com\/product\/yoast-seo-premium-wordpress\/ -->\n<title>32 Saubermen nahanpuhdistusaine tekstiilipuhdistusaine tahranpoistoaine<\/title>\n<meta name=\"description\" content=\"Nahanpuhdistusaine tekstiilipuhdistusaine tahranpoistoaine autonpenkkien matkustamon ja kaikkien kotitalouspintojen puhdistamiseen. Paras sveitsil\u00e4inen superpuhdistusaine\" \/>\n<meta name=\"robots\" content=\"index, follow, max-snippet:-1, max-image-preview:large, max-video-preview:-1\" \/>\n<link rel=\"canonical\" href=\"https:\/\/maxolen.ee\/fi\/autokeemia\/caremax-huolto-matkustamolle-ja-korille\/matkustamon-pesu\/32-saubermen-nahanpuhdistusaine-tekstiilipuhdistusaine-tahranpoistoaine\/\" \/>\n<meta property=\"og:locale\" content=\"fi_FI\" \/>\n<meta property=\"og:type\" content=\"article\" \/>\n<meta property=\"og:title\" content=\"32 Saubermen nahanpuhdistusaine tekstiilipuhdistusaine tahranpoistoaine\" \/>\n<meta property=\"og:description\" content=\"Nahanpuhdistusaine tekstiilipuhdistusaine tahranpoistoaine autonpenkkien matkustamon ja kaikkien kotitalouspintojen puhdistamiseen. Paras sveitsil\u00e4inen superpuhdistusaine\" \/>\n<meta property=\"og:url\" content=\"https:\/\/maxolen.ee\/fi\/autokeemia\/caremax-huolto-matkustamolle-ja-korille\/matkustamon-pesu\/32-saubermen-nahanpuhdistusaine-tekstiilipuhdistusaine-tahranpoistoaine\/\" \/>\n<meta property=\"og:site_name\" content=\"Maxolen\" \/>\n<meta property=\"article:publisher\" content=\"https:\/\/www.facebook.com\/MaxolenNord\/\" \/>\n<meta property=\"og:image\" content=\"https:\/\/maxolen.ee\/wp-content\/uploads\/2021\/06\/Superpuhastusvahend_koigele_32_Saubermen.png\" \/>\n\t<meta property=\"og:image:width\" content=\"1000\" \/>\n\t<meta property=\"og:image:height\" content=\"1167\" \/>\n\t<meta property=\"og:image:type\" content=\"image\/png\" \/>\n<meta name=\"twitter:card\" content=\"summary_large_image\" \/>\n<meta name=\"twitter:label1\" content=\"Saatavuus\" \/>\n\t<meta name=\"twitter:data1\" content=\"Varastossa\" \/>\n<script type=\"application\/ld+json\" class=\"yoast-schema-graph\">{\"@context\":\"https:\/\/schema.org\",\"@graph\":[{\"@type\":\"WebPage\",\"@id\":\"https:\/\/maxolen.ee\/fi\/autokeemia\/caremax-huolto-matkustamolle-ja-korille\/matkustamon-pesu\/32-saubermen-nahanpuhdistusaine-tekstiilipuhdistusaine-tahranpoistoaine\/\",\"url\":\"https:\/\/maxolen.ee\/fi\/autokeemia\/caremax-huolto-matkustamolle-ja-korille\/matkustamon-pesu\/32-saubermen-nahanpuhdistusaine-tekstiilipuhdistusaine-tahranpoistoaine\/\",\"name\":\"32 Saubermen nahanpuhdistusaine tekstiilipuhdistusaine tahranpoistoaine\",\"isPartOf\":{\"@id\":\"https:\/\/maxolen.ee\/fi\/#website\"},\"primaryImageOfPage\":{\"@id\":\"https:\/\/maxolen.ee\/fi\/autokeemia\/caremax-huolto-matkustamolle-ja-korille\/matkustamon-pesu\/32-saubermen-nahanpuhdistusaine-tekstiilipuhdistusaine-tahranpoistoaine\/#primaryimage\"},\"image\":{\"@id\":\"https:\/\/maxolen.ee\/fi\/autokeemia\/caremax-huolto-matkustamolle-ja-korille\/matkustamon-pesu\/32-saubermen-nahanpuhdistusaine-tekstiilipuhdistusaine-tahranpoistoaine\/#primaryimage\"},\"thumbnailUrl\":\"https:\/\/maxolen.ee\/wp-content\/uploads\/2021\/06\/Saubermen-vaibapuhastusvahend-polstripuhastusvahend-diivanipuhastusvahend-nahapuhasstusvahend-Maxolen-Sveits.png\",\"datePublished\":\"2021-06-01T08:41:56+00:00\",\"description\":\"Nahanpuhdistusaine tekstiilipuhdistusaine tahranpoistoaine autonpenkkien matkustamon ja kaikkien kotitalouspintojen puhdistamiseen. Paras sveitsil\u00e4inen superpuhdistusaine\",\"breadcrumb\":{\"@id\":\"https:\/\/maxolen.ee\/fi\/autokeemia\/caremax-huolto-matkustamolle-ja-korille\/matkustamon-pesu\/32-saubermen-nahanpuhdistusaine-tekstiilipuhdistusaine-tahranpoistoaine\/#breadcrumb\"},\"inLanguage\":\"fi\",\"potentialAction\":[{\"@type\":\"ReadAction\",\"target\":[\"https:\/\/maxolen.ee\/fi\/autokeemia\/caremax-huolto-matkustamolle-ja-korille\/matkustamon-pesu\/32-saubermen-nahanpuhdistusaine-tekstiilipuhdistusaine-tahranpoistoaine\/\"]}]},{\"@type\":\"ImageObject\",\"inLanguage\":\"fi\",\"@id\":\"https:\/\/maxolen.ee\/fi\/autokeemia\/caremax-huolto-matkustamolle-ja-korille\/matkustamon-pesu\/32-saubermen-nahanpuhdistusaine-tekstiilipuhdistusaine-tahranpoistoaine\/#primaryimage\",\"url\":\"https:\/\/maxolen.ee\/wp-content\/uploads\/2021\/06\/Saubermen-vaibapuhastusvahend-polstripuhastusvahend-diivanipuhastusvahend-nahapuhasstusvahend-Maxolen-Sveits.png\",\"contentUrl\":\"https:\/\/maxolen.ee\/wp-content\/uploads\/2021\/06\/Saubermen-vaibapuhastusvahend-polstripuhastusvahend-diivanipuhastusvahend-nahapuhasstusvahend-Maxolen-Sveits.png\",\"width\":1000,\"height\":1167},{\"@type\":\"BreadcrumbList\",\"@id\":\"https:\/\/maxolen.ee\/fi\/autokeemia\/caremax-huolto-matkustamolle-ja-korille\/matkustamon-pesu\/32-saubermen-nahanpuhdistusaine-tekstiilipuhdistusaine-tahranpoistoaine\/#breadcrumb\",\"itemListElement\":[{\"@type\":\"ListItem\",\"position\":1,\"name\":\"Home\",\"item\":\"https:\/\/maxolen.ee\/fi\/\"},{\"@type\":\"ListItem\",\"position\":2,\"name\":\"Verkkokauppa\",\"item\":\"https:\/\/maxolen.ee\/autokeemia\/\"},{\"@type\":\"ListItem\",\"position\":3,\"name\":\"32 Saubermen nahanpuhdistusaine tekstiilipuhdistusaine tahranpoistoaine\"}]},{\"@type\":\"WebSite\",\"@id\":\"https:\/\/maxolen.ee\/fi\/#website\",\"url\":\"https:\/\/maxolen.ee\/fi\/\",\"name\":\"Maxolen\",\"description\":\"Premium profikeemia \u0160veitsist\",\"publisher\":{\"@id\":\"https:\/\/maxolen.ee\/fi\/#organization\"},\"potentialAction\":[{\"@type\":\"SearchAction\",\"target\":{\"@type\":\"EntryPoint\",\"urlTemplate\":\"https:\/\/maxolen.ee\/fi\/?s={search_term_string}\"},\"query-input\":{\"@type\":\"PropertyValueSpecification\",\"valueRequired\":true,\"valueName\":\"search_term_string\"}}],\"inLanguage\":\"fi\"},{\"@type\":\"Organization\",\"@id\":\"https:\/\/maxolen.ee\/fi\/#organization\",\"name\":\"Maxolen\",\"url\":\"https:\/\/maxolen.ee\/fi\/\",\"logo\":{\"@type\":\"ImageObject\",\"inLanguage\":\"fi\",\"@id\":\"https:\/\/maxolen.ee\/fi\/#\/schema\/logo\/image\/\",\"url\":\"https:\/\/maxolen.ee\/wp-content\/uploads\/2020\/01\/cropped-Maxolen_autokeemia_fav.png\",\"contentUrl\":\"https:\/\/maxolen.ee\/wp-content\/uploads\/2020\/01\/cropped-Maxolen_autokeemia_fav.png\",\"width\":512,\"height\":512,\"caption\":\"Maxolen\"},\"image\":{\"@id\":\"https:\/\/maxolen.ee\/fi\/#\/schema\/logo\/image\/\"},\"sameAs\":[\"https:\/\/www.facebook.com\/MaxolenNord\/\"]}]}<\/script>\n<meta property=\"og:availability\" content=\"instock\" \/>\n<meta property=\"product:availability\" content=\"instock\" \/>\n<meta property=\"product:retailer_item_id\" content=\"03200\" \/>\n<meta property=\"product:condition\" content=\"new\" \/>\n<!-- \/ Yoast SEO Premium plugin. -->","yoast_head_json":{"title":"32 Saubermen nahanpuhdistusaine tekstiilipuhdistusaine tahranpoistoaine","description":"Nahanpuhdistusaine tekstiilipuhdistusaine tahranpoistoaine autonpenkkien matkustamon ja kaikkien kotitalouspintojen puhdistamiseen. Paras sveitsil\u00e4inen superpuhdistusaine","robots":{"index":"index","follow":"follow","max-snippet":"max-snippet:-1","max-image-preview":"max-image-preview:large","max-video-preview":"max-video-preview:-1"},"canonical":"https:\/\/maxolen.ee\/fi\/autokeemia\/caremax-huolto-matkustamolle-ja-korille\/matkustamon-pesu\/32-saubermen-nahanpuhdistusaine-tekstiilipuhdistusaine-tahranpoistoaine\/","og_locale":"fi_FI","og_type":"article","og_title":"32 Saubermen nahanpuhdistusaine tekstiilipuhdistusaine tahranpoistoaine","og_description":"Nahanpuhdistusaine tekstiilipuhdistusaine tahranpoistoaine autonpenkkien matkustamon ja kaikkien kotitalouspintojen puhdistamiseen. Paras sveitsil\u00e4inen superpuhdistusaine","og_url":"https:\/\/maxolen.ee\/fi\/autokeemia\/caremax-huolto-matkustamolle-ja-korille\/matkustamon-pesu\/32-saubermen-nahanpuhdistusaine-tekstiilipuhdistusaine-tahranpoistoaine\/","og_site_name":"Maxolen","article_publisher":"https:\/\/www.facebook.com\/MaxolenNord\/","og_image":[{"width":1000,"height":1167,"url":"https:\/\/maxolen.ee\/wp-content\/uploads\/2021\/06\/Superpuhastusvahend_koigele_32_Saubermen.png","type":"image\/png"}],"twitter_card":"summary_large_image","twitter_misc":{"Saatavuus":"Varastossa"},"schema":{"@context":"https:\/\/schema.org","@graph":[{"@type":"WebPage","@id":"https:\/\/maxolen.ee\/fi\/autokeemia\/caremax-huolto-matkustamolle-ja-korille\/matkustamon-pesu\/32-saubermen-nahanpuhdistusaine-tekstiilipuhdistusaine-tahranpoistoaine\/","url":"https:\/\/maxolen.ee\/fi\/autokeemia\/caremax-huolto-matkustamolle-ja-korille\/matkustamon-pesu\/32-saubermen-nahanpuhdistusaine-tekstiilipuhdistusaine-tahranpoistoaine\/","name":"32 Saubermen nahanpuhdistusaine tekstiilipuhdistusaine tahranpoistoaine","isPartOf":{"@id":"https:\/\/maxolen.ee\/fi\/#website"},"primaryImageOfPage":{"@id":"https:\/\/maxolen.ee\/fi\/autokeemia\/caremax-huolto-matkustamolle-ja-korille\/matkustamon-pesu\/32-saubermen-nahanpuhdistusaine-tekstiilipuhdistusaine-tahranpoistoaine\/#primaryimage"},"image":{"@id":"https:\/\/maxolen.ee\/fi\/autokeemia\/caremax-huolto-matkustamolle-ja-korille\/matkustamon-pesu\/32-saubermen-nahanpuhdistusaine-tekstiilipuhdistusaine-tahranpoistoaine\/#primaryimage"},"thumbnailUrl":"https:\/\/maxolen.ee\/wp-content\/uploads\/2021\/06\/Saubermen-vaibapuhastusvahend-polstripuhastusvahend-diivanipuhastusvahend-nahapuhasstusvahend-Maxolen-Sveits.png","datePublished":"2021-06-01T08:41:56+00:00","description":"Nahanpuhdistusaine tekstiilipuhdistusaine tahranpoistoaine autonpenkkien matkustamon ja kaikkien kotitalouspintojen puhdistamiseen. Paras sveitsil\u00e4inen superpuhdistusaine","breadcrumb":{"@id":"https:\/\/maxolen.ee\/fi\/autokeemia\/caremax-huolto-matkustamolle-ja-korille\/matkustamon-pesu\/32-saubermen-nahanpuhdistusaine-tekstiilipuhdistusaine-tahranpoistoaine\/#breadcrumb"},"inLanguage":"fi","potentialAction":[{"@type":"ReadAction","target":["https:\/\/maxolen.ee\/fi\/autokeemia\/caremax-huolto-matkustamolle-ja-korille\/matkustamon-pesu\/32-saubermen-nahanpuhdistusaine-tekstiilipuhdistusaine-tahranpoistoaine\/"]}]},{"@type":"ImageObject","inLanguage":"fi","@id":"https:\/\/maxolen.ee\/fi\/autokeemia\/caremax-huolto-matkustamolle-ja-korille\/matkustamon-pesu\/32-saubermen-nahanpuhdistusaine-tekstiilipuhdistusaine-tahranpoistoaine\/#primaryimage","url":"https:\/\/maxolen.ee\/wp-content\/uploads\/2021\/06\/Saubermen-vaibapuhastusvahend-polstripuhastusvahend-diivanipuhastusvahend-nahapuhasstusvahend-Maxolen-Sveits.png","contentUrl":"https:\/\/maxolen.ee\/wp-content\/uploads\/2021\/06\/Saubermen-vaibapuhastusvahend-polstripuhastusvahend-diivanipuhastusvahend-nahapuhasstusvahend-Maxolen-Sveits.png","width":1000,"height":1167},{"@type":"BreadcrumbList","@id":"https:\/\/maxolen.ee\/fi\/autokeemia\/caremax-huolto-matkustamolle-ja-korille\/matkustamon-pesu\/32-saubermen-nahanpuhdistusaine-tekstiilipuhdistusaine-tahranpoistoaine\/#breadcrumb","itemListElement":[{"@type":"ListItem","position":1,"name":"Home","item":"https:\/\/maxolen.ee\/fi\/"},{"@type":"ListItem","position":2,"name":"Verkkokauppa","item":"https:\/\/maxolen.ee\/autokeemia\/"},{"@type":"ListItem","position":3,"name":"32 Saubermen nahanpuhdistusaine tekstiilipuhdistusaine tahranpoistoaine"}]},{"@type":"WebSite","@id":"https:\/\/maxolen.ee\/fi\/#website","url":"https:\/\/maxolen.ee\/fi\/","name":"Maxolen","description":"Premium profikeemia \u0160veitsist","publisher":{"@id":"https:\/\/maxolen.ee\/fi\/#organization"},"potentialAction":[{"@type":"SearchAction","target":{"@type":"EntryPoint","urlTemplate":"https:\/\/maxolen.ee\/fi\/?s={search_term_string}"},"query-input":{"@type":"PropertyValueSpecification","valueRequired":true,"valueName":"search_term_string"}}],"inLanguage":"fi"},{"@type":"Organization","@id":"https:\/\/maxolen.ee\/fi\/#organization","name":"Maxolen","url":"https:\/\/maxolen.ee\/fi\/","logo":{"@type":"ImageObject","inLanguage":"fi","@id":"https:\/\/maxolen.ee\/fi\/#\/schema\/logo\/image\/","url":"https:\/\/maxolen.ee\/wp-content\/uploads\/2020\/01\/cropped-Maxolen_autokeemia_fav.png","contentUrl":"https:\/\/maxolen.ee\/wp-content\/uploads\/2020\/01\/cropped-Maxolen_autokeemia_fav.png","width":512,"height":512,"caption":"Maxolen"},"image":{"@id":"https:\/\/maxolen.ee\/fi\/#\/schema\/logo\/image\/"},"sameAs":["https:\/\/www.facebook.com\/MaxolenNord\/"]}]},"og_availability":"instock","product_availability":"instock","product_retailer_item_id":"03200","product_condition":"new"},"_links":{"self":[{"href":"https:\/\/maxolen.ee\/fi\/wp-json\/wp\/v2\/product\/12712","targetHints":{"allow":["GET"]}}],"collection":[{"href":"https:\/\/maxolen.ee\/fi\/wp-json\/wp\/v2\/product"}],"about":[{"href":"https:\/\/maxolen.ee\/fi\/wp-json\/wp\/v2\/types\/product"}],"wp:featuredmedia":[{"embeddable":true,"href":"https:\/\/maxolen.ee\/fi\/wp-json\/wp\/v2\/media\/14183"}],"wp:attachment":[{"href":"https:\/\/maxolen.ee\/fi\/wp-json\/wp\/v2\/media?parent=12712"}],"wp:term":[{"taxonomy":"product_brand","embeddable":true,"href":"https:\/\/maxolen.ee\/fi\/wp-json\/wp\/v2\/product_brand?post=12712"},{"taxonomy":"product_cat","embeddable":true,"href":"https:\/\/maxolen.ee\/fi\/wp-json\/wp\/v2\/product_cat?post=12712"},{"taxonomy":"product_tag","embeddable":true,"href":"https:\/\/maxolen.ee\/fi\/wp-json\/wp\/v2\/product_tag?post=12712"}],"curies":[{"name":"wp","href":"https:\/\/api.w.org\/{rel}","templated":true}]}}