{"id":13570,"date":"2023-05-30T12:00:39","date_gmt":"2023-05-30T10:00:39","guid":{"rendered":"https:\/\/maxolen.ee\/autokeemia\/Ei-luokiteltu\/carlack-car-care-shampoo-autopesushampoo-autohuolto-ja-kiiltoshampoo-ainutlaatuisella-koostumuksella\/"},"modified":"2025-01-24T08:55:58","modified_gmt":"2025-01-24T06:55:58","slug":"carlack-car-care-shampoo-autopesushampoo-autohuolto-ja-kiiltoshampoo-ainutlaatuisella-koostumuksella","status":"publish","type":"product","link":"https:\/\/maxolen.ee\/fi\/autokeemia\/liotus-ja-ulkopesu-washmax\/shampoopesu\/carlack-car-care-shampoo-autopesushampoo-autohuolto-ja-kiiltoshampoo-ainutlaatuisella-koostumuksella\/","title":{"rendered":"Carlack Car Care Shampoo autopesushampoo kiiltoshampoo ainutlaatuisella koostumuksella"},"content":{"rendered":"<p>Autonpesushampoo, auton hoito- ja kiiltohampoo eksklusiivisella koostumuksella. Carlack-autonpesushampoon tiiviste on kehitetty erityisesti s\u00e4\u00e4nn\u00f6lliseen autonpesuun. Carlackin eksklusiivishampoo sis\u00e4lt\u00e4\u00e4 jopa 22 % pinta-aktiivisia aineita ja sill\u00e4 on erityisen tehokas likaa irrottava vaikutus. <\/p>\n<p>Lakkaa hoitavien ja kosteuttavien ainesosien sek\u00e4 luonnollista suojakerrosta palauttavan kaavan ansiosta s\u00e4\u00e4st\u00e4\u00e4 jo maalipintaan levitettyj\u00e4 vahakerroksia ja tiivisteit\u00e4 sek\u00e4 est\u00e4\u00e4 kumitiivisteiden ja muoviosien haurastumista. Carlack Shampoo Concentrate on ymp\u00e4rist\u00f6yst\u00e4v\u00e4llinen, biohajoava ja eritt\u00e4in edullinen k\u00e4yt\u00f6ss\u00e4. Runsaasti vaahtoava ja perusteellisesti puhdistava, lakkaa ja vahakerrosta s\u00e4\u00e4st\u00e4v\u00e4 shampoo, josta riitt\u00e4\u00e4 1\u20132 korkillista jopa 5 litraan vett\u00e4.<br \/>\nValmistaa 126 litraa vahvaa ty\u00f6liuosta parhaalla hinnalla. <\/p>\n<p>Neutraali pH ja tensidit tekev\u00e4t shampoosta hell\u00e4varaisen k\u00e4sien iholle, ja siin\u00e4 on miellytt\u00e4v\u00e4 tuoksu. Mahdollistaa naarmuttoman ja perusteellisen autonpesun ilman raitoja ja kuivumisen j\u00e4lkeisi\u00e4 tahroja. Sis\u00e4lt\u00e4\u00e4 kuivumista helpottavan ainesosan. Eksklusiivisten ainesosien ansiosta se puhdistaa tehokkaasti ja palauttaa kauniin kiillon pitk\u00e4ksi aikaa.    <\/p>\n<h4 style=\"color: black;\">K\u00e4ytt\u00f6<\/h4>\n<p>Lis\u00e4\u00e4 1\u20132 korkillista (noin 20\u201340 ml) shampookonsentraattia 5 litraan vett\u00e4. Levit\u00e4 sienell\u00e4. Aloita peseminen ylh\u00e4\u00e4lt\u00e4 alasp\u00e4in. Vanteiden pesemiseen on k\u00e4tev\u00e4mp\u00e4\u00e4 k\u00e4ytt\u00e4\u00e4 pehme\u00e4\u00e4 harjaa, jossa on varsi. Huuhtele huolellisesti vedell\u00e4 ja kuivaa pinta kuivauspyyhkeell\u00e4, synteettisell\u00e4 tai nahkaisella liinalla.    <\/p>\n<h4 style=\"color: black;\">Koostumus<\/h4>\n<p>Fysikaaliset ja kemialliset tiedot, samoin kuin s\u00e4\u00e4nn\u00f6t ja koostumus, l\u00f6ytyv\u00e4t turvatiedot sivulta. S\u00e4ilyvyys alkuper\u00e4ispakkauksessa: v\u00e4hint\u00e4\u00e4n 1 vuosi. Optimaalinen s\u00e4ilytysl\u00e4mp\u00f6tila: 5\u201330 \u00b0C. VOC-vapaa (Sveitsi). Ei sis\u00e4ll\u00e4 fosfaatteja, AOX:ia, nitraatteja, raskasmetalleja tai alkyylifenoli-etoksylaatteja, biologisesti helposti hajoava.    <\/p>\n<h4 style=\"color: black;\">Tuote on oikea sinulle, jos haluat<\/h4>\n<ul>\n<li>Tuote on oikea sinulle, jos haluat erinomaista puhdistustehoa ja taloudellisuutta samanaikaisesti, kiitos 22% pinta-aktiivisten aineiden pitoisuuden<\/li>\n<li>naarmuttomat pesutulokset, lakkaa ravitsevia ainesosia ja helppo kuivaus<\/li>\n<li>suojata vahakerrosta ja palauttaa lakkapinnan luonnollisen suojakerroksen<\/li>\n<li>est\u00e4\u00e4 tiivisteiden ja muovilistojen haurauden kehittymisen<\/li>\n<li>pienen aineenkulutuksen ja vahvan konsentraatin<\/li>\n<li>tugevat vahtu ja meeldivat l\u00f5hna<\/li>\n<li>s\u00e4\u00e4sta k\u00e4enahka t\u00e4nu neutraalsele pH-tasemele ja mittelenduvatele komponentidele<\/li>\n<li>korkealaatuisen, tahrattoman ja kiilt\u00e4v\u00e4n lopputuloksen pitk\u00e4ksi aikaa<\/li>\n<li>parhaan ja miellytt\u00e4vimm\u00e4n autopesukokemuksen<\/li>\n<li>tunnettua sveitsil\u00e4ist\u00e4 laatua!<\/li>\n<\/ul>\n","protected":false},"excerpt":{"rendered":"<p>Erinomaisella puhdistustehoilla varustettu k\u00e4sinpesushampoo, joka suojaa lakka- ja vahakerrosta 22% pinta-aktiivisten aineiden ansiosta. Sis\u00e4lt\u00e4\u00e4 eksklusiivisia ainesosia, jotka hoitavat lakkaa, muoveja ja kumitiivisteit\u00e4. Palauttaa lakkapinnan luonnollisen suojakyvyn ja est\u00e4\u00e4 tiivisteiden sek\u00e4 muovien halkeilua. Runsaasti vaahtoava, naarmuja ehk\u00e4isev\u00e4 ja kuivauksen helpottava.    K\u00e4si\u00e4 helliv\u00e4 ja haihtumaton koostumus, pH-neutraali. Kulutus vain muutama korkillinen per autonpesu. 1000ml pullo, jossa on korkki. Kest\u00e4v\u00e4 kiilt\u00e4v\u00e4 pesutulos aidolla sveitsil\u00e4isell\u00e4 laadulla! <\/p>\n","protected":false},"featured_media":12510,"template":"","meta":{"_acf_changed":false},"product_brand":[],"product_cat":[1814,1676,1815,1816,1817,1674],"product_tag":[1819,1821,1818,1893,1892,1820,1891,1822],"class_list":{"0":"post-13570","1":"product","2":"type-product","3":"status-publish","4":"has-post-thumbnail","6":"product_cat-liotus-ja-ulkopesu-washmax","7":"product_cat-mootorratta-mototehnika-puhastusvahendid-fi","8":"product_cat-shampoopesu","9":"product_cat-shampoopesu-fi","10":"product_cat-shampoopesu-fi-2","11":"product_cat-paadi-hooldus-puhastusvahendid-fi","12":"product_tag-autonpesushampoo","13":"product_tag-autonpuhdistusshampoo","14":"product_tag-autoshampoo","15":"product_tag-eksklusiivishampoo","16":"product_tag-hoitoshampoo","17":"product_tag-kasipesushampoo","18":"product_tag-kiiltoshampoo","19":"product_tag-raidoittamaton-autoshampoo","21":"first","22":"instock","23":"sale","24":"featured","25":"taxable","26":"shipping-taxable","27":"purchasable","28":"product-type-simple"},"acf":[],"yoast_head":"<!-- This site is optimized with the Yoast SEO Premium plugin v27.2 (Yoast SEO v27.2) - https:\/\/yoast.com\/product\/yoast-seo-premium-wordpress\/ -->\n<title>Carlack Car Care Shampoo autopesushampoo kiiltoshampoo ainutlaatuisella koostumuksella<\/title>\n<meta name=\"description\" content=\"Autopesushampoo, autohuolto, kiiltoshampoo ja kuivauksen apuaine. Sis\u00e4lt\u00e4\u00e4 22% pinta-aktiivisia aineita. Lakkaa, muoveja ja tiivisteit\u00e4 hoitavia ainesosia. Kest\u00e4v\u00e4 kiilto!\" \/>\n<meta name=\"robots\" content=\"index, follow, max-snippet:-1, max-image-preview:large, max-video-preview:-1\" \/>\n<link rel=\"canonical\" href=\"https:\/\/maxolen.ee\/fi\/autokeemia\/liotus-ja-ulkopesu-washmax\/shampoopesu\/carlack-car-care-shampoo-autopesushampoo-autohuolto-ja-kiiltoshampoo-ainutlaatuisella-koostumuksella\/\" \/>\n<meta property=\"og:locale\" content=\"fi_FI\" \/>\n<meta property=\"og:type\" content=\"article\" \/>\n<meta property=\"og:title\" content=\"Carlack Car Care Shampoo autopesushampoo kiiltoshampoo ainutlaatuisella koostumuksella\" \/>\n<meta property=\"og:description\" content=\"Autopesushampoo, autohuolto, kiiltoshampoo ja kuivauksen apuaine. Sis\u00e4lt\u00e4\u00e4 22% pinta-aktiivisia aineita. Lakkaa, muoveja ja tiivisteit\u00e4 hoitavia ainesosia. Kest\u00e4v\u00e4 kiilto!\" \/>\n<meta property=\"og:url\" content=\"https:\/\/maxolen.ee\/fi\/autokeemia\/liotus-ja-ulkopesu-washmax\/shampoopesu\/carlack-car-care-shampoo-autopesushampoo-autohuolto-ja-kiiltoshampoo-ainutlaatuisella-koostumuksella\/\" \/>\n<meta property=\"og:site_name\" content=\"Maxolen\" \/>\n<meta property=\"article:publisher\" content=\"https:\/\/www.facebook.com\/MaxolenNord\/\" \/>\n<meta property=\"article:modified_time\" content=\"2025-01-24T06:55:58+00:00\" \/>\n<meta property=\"og:image\" content=\"https:\/\/maxolen.ee\/wp-content\/uploads\/2023\/07\/Autosampoon_Autopesusampoon_Laikesampoon_Puhastussampoon_Autopesudetergent_Eksklusiivsampoon_Carlack_Car_Care_Shampoo.png\" \/>\n\t<meta property=\"og:image:width\" content=\"1000\" \/>\n\t<meta property=\"og:image:height\" content=\"1167\" \/>\n\t<meta property=\"og:image:type\" content=\"image\/png\" \/>\n<meta name=\"twitter:card\" content=\"summary_large_image\" \/>\n<meta name=\"twitter:label1\" content=\"Hinta\" \/>\n\t<meta name=\"twitter:data1\" content=\"20.45&euro;\" \/>\n\t<meta name=\"twitter:label2\" content=\"Saatavuus\" \/>\n\t<meta name=\"twitter:data2\" content=\"Varastossa\" \/>\n<script type=\"application\/ld+json\" class=\"yoast-schema-graph\">{\"@context\":\"https:\/\/schema.org\",\"@graph\":[{\"@type\":\"WebPage\",\"@id\":\"https:\/\/maxolen.ee\/fi\/autokeemia\/liotus-ja-ulkopesu-washmax\/shampoopesu\/carlack-car-care-shampoo-autopesushampoo-autohuolto-ja-kiiltoshampoo-ainutlaatuisella-koostumuksella\/\",\"url\":\"https:\/\/maxolen.ee\/fi\/autokeemia\/liotus-ja-ulkopesu-washmax\/shampoopesu\/carlack-car-care-shampoo-autopesushampoo-autohuolto-ja-kiiltoshampoo-ainutlaatuisella-koostumuksella\/\",\"name\":\"Carlack Car Care Shampoo autopesushampoo kiiltoshampoo ainutlaatuisella koostumuksella\",\"isPartOf\":{\"@id\":\"https:\/\/maxolen.ee\/fi\/#website\"},\"primaryImageOfPage\":{\"@id\":\"https:\/\/maxolen.ee\/fi\/autokeemia\/liotus-ja-ulkopesu-washmax\/shampoopesu\/carlack-car-care-shampoo-autopesushampoo-autohuolto-ja-kiiltoshampoo-ainutlaatuisella-koostumuksella\/#primaryimage\"},\"image\":{\"@id\":\"https:\/\/maxolen.ee\/fi\/autokeemia\/liotus-ja-ulkopesu-washmax\/shampoopesu\/carlack-car-care-shampoo-autopesushampoo-autohuolto-ja-kiiltoshampoo-ainutlaatuisella-koostumuksella\/#primaryimage\"},\"thumbnailUrl\":\"https:\/\/maxolen.ee\/wp-content\/uploads\/2023\/07\/Autosampoon_Autopesusampoon_Laikesampoon_Puhastussampoon_Autopesudetergent_Eksklusiivsampoon_Carlack_Car_Care_Shampoo.png\",\"datePublished\":\"2023-05-30T10:00:39+00:00\",\"dateModified\":\"2025-01-24T06:55:58+00:00\",\"description\":\"Autopesushampoo, autohuolto, kiiltoshampoo ja kuivauksen apuaine. Sis\u00e4lt\u00e4\u00e4 22% pinta-aktiivisia aineita. Lakkaa, muoveja ja tiivisteit\u00e4 hoitavia ainesosia. Kest\u00e4v\u00e4 kiilto!\",\"breadcrumb\":{\"@id\":\"https:\/\/maxolen.ee\/fi\/autokeemia\/liotus-ja-ulkopesu-washmax\/shampoopesu\/carlack-car-care-shampoo-autopesushampoo-autohuolto-ja-kiiltoshampoo-ainutlaatuisella-koostumuksella\/#breadcrumb\"},\"inLanguage\":\"fi\",\"potentialAction\":[{\"@type\":\"ReadAction\",\"target\":[\"https:\/\/maxolen.ee\/fi\/autokeemia\/liotus-ja-ulkopesu-washmax\/shampoopesu\/carlack-car-care-shampoo-autopesushampoo-autohuolto-ja-kiiltoshampoo-ainutlaatuisella-koostumuksella\/\"]}]},{\"@type\":\"ImageObject\",\"inLanguage\":\"fi\",\"@id\":\"https:\/\/maxolen.ee\/fi\/autokeemia\/liotus-ja-ulkopesu-washmax\/shampoopesu\/carlack-car-care-shampoo-autopesushampoo-autohuolto-ja-kiiltoshampoo-ainutlaatuisella-koostumuksella\/#primaryimage\",\"url\":\"https:\/\/maxolen.ee\/wp-content\/uploads\/2023\/07\/Autosampoon_Autopesusampoon_Laikesampoon_Puhastussampoon_Autopesudetergent_Eksklusiivsampoon_Carlack_Car_Care_Shampoo.png\",\"contentUrl\":\"https:\/\/maxolen.ee\/wp-content\/uploads\/2023\/07\/Autosampoon_Autopesusampoon_Laikesampoon_Puhastussampoon_Autopesudetergent_Eksklusiivsampoon_Carlack_Car_Care_Shampoo.png\",\"width\":1000,\"height\":1167},{\"@type\":\"BreadcrumbList\",\"@id\":\"https:\/\/maxolen.ee\/fi\/autokeemia\/liotus-ja-ulkopesu-washmax\/shampoopesu\/carlack-car-care-shampoo-autopesushampoo-autohuolto-ja-kiiltoshampoo-ainutlaatuisella-koostumuksella\/#breadcrumb\",\"itemListElement\":[{\"@type\":\"ListItem\",\"position\":1,\"name\":\"Home\",\"item\":\"https:\/\/maxolen.ee\/fi\/\"},{\"@type\":\"ListItem\",\"position\":2,\"name\":\"Verkkokauppa\",\"item\":\"https:\/\/maxolen.ee\/autokeemia\/\"},{\"@type\":\"ListItem\",\"position\":3,\"name\":\"Liotus ja ulkopesu WashMax\",\"item\":\"https:\/\/maxolen.ee\/fi\/profikeemia\/liotus-ja-ulkopesu-washmax\/\"},{\"@type\":\"ListItem\",\"position\":4,\"name\":\"Shampoopesu\",\"item\":\"https:\/\/maxolen.ee\/fi\/profikeemia\/liotus-ja-ulkopesu-washmax\/shampoopesu\/\"},{\"@type\":\"ListItem\",\"position\":5,\"name\":\"Carlack Car Care Shampoo autopesushampoo kiiltoshampoo ainutlaatuisella koostumuksella\"}]},{\"@type\":\"WebSite\",\"@id\":\"https:\/\/maxolen.ee\/fi\/#website\",\"url\":\"https:\/\/maxolen.ee\/fi\/\",\"name\":\"Maxolen\",\"description\":\"Premium profikeemia \u0160veitsist\",\"publisher\":{\"@id\":\"https:\/\/maxolen.ee\/fi\/#organization\"},\"potentialAction\":[{\"@type\":\"SearchAction\",\"target\":{\"@type\":\"EntryPoint\",\"urlTemplate\":\"https:\/\/maxolen.ee\/fi\/?s={search_term_string}\"},\"query-input\":{\"@type\":\"PropertyValueSpecification\",\"valueRequired\":true,\"valueName\":\"search_term_string\"}}],\"inLanguage\":\"fi\"},{\"@type\":\"Organization\",\"@id\":\"https:\/\/maxolen.ee\/fi\/#organization\",\"name\":\"Maxolen\",\"url\":\"https:\/\/maxolen.ee\/fi\/\",\"logo\":{\"@type\":\"ImageObject\",\"inLanguage\":\"fi\",\"@id\":\"https:\/\/maxolen.ee\/fi\/#\/schema\/logo\/image\/\",\"url\":\"https:\/\/maxolen.ee\/wp-content\/uploads\/2020\/01\/cropped-Maxolen_autokeemia_fav.png\",\"contentUrl\":\"https:\/\/maxolen.ee\/wp-content\/uploads\/2020\/01\/cropped-Maxolen_autokeemia_fav.png\",\"width\":512,\"height\":512,\"caption\":\"Maxolen\"},\"image\":{\"@id\":\"https:\/\/maxolen.ee\/fi\/#\/schema\/logo\/image\/\"},\"sameAs\":[\"https:\/\/www.facebook.com\/MaxolenNord\/\"]}]}<\/script>\n<meta property=\"product:price:amount\" content=\"20.45\" \/>\n<meta property=\"product:price:currency\" content=\"EUR\" \/>\n<meta property=\"og:availability\" content=\"instock\" \/>\n<meta property=\"product:availability\" content=\"instock\" \/>\n<meta property=\"product:condition\" content=\"new\" \/>\n<!-- \/ Yoast SEO Premium plugin. -->","yoast_head_json":{"title":"Carlack Car Care Shampoo autopesushampoo kiiltoshampoo ainutlaatuisella koostumuksella","description":"Autopesushampoo, autohuolto, kiiltoshampoo ja kuivauksen apuaine. Sis\u00e4lt\u00e4\u00e4 22% pinta-aktiivisia aineita. Lakkaa, muoveja ja tiivisteit\u00e4 hoitavia ainesosia. Kest\u00e4v\u00e4 kiilto!","robots":{"index":"index","follow":"follow","max-snippet":"max-snippet:-1","max-image-preview":"max-image-preview:large","max-video-preview":"max-video-preview:-1"},"canonical":"https:\/\/maxolen.ee\/fi\/autokeemia\/liotus-ja-ulkopesu-washmax\/shampoopesu\/carlack-car-care-shampoo-autopesushampoo-autohuolto-ja-kiiltoshampoo-ainutlaatuisella-koostumuksella\/","og_locale":"fi_FI","og_type":"article","og_title":"Carlack Car Care Shampoo autopesushampoo kiiltoshampoo ainutlaatuisella koostumuksella","og_description":"Autopesushampoo, autohuolto, kiiltoshampoo ja kuivauksen apuaine. Sis\u00e4lt\u00e4\u00e4 22% pinta-aktiivisia aineita. Lakkaa, muoveja ja tiivisteit\u00e4 hoitavia ainesosia. Kest\u00e4v\u00e4 kiilto!","og_url":"https:\/\/maxolen.ee\/fi\/autokeemia\/liotus-ja-ulkopesu-washmax\/shampoopesu\/carlack-car-care-shampoo-autopesushampoo-autohuolto-ja-kiiltoshampoo-ainutlaatuisella-koostumuksella\/","og_site_name":"Maxolen","article_publisher":"https:\/\/www.facebook.com\/MaxolenNord\/","article_modified_time":"2025-01-24T06:55:58+00:00","og_image":[{"width":1000,"height":1167,"url":"https:\/\/maxolen.ee\/wp-content\/uploads\/2023\/07\/Autosampoon_Autopesusampoon_Laikesampoon_Puhastussampoon_Autopesudetergent_Eksklusiivsampoon_Carlack_Car_Care_Shampoo.png","type":"image\/png"}],"twitter_card":"summary_large_image","twitter_misc":{"Hinta":"20.45&euro;","Saatavuus":"Varastossa"},"schema":{"@context":"https:\/\/schema.org","@graph":[{"@type":"WebPage","@id":"https:\/\/maxolen.ee\/fi\/autokeemia\/liotus-ja-ulkopesu-washmax\/shampoopesu\/carlack-car-care-shampoo-autopesushampoo-autohuolto-ja-kiiltoshampoo-ainutlaatuisella-koostumuksella\/","url":"https:\/\/maxolen.ee\/fi\/autokeemia\/liotus-ja-ulkopesu-washmax\/shampoopesu\/carlack-car-care-shampoo-autopesushampoo-autohuolto-ja-kiiltoshampoo-ainutlaatuisella-koostumuksella\/","name":"Carlack Car Care Shampoo autopesushampoo kiiltoshampoo ainutlaatuisella koostumuksella","isPartOf":{"@id":"https:\/\/maxolen.ee\/fi\/#website"},"primaryImageOfPage":{"@id":"https:\/\/maxolen.ee\/fi\/autokeemia\/liotus-ja-ulkopesu-washmax\/shampoopesu\/carlack-car-care-shampoo-autopesushampoo-autohuolto-ja-kiiltoshampoo-ainutlaatuisella-koostumuksella\/#primaryimage"},"image":{"@id":"https:\/\/maxolen.ee\/fi\/autokeemia\/liotus-ja-ulkopesu-washmax\/shampoopesu\/carlack-car-care-shampoo-autopesushampoo-autohuolto-ja-kiiltoshampoo-ainutlaatuisella-koostumuksella\/#primaryimage"},"thumbnailUrl":"https:\/\/maxolen.ee\/wp-content\/uploads\/2023\/07\/Autosampoon_Autopesusampoon_Laikesampoon_Puhastussampoon_Autopesudetergent_Eksklusiivsampoon_Carlack_Car_Care_Shampoo.png","datePublished":"2023-05-30T10:00:39+00:00","dateModified":"2025-01-24T06:55:58+00:00","description":"Autopesushampoo, autohuolto, kiiltoshampoo ja kuivauksen apuaine. Sis\u00e4lt\u00e4\u00e4 22% pinta-aktiivisia aineita. Lakkaa, muoveja ja tiivisteit\u00e4 hoitavia ainesosia. Kest\u00e4v\u00e4 kiilto!","breadcrumb":{"@id":"https:\/\/maxolen.ee\/fi\/autokeemia\/liotus-ja-ulkopesu-washmax\/shampoopesu\/carlack-car-care-shampoo-autopesushampoo-autohuolto-ja-kiiltoshampoo-ainutlaatuisella-koostumuksella\/#breadcrumb"},"inLanguage":"fi","potentialAction":[{"@type":"ReadAction","target":["https:\/\/maxolen.ee\/fi\/autokeemia\/liotus-ja-ulkopesu-washmax\/shampoopesu\/carlack-car-care-shampoo-autopesushampoo-autohuolto-ja-kiiltoshampoo-ainutlaatuisella-koostumuksella\/"]}]},{"@type":"ImageObject","inLanguage":"fi","@id":"https:\/\/maxolen.ee\/fi\/autokeemia\/liotus-ja-ulkopesu-washmax\/shampoopesu\/carlack-car-care-shampoo-autopesushampoo-autohuolto-ja-kiiltoshampoo-ainutlaatuisella-koostumuksella\/#primaryimage","url":"https:\/\/maxolen.ee\/wp-content\/uploads\/2023\/07\/Autosampoon_Autopesusampoon_Laikesampoon_Puhastussampoon_Autopesudetergent_Eksklusiivsampoon_Carlack_Car_Care_Shampoo.png","contentUrl":"https:\/\/maxolen.ee\/wp-content\/uploads\/2023\/07\/Autosampoon_Autopesusampoon_Laikesampoon_Puhastussampoon_Autopesudetergent_Eksklusiivsampoon_Carlack_Car_Care_Shampoo.png","width":1000,"height":1167},{"@type":"BreadcrumbList","@id":"https:\/\/maxolen.ee\/fi\/autokeemia\/liotus-ja-ulkopesu-washmax\/shampoopesu\/carlack-car-care-shampoo-autopesushampoo-autohuolto-ja-kiiltoshampoo-ainutlaatuisella-koostumuksella\/#breadcrumb","itemListElement":[{"@type":"ListItem","position":1,"name":"Home","item":"https:\/\/maxolen.ee\/fi\/"},{"@type":"ListItem","position":2,"name":"Verkkokauppa","item":"https:\/\/maxolen.ee\/autokeemia\/"},{"@type":"ListItem","position":3,"name":"Liotus ja ulkopesu WashMax","item":"https:\/\/maxolen.ee\/fi\/profikeemia\/liotus-ja-ulkopesu-washmax\/"},{"@type":"ListItem","position":4,"name":"Shampoopesu","item":"https:\/\/maxolen.ee\/fi\/profikeemia\/liotus-ja-ulkopesu-washmax\/shampoopesu\/"},{"@type":"ListItem","position":5,"name":"Carlack Car Care Shampoo autopesushampoo kiiltoshampoo ainutlaatuisella koostumuksella"}]},{"@type":"WebSite","@id":"https:\/\/maxolen.ee\/fi\/#website","url":"https:\/\/maxolen.ee\/fi\/","name":"Maxolen","description":"Premium profikeemia \u0160veitsist","publisher":{"@id":"https:\/\/maxolen.ee\/fi\/#organization"},"potentialAction":[{"@type":"SearchAction","target":{"@type":"EntryPoint","urlTemplate":"https:\/\/maxolen.ee\/fi\/?s={search_term_string}"},"query-input":{"@type":"PropertyValueSpecification","valueRequired":true,"valueName":"search_term_string"}}],"inLanguage":"fi"},{"@type":"Organization","@id":"https:\/\/maxolen.ee\/fi\/#organization","name":"Maxolen","url":"https:\/\/maxolen.ee\/fi\/","logo":{"@type":"ImageObject","inLanguage":"fi","@id":"https:\/\/maxolen.ee\/fi\/#\/schema\/logo\/image\/","url":"https:\/\/maxolen.ee\/wp-content\/uploads\/2020\/01\/cropped-Maxolen_autokeemia_fav.png","contentUrl":"https:\/\/maxolen.ee\/wp-content\/uploads\/2020\/01\/cropped-Maxolen_autokeemia_fav.png","width":512,"height":512,"caption":"Maxolen"},"image":{"@id":"https:\/\/maxolen.ee\/fi\/#\/schema\/logo\/image\/"},"sameAs":["https:\/\/www.facebook.com\/MaxolenNord\/"]}]},"product_price_amount":"20.45","product_price_currency":"EUR","og_availability":"instock","product_availability":"instock","product_condition":"new"},"_links":{"self":[{"href":"https:\/\/maxolen.ee\/fi\/wp-json\/wp\/v2\/product\/13570","targetHints":{"allow":["GET"]}}],"collection":[{"href":"https:\/\/maxolen.ee\/fi\/wp-json\/wp\/v2\/product"}],"about":[{"href":"https:\/\/maxolen.ee\/fi\/wp-json\/wp\/v2\/types\/product"}],"wp:featuredmedia":[{"embeddable":true,"href":"https:\/\/maxolen.ee\/fi\/wp-json\/wp\/v2\/media\/12510"}],"wp:attachment":[{"href":"https:\/\/maxolen.ee\/fi\/wp-json\/wp\/v2\/media?parent=13570"}],"wp:term":[{"taxonomy":"product_brand","embeddable":true,"href":"https:\/\/maxolen.ee\/fi\/wp-json\/wp\/v2\/product_brand?post=13570"},{"taxonomy":"product_cat","embeddable":true,"href":"https:\/\/maxolen.ee\/fi\/wp-json\/wp\/v2\/product_cat?post=13570"},{"taxonomy":"product_tag","embeddable":true,"href":"https:\/\/maxolen.ee\/fi\/wp-json\/wp\/v2\/product_tag?post=13570"}],"curies":[{"name":"wp","href":"https:\/\/api.w.org\/{rel}","templated":true}]}}